{"id":2060,"date":"2015-03-16T17:27:35","date_gmt":"2015-03-16T16:27:35","guid":{"rendered":"http:\/\/www.tecnomovint.com\/?page_id=2060"},"modified":"2015-04-03T16:58:57","modified_gmt":"2015-04-03T14:58:57","slug":"gesellschaft","status":"publish","type":"page","link":"https:\/\/www.tecnomovint.com\/de\/gesellschaft\/","title":{"rendered":"GESELLSCHAFT"},"content":{"rendered":"<p align=\"left\"><span style=\"color: #003366;\"><strong>TECNOMOVINT<\/strong><\/span> ist Ausspruch von Qualit\u00e4t, Professionalit\u00e4t undSicherheit in der Hebe- und Transport- Industrie, die immer mehr wettbewerb und anspruchsvoll ist.<\/p>\n<p>Gegr\u00fcndet der 1\u00b0 September 1989, werk Heute von <span style=\"color: #003366;\"><strong>25 Jahren<\/strong><\/span> genie\u00dfen den Erfolg von den Experten und SicherheitTechnische in verschiedenen Firmen.<\/p>\n<p>Seit 24 Juli 2012 Gr\u00fcnder von das Gesch\u00e4ftsnetzwerk <span style=\"color: #003366;\"><strong>Tecnomovint Group<\/strong><\/span> ist und in Marz 2013hatden Zertifizierungsprozess <span style=\"color: #003366;\"><strong>UNI EN ISO 9001:2008<\/strong><\/span> fertiggestellt.<\/p>\n<p>Verf\u00fcgt \u00fcberfundierte Kenntnissevon <span style=\"color: #003366;\"><strong>Vorschriften<\/strong><\/span> und geltenden Normen bez\u00fcglich Sicherheit, und mit einem Team von spezialisiert Technischen bietet Unterst\u00fctzung sowohl in derAnlagenplanung wie in dieWartung.<\/p>\n<p>Bietet Angeboten in Echtzeitauf jedemangeforderte Produktundinsbesondere:<br \/>\n\u2022 <span style=\"color: #003366;\"><strong>Hebe-Zubeh\u00f6r <\/strong><\/span> wie metallic Seile, Kette, Hebeb\u00e4nder, Rundschlingen,Haken, Sch\u00e4kel, Spannschrauben, Ringschrauben und Ringmutter gemeinsam mit der entsprechenden EC Konformit\u00e4terkl\u00e4rung;<br \/>\n\u2022 <span style=\"color: #003366;\"><strong>Standard Einrichtungen<\/strong><\/span> wie RadioFernsteuerung, Magnete, Vakuumgerate,Dynamometer und Klemmer; und <span style=\"color: #003366;\"><strong>Spezielles Einrichtungen<\/strong><\/span> wie pers\u00f6nlich Heben Traverse, \u201eC\u201c Haken f\u00fcr Coils, pneumatische und \/oder elektromechanische Greifer, Kipper fur Coils und Heugabel, komplette technische Dokumentation unddreidimensionaleZeichnungen;<br \/>\n\u2022 <span style=\"color: #003366;\"><strong>Hebeanlagen<\/strong><\/span> sowohlmanuelle und elektrische wie Schwenkkran, Laufkran, Einschienenbahnen und aufgeh\u00e4ngt Anlagen, alle mit relativenElektroz\u00fcge.<\/p>\n<p><span style=\"color: #003366;\"><strong>TECNOMOVINT ZEICHNET SICH DURCH:<br \/>\n\u2022 EXCLUSIVE NUTZUNG VON MATERIALEN DER ERSTEN QUALITAT<br \/>\n\u2022 SCHNELL UND WIRKSAM ANRATEN<br \/>\n\u2022 ULTRA-FAST LIEFERUNG SERVICE<br \/>\n\u2022 EXCELLENT KUNDENDIENST AFTER SALES<\/strong><\/span><\/p>\n<p>&nbsp;<\/p>\n<h3><span style=\"color: #003366;\"><strong><img loading=\"lazy\" decoding=\"async\" style=\"float: left; margin-right: 10px;\" src=\"https:\/\/www.tecnomovint.com\/wp-content\/uploads\/2014\/07\/foto-azienda-300x177.jpg\" alt=\"foto-azienda\" width=\"280\" height=\"166\" \/>\u00a0 TECNOMOVINT:Schwerkraft nicht wiegt<\/strong><\/span><\/h3>\n","protected":false},"excerpt":{"rendered":"<p>TECNOMOVINT ist Ausspruch von Qualit\u00e4t, Professionalit\u00e4t undSicherheit in der Hebe- und Transport- Industrie, die immer mehr wettbewerb und anspruchsvoll ist. [&hellip;]<\/p>\n","protected":false},"author":3,"featured_media":0,"parent":0,"menu_order":0,"comment_status":"open","ping_status":"open","template":"","meta":{"footnotes":""},"yoast_head":"<!-- This site is optimized with the Yoast SEO plugin v22.9 - https:\/\/yoast.com\/wordpress\/plugins\/seo\/ -->\n<title>GESELLSCHAFT - Tecnomovint<\/title>\n<meta name=\"robots\" content=\"index, follow, max-snippet:-1, max-image-preview:large, max-video-preview:-1\" \/>\n<link rel=\"canonical\" href=\"https:\/\/www.tecnomovint.com\/de\/gesellschaft\/\" \/>\n<meta property=\"og:locale\" content=\"de_DE\" \/>\n<meta property=\"og:type\" content=\"article\" \/>\n<meta property=\"og:title\" content=\"GESELLSCHAFT - Tecnomovint\" \/>\n<meta property=\"og:description\" content=\"TECNOMOVINT ist Ausspruch von Qualit\u00e4t, Professionalit\u00e4t undSicherheit in der Hebe- und Transport- Industrie, die immer mehr wettbewerb und anspruchsvoll ist. [&hellip;]\" \/>\n<meta property=\"og:url\" content=\"https:\/\/www.tecnomovint.com\/de\/gesellschaft\/\" \/>\n<meta property=\"og:site_name\" content=\"Tecnomovint\" \/>\n<meta property=\"article:modified_time\" content=\"2015-04-03T14:58:57+00:00\" \/>\n<meta property=\"og:image\" content=\"https:\/\/www.tecnomovint.com\/wp-content\/uploads\/2014\/07\/foto-azienda-300x177.jpg\" \/>\n<meta name=\"twitter:card\" content=\"summary_large_image\" \/>\n<meta name=\"twitter:label1\" content=\"Gesch\u00e4tzte Lesezeit\" \/>\n\t<meta name=\"twitter:data1\" content=\"1\u00a0Minute\" \/>\n<script type=\"application\/ld+json\" class=\"yoast-schema-graph\">{\"@context\":\"https:\/\/schema.org\",\"@graph\":[{\"@type\":\"WebPage\",\"@id\":\"https:\/\/www.tecnomovint.com\/de\/gesellschaft\/\",\"url\":\"https:\/\/www.tecnomovint.com\/de\/gesellschaft\/\",\"name\":\"GESELLSCHAFT - Tecnomovint\",\"isPartOf\":{\"@id\":\"https:\/\/www.tecnomovint.com\/#website\"},\"primaryImageOfPage\":{\"@id\":\"https:\/\/www.tecnomovint.com\/de\/gesellschaft\/#primaryimage\"},\"image\":{\"@id\":\"https:\/\/www.tecnomovint.com\/de\/gesellschaft\/#primaryimage\"},\"thumbnailUrl\":\"https:\/\/www.tecnomovint.com\/wp-content\/uploads\/2014\/07\/foto-azienda-300x177.jpg\",\"datePublished\":\"2015-03-16T16:27:35+00:00\",\"dateModified\":\"2015-04-03T14:58:57+00:00\",\"breadcrumb\":{\"@id\":\"https:\/\/www.tecnomovint.com\/de\/gesellschaft\/#breadcrumb\"},\"inLanguage\":\"de\",\"potentialAction\":[{\"@type\":\"ReadAction\",\"target\":[\"https:\/\/www.tecnomovint.com\/de\/gesellschaft\/\"]}]},{\"@type\":\"ImageObject\",\"inLanguage\":\"de\",\"@id\":\"https:\/\/www.tecnomovint.com\/de\/gesellschaft\/#primaryimage\",\"url\":\"https:\/\/www.tecnomovint.com\/wp-content\/uploads\/2014\/07\/foto-azienda-300x177.jpg\",\"contentUrl\":\"https:\/\/www.tecnomovint.com\/wp-content\/uploads\/2014\/07\/foto-azienda-300x177.jpg\"},{\"@type\":\"BreadcrumbList\",\"@id\":\"https:\/\/www.tecnomovint.com\/de\/gesellschaft\/#breadcrumb\",\"itemListElement\":[{\"@type\":\"ListItem\",\"position\":1,\"name\":\"Home\",\"item\":\"https:\/\/www.tecnomovint.com\/\"},{\"@type\":\"ListItem\",\"position\":2,\"name\":\"GESELLSCHAFT\"}]},{\"@type\":\"WebSite\",\"@id\":\"https:\/\/www.tecnomovint.com\/#website\",\"url\":\"https:\/\/www.tecnomovint.com\/\",\"name\":\"Tecnomovint\",\"description\":\"Lifting solutions\",\"potentialAction\":[{\"@type\":\"SearchAction\",\"target\":{\"@type\":\"EntryPoint\",\"urlTemplate\":\"https:\/\/www.tecnomovint.com\/?s={search_term_string}\"},\"query-input\":\"required name=search_term_string\"}],\"inLanguage\":\"de\"}]}<\/script>\n<!-- \/ Yoast SEO plugin. -->","yoast_head_json":{"title":"GESELLSCHAFT - Tecnomovint","robots":{"index":"index","follow":"follow","max-snippet":"max-snippet:-1","max-image-preview":"max-image-preview:large","max-video-preview":"max-video-preview:-1"},"canonical":"https:\/\/www.tecnomovint.com\/de\/gesellschaft\/","og_locale":"de_DE","og_type":"article","og_title":"GESELLSCHAFT - Tecnomovint","og_description":"TECNOMOVINT ist Ausspruch von Qualit\u00e4t, Professionalit\u00e4t undSicherheit in der Hebe- und Transport- Industrie, die immer mehr wettbewerb und anspruchsvoll ist. [&hellip;]","og_url":"https:\/\/www.tecnomovint.com\/de\/gesellschaft\/","og_site_name":"Tecnomovint","article_modified_time":"2015-04-03T14:58:57+00:00","og_image":[{"url":"https:\/\/www.tecnomovint.com\/wp-content\/uploads\/2014\/07\/foto-azienda-300x177.jpg"}],"twitter_card":"summary_large_image","twitter_misc":{"Gesch\u00e4tzte Lesezeit":"1\u00a0Minute"},"schema":{"@context":"https:\/\/schema.org","@graph":[{"@type":"WebPage","@id":"https:\/\/www.tecnomovint.com\/de\/gesellschaft\/","url":"https:\/\/www.tecnomovint.com\/de\/gesellschaft\/","name":"GESELLSCHAFT - Tecnomovint","isPartOf":{"@id":"https:\/\/www.tecnomovint.com\/#website"},"primaryImageOfPage":{"@id":"https:\/\/www.tecnomovint.com\/de\/gesellschaft\/#primaryimage"},"image":{"@id":"https:\/\/www.tecnomovint.com\/de\/gesellschaft\/#primaryimage"},"thumbnailUrl":"https:\/\/www.tecnomovint.com\/wp-content\/uploads\/2014\/07\/foto-azienda-300x177.jpg","datePublished":"2015-03-16T16:27:35+00:00","dateModified":"2015-04-03T14:58:57+00:00","breadcrumb":{"@id":"https:\/\/www.tecnomovint.com\/de\/gesellschaft\/#breadcrumb"},"inLanguage":"de","potentialAction":[{"@type":"ReadAction","target":["https:\/\/www.tecnomovint.com\/de\/gesellschaft\/"]}]},{"@type":"ImageObject","inLanguage":"de","@id":"https:\/\/www.tecnomovint.com\/de\/gesellschaft\/#primaryimage","url":"https:\/\/www.tecnomovint.com\/wp-content\/uploads\/2014\/07\/foto-azienda-300x177.jpg","contentUrl":"https:\/\/www.tecnomovint.com\/wp-content\/uploads\/2014\/07\/foto-azienda-300x177.jpg"},{"@type":"BreadcrumbList","@id":"https:\/\/www.tecnomovint.com\/de\/gesellschaft\/#breadcrumb","itemListElement":[{"@type":"ListItem","position":1,"name":"Home","item":"https:\/\/www.tecnomovint.com\/"},{"@type":"ListItem","position":2,"name":"GESELLSCHAFT"}]},{"@type":"WebSite","@id":"https:\/\/www.tecnomovint.com\/#website","url":"https:\/\/www.tecnomovint.com\/","name":"Tecnomovint","description":"Lifting solutions","potentialAction":[{"@type":"SearchAction","target":{"@type":"EntryPoint","urlTemplate":"https:\/\/www.tecnomovint.com\/?s={search_term_string}"},"query-input":"required name=search_term_string"}],"inLanguage":"de"}]}},"_links":{"self":[{"href":"https:\/\/www.tecnomovint.com\/de\/wp-json\/wp\/v2\/pages\/2060"}],"collection":[{"href":"https:\/\/www.tecnomovint.com\/de\/wp-json\/wp\/v2\/pages"}],"about":[{"href":"https:\/\/www.tecnomovint.com\/de\/wp-json\/wp\/v2\/types\/page"}],"author":[{"embeddable":true,"href":"https:\/\/www.tecnomovint.com\/de\/wp-json\/wp\/v2\/users\/3"}],"replies":[{"embeddable":true,"href":"https:\/\/www.tecnomovint.com\/de\/wp-json\/wp\/v2\/comments?post=2060"}],"version-history":[{"count":2,"href":"https:\/\/www.tecnomovint.com\/de\/wp-json\/wp\/v2\/pages\/2060\/revisions"}],"predecessor-version":[{"id":2875,"href":"https:\/\/www.tecnomovint.com\/de\/wp-json\/wp\/v2\/pages\/2060\/revisions\/2875"}],"wp:attachment":[{"href":"https:\/\/www.tecnomovint.com\/de\/wp-json\/wp\/v2\/media?parent=2060"}],"curies":[{"name":"wp","href":"https:\/\/api.w.org\/{rel}","templated":true}]}}