{"id":2079,"date":"2015-03-17T14:19:14","date_gmt":"2015-03-17T13:19:14","guid":{"rendered":"http:\/\/www.tecnomovint.com\/?page_id=2079"},"modified":"2015-03-26T17:06:10","modified_gmt":"2015-03-26T16:06:10","slug":"sehr-oft-die-struktur","status":"publish","type":"page","link":"https:\/\/www.tecnomovint.com\/de\/sehr-oft-die-struktur\/","title":{"rendered":"LEBENSDAUER VON LAUFKRANE"},"content":{"rendered":"<p><img loading=\"lazy\" decoding=\"async\" style=\"float: left; margin-right: 10px;\" src=\"https:\/\/www.tecnomovint.com\/wp-content\/uploads\/2014\/07\/vita-residua-gru-ok-281x300.jpg\" alt=\"vita-residua-gru-ok\" width=\"281\" height=\"300\" \/><span style=\"color: #003366;\"><strong>Sehr oft die Struktur eines Kranes dauert l\u00e4nger seiner Teile.<\/strong><\/span><br \/>\nAlle Krane unterliegen <span style=\"color: #003366;\"><strong>Lastzyklen<\/strong><\/span>, n\u00e4mlich struktureller Erm\u00fcdung Erscheinungen. Jeder Kran wurde geboren, in seiner Planungsphase, zu einer maximalen Anzahl von Hebezyklen zu widerstehen, \u00fcber die hinaus nicht mehr das Anwesen gew\u00e4hrleistet. Tats\u00e4chlich mit der Folge von Hebezyklen, in die Strukturbauteile Erm\u00fcdungserscheinungen auftreten k\u00f6nnen. Dies bedeutet, dass in der Zeit kleinen L\u00e4sionen auf den Material erzeugen, auch nicht angezeigt mit blo\u00dfem Auge, die auf Jeden Hebezyklen gr\u00f6\u00dfer werden, letztendlich zum Bruch des Bauteils f\u00fchren, mit all den Schaden und die Gefahren dass eintreten k\u00f6nnen.<\/p>\n<p>Entsprechend Italienische Normen, Jenseits der zehnten Jahr der Vermarktung der Kran, der Hersteller nicht mehr verantwortlich f\u00fcr das Produkt ist (D.Lgs. 206\/2005 art. 106 DecadenzaComma 1). Daher ist es erforderlich eine Eignung Sch\u00e4tzung und die Lastzyklen Berechnungen ausf\u00fchren, nach der definierung die Klasse des Projektsund die realen Lebenzyklen, die Anzahl der Zyklendass die Krannoch inSicherheiterf\u00fcllen kann.<\/p>\n","protected":false},"excerpt":{"rendered":"<p>Sehr oft die Struktur eines Kranes dauert l\u00e4nger seiner Teile. Alle Krane unterliegen Lastzyklen, n\u00e4mlich struktureller Erm\u00fcdung Erscheinungen. Jeder Kran [&hellip;]<\/p>\n","protected":false},"author":3,"featured_media":0,"parent":0,"menu_order":0,"comment_status":"open","ping_status":"open","template":"","meta":{"footnotes":""},"yoast_head":"<!-- This site is optimized with the Yoast SEO plugin v22.9 - https:\/\/yoast.com\/wordpress\/plugins\/seo\/ -->\n<title>LEBENSDAUER VON LAUFKRANE - Tecnomovint<\/title>\n<meta name=\"robots\" content=\"index, follow, max-snippet:-1, max-image-preview:large, max-video-preview:-1\" \/>\n<link rel=\"canonical\" href=\"https:\/\/www.tecnomovint.com\/de\/sehr-oft-die-struktur\/\" \/>\n<meta property=\"og:locale\" content=\"de_DE\" \/>\n<meta property=\"og:type\" content=\"article\" \/>\n<meta property=\"og:title\" content=\"LEBENSDAUER VON LAUFKRANE - Tecnomovint\" \/>\n<meta property=\"og:description\" content=\"Sehr oft die Struktur eines Kranes dauert l\u00e4nger seiner Teile. Alle Krane unterliegen Lastzyklen, n\u00e4mlich struktureller Erm\u00fcdung Erscheinungen. Jeder Kran [&hellip;]\" \/>\n<meta property=\"og:url\" content=\"https:\/\/www.tecnomovint.com\/de\/sehr-oft-die-struktur\/\" \/>\n<meta property=\"og:site_name\" content=\"Tecnomovint\" \/>\n<meta property=\"article:modified_time\" content=\"2015-03-26T16:06:10+00:00\" \/>\n<meta property=\"og:image\" content=\"https:\/\/www.tecnomovint.com\/wp-content\/uploads\/2014\/07\/vita-residua-gru-ok-281x300.jpg\" \/>\n<meta name=\"twitter:card\" content=\"summary_large_image\" \/>\n<meta name=\"twitter:label1\" content=\"Gesch\u00e4tzte Lesezeit\" \/>\n\t<meta name=\"twitter:data1\" content=\"1\u00a0Minute\" \/>\n<script type=\"application\/ld+json\" class=\"yoast-schema-graph\">{\"@context\":\"https:\/\/schema.org\",\"@graph\":[{\"@type\":\"WebPage\",\"@id\":\"https:\/\/www.tecnomovint.com\/de\/sehr-oft-die-struktur\/\",\"url\":\"https:\/\/www.tecnomovint.com\/de\/sehr-oft-die-struktur\/\",\"name\":\"LEBENSDAUER VON LAUFKRANE - Tecnomovint\",\"isPartOf\":{\"@id\":\"https:\/\/www.tecnomovint.com\/#website\"},\"primaryImageOfPage\":{\"@id\":\"https:\/\/www.tecnomovint.com\/de\/sehr-oft-die-struktur\/#primaryimage\"},\"image\":{\"@id\":\"https:\/\/www.tecnomovint.com\/de\/sehr-oft-die-struktur\/#primaryimage\"},\"thumbnailUrl\":\"https:\/\/www.tecnomovint.com\/wp-content\/uploads\/2014\/07\/vita-residua-gru-ok-281x300.jpg\",\"datePublished\":\"2015-03-17T13:19:14+00:00\",\"dateModified\":\"2015-03-26T16:06:10+00:00\",\"breadcrumb\":{\"@id\":\"https:\/\/www.tecnomovint.com\/de\/sehr-oft-die-struktur\/#breadcrumb\"},\"inLanguage\":\"de\",\"potentialAction\":[{\"@type\":\"ReadAction\",\"target\":[\"https:\/\/www.tecnomovint.com\/de\/sehr-oft-die-struktur\/\"]}]},{\"@type\":\"ImageObject\",\"inLanguage\":\"de\",\"@id\":\"https:\/\/www.tecnomovint.com\/de\/sehr-oft-die-struktur\/#primaryimage\",\"url\":\"https:\/\/www.tecnomovint.com\/wp-content\/uploads\/2014\/07\/vita-residua-gru-ok-281x300.jpg\",\"contentUrl\":\"https:\/\/www.tecnomovint.com\/wp-content\/uploads\/2014\/07\/vita-residua-gru-ok-281x300.jpg\"},{\"@type\":\"BreadcrumbList\",\"@id\":\"https:\/\/www.tecnomovint.com\/de\/sehr-oft-die-struktur\/#breadcrumb\",\"itemListElement\":[{\"@type\":\"ListItem\",\"position\":1,\"name\":\"Home\",\"item\":\"https:\/\/www.tecnomovint.com\/\"},{\"@type\":\"ListItem\",\"position\":2,\"name\":\"LEBENSDAUER VON LAUFKRANE\"}]},{\"@type\":\"WebSite\",\"@id\":\"https:\/\/www.tecnomovint.com\/#website\",\"url\":\"https:\/\/www.tecnomovint.com\/\",\"name\":\"Tecnomovint\",\"description\":\"Lifting solutions\",\"potentialAction\":[{\"@type\":\"SearchAction\",\"target\":{\"@type\":\"EntryPoint\",\"urlTemplate\":\"https:\/\/www.tecnomovint.com\/?s={search_term_string}\"},\"query-input\":\"required name=search_term_string\"}],\"inLanguage\":\"de\"}]}<\/script>\n<!-- \/ Yoast SEO plugin. -->","yoast_head_json":{"title":"LEBENSDAUER VON LAUFKRANE - Tecnomovint","robots":{"index":"index","follow":"follow","max-snippet":"max-snippet:-1","max-image-preview":"max-image-preview:large","max-video-preview":"max-video-preview:-1"},"canonical":"https:\/\/www.tecnomovint.com\/de\/sehr-oft-die-struktur\/","og_locale":"de_DE","og_type":"article","og_title":"LEBENSDAUER VON LAUFKRANE - Tecnomovint","og_description":"Sehr oft die Struktur eines Kranes dauert l\u00e4nger seiner Teile. Alle Krane unterliegen Lastzyklen, n\u00e4mlich struktureller Erm\u00fcdung Erscheinungen. Jeder Kran [&hellip;]","og_url":"https:\/\/www.tecnomovint.com\/de\/sehr-oft-die-struktur\/","og_site_name":"Tecnomovint","article_modified_time":"2015-03-26T16:06:10+00:00","og_image":[{"url":"https:\/\/www.tecnomovint.com\/wp-content\/uploads\/2014\/07\/vita-residua-gru-ok-281x300.jpg"}],"twitter_card":"summary_large_image","twitter_misc":{"Gesch\u00e4tzte Lesezeit":"1\u00a0Minute"},"schema":{"@context":"https:\/\/schema.org","@graph":[{"@type":"WebPage","@id":"https:\/\/www.tecnomovint.com\/de\/sehr-oft-die-struktur\/","url":"https:\/\/www.tecnomovint.com\/de\/sehr-oft-die-struktur\/","name":"LEBENSDAUER VON LAUFKRANE - Tecnomovint","isPartOf":{"@id":"https:\/\/www.tecnomovint.com\/#website"},"primaryImageOfPage":{"@id":"https:\/\/www.tecnomovint.com\/de\/sehr-oft-die-struktur\/#primaryimage"},"image":{"@id":"https:\/\/www.tecnomovint.com\/de\/sehr-oft-die-struktur\/#primaryimage"},"thumbnailUrl":"https:\/\/www.tecnomovint.com\/wp-content\/uploads\/2014\/07\/vita-residua-gru-ok-281x300.jpg","datePublished":"2015-03-17T13:19:14+00:00","dateModified":"2015-03-26T16:06:10+00:00","breadcrumb":{"@id":"https:\/\/www.tecnomovint.com\/de\/sehr-oft-die-struktur\/#breadcrumb"},"inLanguage":"de","potentialAction":[{"@type":"ReadAction","target":["https:\/\/www.tecnomovint.com\/de\/sehr-oft-die-struktur\/"]}]},{"@type":"ImageObject","inLanguage":"de","@id":"https:\/\/www.tecnomovint.com\/de\/sehr-oft-die-struktur\/#primaryimage","url":"https:\/\/www.tecnomovint.com\/wp-content\/uploads\/2014\/07\/vita-residua-gru-ok-281x300.jpg","contentUrl":"https:\/\/www.tecnomovint.com\/wp-content\/uploads\/2014\/07\/vita-residua-gru-ok-281x300.jpg"},{"@type":"BreadcrumbList","@id":"https:\/\/www.tecnomovint.com\/de\/sehr-oft-die-struktur\/#breadcrumb","itemListElement":[{"@type":"ListItem","position":1,"name":"Home","item":"https:\/\/www.tecnomovint.com\/"},{"@type":"ListItem","position":2,"name":"LEBENSDAUER VON LAUFKRANE"}]},{"@type":"WebSite","@id":"https:\/\/www.tecnomovint.com\/#website","url":"https:\/\/www.tecnomovint.com\/","name":"Tecnomovint","description":"Lifting solutions","potentialAction":[{"@type":"SearchAction","target":{"@type":"EntryPoint","urlTemplate":"https:\/\/www.tecnomovint.com\/?s={search_term_string}"},"query-input":"required name=search_term_string"}],"inLanguage":"de"}]}},"_links":{"self":[{"href":"https:\/\/www.tecnomovint.com\/de\/wp-json\/wp\/v2\/pages\/2079"}],"collection":[{"href":"https:\/\/www.tecnomovint.com\/de\/wp-json\/wp\/v2\/pages"}],"about":[{"href":"https:\/\/www.tecnomovint.com\/de\/wp-json\/wp\/v2\/types\/page"}],"author":[{"embeddable":true,"href":"https:\/\/www.tecnomovint.com\/de\/wp-json\/wp\/v2\/users\/3"}],"replies":[{"embeddable":true,"href":"https:\/\/www.tecnomovint.com\/de\/wp-json\/wp\/v2\/comments?post=2079"}],"version-history":[{"count":3,"href":"https:\/\/www.tecnomovint.com\/de\/wp-json\/wp\/v2\/pages\/2079\/revisions"}],"predecessor-version":[{"id":2361,"href":"https:\/\/www.tecnomovint.com\/de\/wp-json\/wp\/v2\/pages\/2079\/revisions\/2361"}],"wp:attachment":[{"href":"https:\/\/www.tecnomovint.com\/de\/wp-json\/wp\/v2\/media?parent=2079"}],"curies":[{"name":"wp","href":"https:\/\/api.w.org\/{rel}","templated":true}]}}