{"id":2100,"date":"2015-03-17T14:16:43","date_gmt":"2015-03-17T13:16:43","guid":{"rendered":"http:\/\/www.tecnomovint.com\/?page_id=2100"},"modified":"2015-03-17T14:16:43","modified_gmt":"2015-03-17T13:16:43","slug":"after-sales-service","status":"publish","type":"page","link":"https:\/\/www.tecnomovint.com\/de\/after-sales-service\/","title":{"rendered":"AFTER-SALES SERVICE"},"content":{"rendered":"<p><a href=\"https:\/\/www.tecnomovint.com\/wp-content\/uploads\/2014\/12\/ASSISTENZA-POST-VENDITA.jpg\"><img loading=\"lazy\" decoding=\"async\" class=\"alignleft size-full wp-image-1541\" src=\"https:\/\/www.tecnomovint.com\/wp-content\/uploads\/2014\/12\/ASSISTENZA-POST-VENDITA.jpg\" alt=\"ASSISTENZA POST VENDITA\" width=\"375\" height=\"250\" srcset=\"https:\/\/www.tecnomovint.com\/wp-content\/uploads\/2014\/12\/ASSISTENZA-POST-VENDITA.jpg 375w, https:\/\/www.tecnomovint.com\/wp-content\/uploads\/2014\/12\/ASSISTENZA-POST-VENDITA-300x200.jpg 300w, https:\/\/www.tecnomovint.com\/wp-content\/uploads\/2014\/12\/ASSISTENZA-POST-VENDITA-24x16.jpg 24w, https:\/\/www.tecnomovint.com\/wp-content\/uploads\/2014\/12\/ASSISTENZA-POST-VENDITA-36x24.jpg 36w, https:\/\/www.tecnomovint.com\/wp-content\/uploads\/2014\/12\/ASSISTENZA-POST-VENDITA-48x32.jpg 48w\" sizes=\"(max-width: 375px) 100vw, 375px\" \/><\/a><\/p>\n<p>Wir bieten eine rechtzeitig und qualifiziert Unterst\u00fctzung: unsere spezialisiert Techniker sind zu Ihrer Verf\u00fcgung f\u00fcr Diagnose und Reparatur von Ausfall zu machen.Mit dem Wert der Zusammenarbeitund Flexibilit\u00e4t, Wir werden wirksame L\u00f6sungen zu findenum alle Ihre Bed\u00fcrfnisse.In unsere After-salesservice arbeiten wir auch in die verbleibende Lebensdauer von Laufkrane und in die Meldungen an den zust\u00e4ndigen Organen.<\/p>\n","protected":false},"excerpt":{"rendered":"<p>Wir bieten eine rechtzeitig und qualifiziert Unterst\u00fctzung: unsere spezialisiert Techniker sind zu Ihrer Verf\u00fcgung f\u00fcr Diagnose und Reparatur von Ausfall [&hellip;]<\/p>\n","protected":false},"author":3,"featured_media":0,"parent":0,"menu_order":0,"comment_status":"open","ping_status":"open","template":"","meta":{"footnotes":""},"yoast_head":"<!-- This site is optimized with the Yoast SEO plugin v22.9 - https:\/\/yoast.com\/wordpress\/plugins\/seo\/ -->\n<title>AFTER-SALES SERVICE - Tecnomovint<\/title>\n<meta name=\"robots\" content=\"index, follow, max-snippet:-1, max-image-preview:large, max-video-preview:-1\" \/>\n<link rel=\"canonical\" href=\"https:\/\/www.tecnomovint.com\/de\/after-sales-service\/\" \/>\n<meta property=\"og:locale\" content=\"de_DE\" \/>\n<meta property=\"og:type\" content=\"article\" \/>\n<meta property=\"og:title\" content=\"AFTER-SALES SERVICE - Tecnomovint\" \/>\n<meta property=\"og:description\" content=\"Wir bieten eine rechtzeitig und qualifiziert Unterst\u00fctzung: unsere spezialisiert Techniker sind zu Ihrer Verf\u00fcgung f\u00fcr Diagnose und Reparatur von Ausfall [&hellip;]\" \/>\n<meta property=\"og:url\" content=\"https:\/\/www.tecnomovint.com\/de\/after-sales-service\/\" \/>\n<meta property=\"og:site_name\" content=\"Tecnomovint\" \/>\n<meta property=\"og:image\" content=\"https:\/\/www.tecnomovint.com\/wp-content\/uploads\/2014\/12\/ASSISTENZA-POST-VENDITA.jpg\" \/>\n<meta name=\"twitter:card\" content=\"summary_large_image\" \/>\n<script type=\"application\/ld+json\" class=\"yoast-schema-graph\">{\"@context\":\"https:\/\/schema.org\",\"@graph\":[{\"@type\":\"WebPage\",\"@id\":\"https:\/\/www.tecnomovint.com\/de\/after-sales-service\/\",\"url\":\"https:\/\/www.tecnomovint.com\/de\/after-sales-service\/\",\"name\":\"AFTER-SALES SERVICE - Tecnomovint\",\"isPartOf\":{\"@id\":\"https:\/\/www.tecnomovint.com\/#website\"},\"primaryImageOfPage\":{\"@id\":\"https:\/\/www.tecnomovint.com\/de\/after-sales-service\/#primaryimage\"},\"image\":{\"@id\":\"https:\/\/www.tecnomovint.com\/de\/after-sales-service\/#primaryimage\"},\"thumbnailUrl\":\"https:\/\/www.tecnomovint.com\/wp-content\/uploads\/2014\/12\/ASSISTENZA-POST-VENDITA.jpg\",\"datePublished\":\"2015-03-17T13:16:43+00:00\",\"dateModified\":\"2015-03-17T13:16:43+00:00\",\"breadcrumb\":{\"@id\":\"https:\/\/www.tecnomovint.com\/de\/after-sales-service\/#breadcrumb\"},\"inLanguage\":\"de\",\"potentialAction\":[{\"@type\":\"ReadAction\",\"target\":[\"https:\/\/www.tecnomovint.com\/de\/after-sales-service\/\"]}]},{\"@type\":\"ImageObject\",\"inLanguage\":\"de\",\"@id\":\"https:\/\/www.tecnomovint.com\/de\/after-sales-service\/#primaryimage\",\"url\":\"https:\/\/www.tecnomovint.com\/wp-content\/uploads\/2014\/12\/ASSISTENZA-POST-VENDITA.jpg\",\"contentUrl\":\"https:\/\/www.tecnomovint.com\/wp-content\/uploads\/2014\/12\/ASSISTENZA-POST-VENDITA.jpg\"},{\"@type\":\"BreadcrumbList\",\"@id\":\"https:\/\/www.tecnomovint.com\/de\/after-sales-service\/#breadcrumb\",\"itemListElement\":[{\"@type\":\"ListItem\",\"position\":1,\"name\":\"Home\",\"item\":\"https:\/\/www.tecnomovint.com\/\"},{\"@type\":\"ListItem\",\"position\":2,\"name\":\"AFTER-SALES SERVICE\"}]},{\"@type\":\"WebSite\",\"@id\":\"https:\/\/www.tecnomovint.com\/#website\",\"url\":\"https:\/\/www.tecnomovint.com\/\",\"name\":\"Tecnomovint\",\"description\":\"Lifting solutions\",\"potentialAction\":[{\"@type\":\"SearchAction\",\"target\":{\"@type\":\"EntryPoint\",\"urlTemplate\":\"https:\/\/www.tecnomovint.com\/?s={search_term_string}\"},\"query-input\":\"required name=search_term_string\"}],\"inLanguage\":\"de\"}]}<\/script>\n<!-- \/ Yoast SEO plugin. -->","yoast_head_json":{"title":"AFTER-SALES SERVICE - Tecnomovint","robots":{"index":"index","follow":"follow","max-snippet":"max-snippet:-1","max-image-preview":"max-image-preview:large","max-video-preview":"max-video-preview:-1"},"canonical":"https:\/\/www.tecnomovint.com\/de\/after-sales-service\/","og_locale":"de_DE","og_type":"article","og_title":"AFTER-SALES SERVICE - Tecnomovint","og_description":"Wir bieten eine rechtzeitig und qualifiziert Unterst\u00fctzung: unsere spezialisiert Techniker sind zu Ihrer Verf\u00fcgung f\u00fcr Diagnose und Reparatur von Ausfall [&hellip;]","og_url":"https:\/\/www.tecnomovint.com\/de\/after-sales-service\/","og_site_name":"Tecnomovint","og_image":[{"url":"https:\/\/www.tecnomovint.com\/wp-content\/uploads\/2014\/12\/ASSISTENZA-POST-VENDITA.jpg"}],"twitter_card":"summary_large_image","schema":{"@context":"https:\/\/schema.org","@graph":[{"@type":"WebPage","@id":"https:\/\/www.tecnomovint.com\/de\/after-sales-service\/","url":"https:\/\/www.tecnomovint.com\/de\/after-sales-service\/","name":"AFTER-SALES SERVICE - Tecnomovint","isPartOf":{"@id":"https:\/\/www.tecnomovint.com\/#website"},"primaryImageOfPage":{"@id":"https:\/\/www.tecnomovint.com\/de\/after-sales-service\/#primaryimage"},"image":{"@id":"https:\/\/www.tecnomovint.com\/de\/after-sales-service\/#primaryimage"},"thumbnailUrl":"https:\/\/www.tecnomovint.com\/wp-content\/uploads\/2014\/12\/ASSISTENZA-POST-VENDITA.jpg","datePublished":"2015-03-17T13:16:43+00:00","dateModified":"2015-03-17T13:16:43+00:00","breadcrumb":{"@id":"https:\/\/www.tecnomovint.com\/de\/after-sales-service\/#breadcrumb"},"inLanguage":"de","potentialAction":[{"@type":"ReadAction","target":["https:\/\/www.tecnomovint.com\/de\/after-sales-service\/"]}]},{"@type":"ImageObject","inLanguage":"de","@id":"https:\/\/www.tecnomovint.com\/de\/after-sales-service\/#primaryimage","url":"https:\/\/www.tecnomovint.com\/wp-content\/uploads\/2014\/12\/ASSISTENZA-POST-VENDITA.jpg","contentUrl":"https:\/\/www.tecnomovint.com\/wp-content\/uploads\/2014\/12\/ASSISTENZA-POST-VENDITA.jpg"},{"@type":"BreadcrumbList","@id":"https:\/\/www.tecnomovint.com\/de\/after-sales-service\/#breadcrumb","itemListElement":[{"@type":"ListItem","position":1,"name":"Home","item":"https:\/\/www.tecnomovint.com\/"},{"@type":"ListItem","position":2,"name":"AFTER-SALES SERVICE"}]},{"@type":"WebSite","@id":"https:\/\/www.tecnomovint.com\/#website","url":"https:\/\/www.tecnomovint.com\/","name":"Tecnomovint","description":"Lifting solutions","potentialAction":[{"@type":"SearchAction","target":{"@type":"EntryPoint","urlTemplate":"https:\/\/www.tecnomovint.com\/?s={search_term_string}"},"query-input":"required name=search_term_string"}],"inLanguage":"de"}]}},"_links":{"self":[{"href":"https:\/\/www.tecnomovint.com\/de\/wp-json\/wp\/v2\/pages\/2100"}],"collection":[{"href":"https:\/\/www.tecnomovint.com\/de\/wp-json\/wp\/v2\/pages"}],"about":[{"href":"https:\/\/www.tecnomovint.com\/de\/wp-json\/wp\/v2\/types\/page"}],"author":[{"embeddable":true,"href":"https:\/\/www.tecnomovint.com\/de\/wp-json\/wp\/v2\/users\/3"}],"replies":[{"embeddable":true,"href":"https:\/\/www.tecnomovint.com\/de\/wp-json\/wp\/v2\/comments?post=2100"}],"version-history":[{"count":1,"href":"https:\/\/www.tecnomovint.com\/de\/wp-json\/wp\/v2\/pages\/2100\/revisions"}],"predecessor-version":[{"id":2101,"href":"https:\/\/www.tecnomovint.com\/de\/wp-json\/wp\/v2\/pages\/2100\/revisions\/2101"}],"wp:attachment":[{"href":"https:\/\/www.tecnomovint.com\/de\/wp-json\/wp\/v2\/media?parent=2100"}],"curies":[{"name":"wp","href":"https:\/\/api.w.org\/{rel}","templated":true}]}}