{"id":2106,"date":"2015-03-17T14:18:11","date_gmt":"2015-03-17T13:18:11","guid":{"rendered":"http:\/\/www.tecnomovint.com\/?page_id=2106"},"modified":"2015-07-21T16:55:21","modified_gmt":"2015-07-21T14:55:21","slug":"geplante-wartung-hebegerate","status":"publish","type":"page","link":"https:\/\/www.tecnomovint.com\/de\/geplante-wartung-hebegerate\/","title":{"rendered":"GEPLANTE WARTUNG HEBEGER\u00c4TE"},"content":{"rendered":"<p><img loading=\"lazy\" decoding=\"async\" style=\"float: left; margin-right: 10px;\" src=\"https:\/\/www.tecnomovint.com\/wp-content\/uploads\/2014\/12\/MANUTENZIONE-SG.jpg\" alt=\"\" width=\"375\" height=\"250\" \/><\/p>\n\n\t\t<style type='text\/css'>\n\t\t\t#gallery-1 {\n\t\t\t\tmargin: auto;\n\t\t\t}\n\t\t\t#gallery-1 .gallery-item {\n\t\t\t\tfloat: left;\n\t\t\t\tmargin-top: 10px;\n\t\t\t\ttext-align: center;\n\t\t\t\twidth: 33%;\n\t\t\t}\n\t\t\t#gallery-1 img {\n\t\t\t\tborder: 2px solid #cfcfcf;\n\t\t\t}\n\t\t\t#gallery-1 .gallery-caption {\n\t\t\t\tmargin-left: 0;\n\t\t\t}\n\t\t\t\/* see gallery_shortcode() in wp-includes\/media.php *\/\n\t\t<\/style>\n\t\t<div id='gallery-1' class='gallery galleryid-2106 gallery-columns-3 gallery-size-large'><dl class='gallery-item'>\n\t\t\t<dt class='gallery-icon portrait'>\n\t\t\t\t<a rel='prettyPhoto[pp_gal]' title='' href='https:\/\/www.tecnomovint.com\/wp-content\/uploads\/2014\/12\/legenda-adesivi-manutenzione-periodica.jpg' ><img loading=\"lazy\" decoding=\"async\" width=\"150\" height=\"150\" src=\"https:\/\/www.tecnomovint.com\/wp-content\/uploads\/2014\/12\/legenda-adesivi-manutenzione-periodica-150x150.jpg\" class=\"img-responsive\" alt=\"\" \/><\/a>\n\t\t\t<\/dt><\/dl>\n\t\t\t<br style='clear: both' \/>\n\t\t<\/div>\n\n<p>Um unseren Kunden zu erleichtern, \u00fcber die erf\u00fcllung von Verpflichtung f\u00fcr Verh\u00fctung von Arbeitsunf\u00e4llen Vorschriften (D.lgs 81\/08 \u2013 und Aktualisierung von Mai 2014) wir bieten eine viertelj\u00e4hrlich Dienstleistung f\u00fcr alle Hebe -Zubeh\u00f6ren und \u2013Einrichtungen. Die geplante Wartungen an Hebeger\u00e4te wirdenorganisiert nach Ihren Bed\u00fcrfnissen.<\/p>\n","protected":false},"excerpt":{"rendered":"<p>Um unseren Kunden zu erleichtern, \u00fcber die erf\u00fcllung von Verpflichtung f\u00fcr Verh\u00fctung von Arbeitsunf\u00e4llen Vorschriften (D.lgs 81\/08 \u2013 und Aktualisierung [&hellip;]<\/p>\n","protected":false},"author":3,"featured_media":0,"parent":0,"menu_order":0,"comment_status":"open","ping_status":"open","template":"","meta":{"footnotes":""},"yoast_head":"<!-- This site is optimized with the Yoast SEO plugin v22.9 - https:\/\/yoast.com\/wordpress\/plugins\/seo\/ -->\n<title>GEPLANTE WARTUNG HEBEGER\u00c4TE - Tecnomovint<\/title>\n<meta name=\"robots\" content=\"index, follow, max-snippet:-1, max-image-preview:large, max-video-preview:-1\" \/>\n<link rel=\"canonical\" href=\"https:\/\/www.tecnomovint.com\/de\/geplante-wartung-hebegerate\/\" \/>\n<meta property=\"og:locale\" content=\"de_DE\" \/>\n<meta property=\"og:type\" content=\"article\" \/>\n<meta property=\"og:title\" content=\"GEPLANTE WARTUNG HEBEGER\u00c4TE - Tecnomovint\" \/>\n<meta property=\"og:description\" content=\"Um unseren Kunden zu erleichtern, \u00fcber die erf\u00fcllung von Verpflichtung f\u00fcr Verh\u00fctung von Arbeitsunf\u00e4llen Vorschriften (D.lgs 81\/08 \u2013 und Aktualisierung [&hellip;]\" \/>\n<meta property=\"og:url\" content=\"https:\/\/www.tecnomovint.com\/de\/geplante-wartung-hebegerate\/\" \/>\n<meta property=\"og:site_name\" content=\"Tecnomovint\" \/>\n<meta property=\"article:modified_time\" content=\"2015-07-21T14:55:21+00:00\" \/>\n<meta property=\"og:image\" content=\"https:\/\/www.tecnomovint.com\/wp-content\/uploads\/2014\/12\/legenda-adesivi-manutenzione-periodica-150x150.jpg\" \/>\n<meta name=\"twitter:card\" content=\"summary_large_image\" \/>\n<script type=\"application\/ld+json\" class=\"yoast-schema-graph\">{\"@context\":\"https:\/\/schema.org\",\"@graph\":[{\"@type\":\"WebPage\",\"@id\":\"https:\/\/www.tecnomovint.com\/de\/geplante-wartung-hebegerate\/\",\"url\":\"https:\/\/www.tecnomovint.com\/de\/geplante-wartung-hebegerate\/\",\"name\":\"GEPLANTE WARTUNG HEBEGER\u00c4TE - Tecnomovint\",\"isPartOf\":{\"@id\":\"https:\/\/www.tecnomovint.com\/#website\"},\"primaryImageOfPage\":{\"@id\":\"https:\/\/www.tecnomovint.com\/de\/geplante-wartung-hebegerate\/#primaryimage\"},\"image\":{\"@id\":\"https:\/\/www.tecnomovint.com\/de\/geplante-wartung-hebegerate\/#primaryimage\"},\"thumbnailUrl\":\"https:\/\/www.tecnomovint.com\/wp-content\/uploads\/2014\/12\/MANUTENZIONE-SG.jpg\",\"datePublished\":\"2015-03-17T13:18:11+00:00\",\"dateModified\":\"2015-07-21T14:55:21+00:00\",\"breadcrumb\":{\"@id\":\"https:\/\/www.tecnomovint.com\/de\/geplante-wartung-hebegerate\/#breadcrumb\"},\"inLanguage\":\"de\",\"potentialAction\":[{\"@type\":\"ReadAction\",\"target\":[\"https:\/\/www.tecnomovint.com\/de\/geplante-wartung-hebegerate\/\"]}]},{\"@type\":\"ImageObject\",\"inLanguage\":\"de\",\"@id\":\"https:\/\/www.tecnomovint.com\/de\/geplante-wartung-hebegerate\/#primaryimage\",\"url\":\"https:\/\/www.tecnomovint.com\/wp-content\/uploads\/2014\/12\/MANUTENZIONE-SG.jpg\",\"contentUrl\":\"https:\/\/www.tecnomovint.com\/wp-content\/uploads\/2014\/12\/MANUTENZIONE-SG.jpg\"},{\"@type\":\"BreadcrumbList\",\"@id\":\"https:\/\/www.tecnomovint.com\/de\/geplante-wartung-hebegerate\/#breadcrumb\",\"itemListElement\":[{\"@type\":\"ListItem\",\"position\":1,\"name\":\"Home\",\"item\":\"https:\/\/www.tecnomovint.com\/\"},{\"@type\":\"ListItem\",\"position\":2,\"name\":\"GEPLANTE WARTUNG HEBEGER\u00c4TE\"}]},{\"@type\":\"WebSite\",\"@id\":\"https:\/\/www.tecnomovint.com\/#website\",\"url\":\"https:\/\/www.tecnomovint.com\/\",\"name\":\"Tecnomovint\",\"description\":\"Lifting solutions\",\"potentialAction\":[{\"@type\":\"SearchAction\",\"target\":{\"@type\":\"EntryPoint\",\"urlTemplate\":\"https:\/\/www.tecnomovint.com\/?s={search_term_string}\"},\"query-input\":\"required name=search_term_string\"}],\"inLanguage\":\"de\"}]}<\/script>\n<!-- \/ Yoast SEO plugin. -->","yoast_head_json":{"title":"GEPLANTE WARTUNG HEBEGER\u00c4TE - Tecnomovint","robots":{"index":"index","follow":"follow","max-snippet":"max-snippet:-1","max-image-preview":"max-image-preview:large","max-video-preview":"max-video-preview:-1"},"canonical":"https:\/\/www.tecnomovint.com\/de\/geplante-wartung-hebegerate\/","og_locale":"de_DE","og_type":"article","og_title":"GEPLANTE WARTUNG HEBEGER\u00c4TE - Tecnomovint","og_description":"Um unseren Kunden zu erleichtern, \u00fcber die erf\u00fcllung von Verpflichtung f\u00fcr Verh\u00fctung von Arbeitsunf\u00e4llen Vorschriften (D.lgs 81\/08 \u2013 und Aktualisierung [&hellip;]","og_url":"https:\/\/www.tecnomovint.com\/de\/geplante-wartung-hebegerate\/","og_site_name":"Tecnomovint","article_modified_time":"2015-07-21T14:55:21+00:00","og_image":[{"url":"https:\/\/www.tecnomovint.com\/wp-content\/uploads\/2014\/12\/legenda-adesivi-manutenzione-periodica-150x150.jpg"}],"twitter_card":"summary_large_image","schema":{"@context":"https:\/\/schema.org","@graph":[{"@type":"WebPage","@id":"https:\/\/www.tecnomovint.com\/de\/geplante-wartung-hebegerate\/","url":"https:\/\/www.tecnomovint.com\/de\/geplante-wartung-hebegerate\/","name":"GEPLANTE WARTUNG HEBEGER\u00c4TE - Tecnomovint","isPartOf":{"@id":"https:\/\/www.tecnomovint.com\/#website"},"primaryImageOfPage":{"@id":"https:\/\/www.tecnomovint.com\/de\/geplante-wartung-hebegerate\/#primaryimage"},"image":{"@id":"https:\/\/www.tecnomovint.com\/de\/geplante-wartung-hebegerate\/#primaryimage"},"thumbnailUrl":"https:\/\/www.tecnomovint.com\/wp-content\/uploads\/2014\/12\/MANUTENZIONE-SG.jpg","datePublished":"2015-03-17T13:18:11+00:00","dateModified":"2015-07-21T14:55:21+00:00","breadcrumb":{"@id":"https:\/\/www.tecnomovint.com\/de\/geplante-wartung-hebegerate\/#breadcrumb"},"inLanguage":"de","potentialAction":[{"@type":"ReadAction","target":["https:\/\/www.tecnomovint.com\/de\/geplante-wartung-hebegerate\/"]}]},{"@type":"ImageObject","inLanguage":"de","@id":"https:\/\/www.tecnomovint.com\/de\/geplante-wartung-hebegerate\/#primaryimage","url":"https:\/\/www.tecnomovint.com\/wp-content\/uploads\/2014\/12\/MANUTENZIONE-SG.jpg","contentUrl":"https:\/\/www.tecnomovint.com\/wp-content\/uploads\/2014\/12\/MANUTENZIONE-SG.jpg"},{"@type":"BreadcrumbList","@id":"https:\/\/www.tecnomovint.com\/de\/geplante-wartung-hebegerate\/#breadcrumb","itemListElement":[{"@type":"ListItem","position":1,"name":"Home","item":"https:\/\/www.tecnomovint.com\/"},{"@type":"ListItem","position":2,"name":"GEPLANTE WARTUNG HEBEGER\u00c4TE"}]},{"@type":"WebSite","@id":"https:\/\/www.tecnomovint.com\/#website","url":"https:\/\/www.tecnomovint.com\/","name":"Tecnomovint","description":"Lifting solutions","potentialAction":[{"@type":"SearchAction","target":{"@type":"EntryPoint","urlTemplate":"https:\/\/www.tecnomovint.com\/?s={search_term_string}"},"query-input":"required name=search_term_string"}],"inLanguage":"de"}]}},"_links":{"self":[{"href":"https:\/\/www.tecnomovint.com\/de\/wp-json\/wp\/v2\/pages\/2106"}],"collection":[{"href":"https:\/\/www.tecnomovint.com\/de\/wp-json\/wp\/v2\/pages"}],"about":[{"href":"https:\/\/www.tecnomovint.com\/de\/wp-json\/wp\/v2\/types\/page"}],"author":[{"embeddable":true,"href":"https:\/\/www.tecnomovint.com\/de\/wp-json\/wp\/v2\/users\/3"}],"replies":[{"embeddable":true,"href":"https:\/\/www.tecnomovint.com\/de\/wp-json\/wp\/v2\/comments?post=2106"}],"version-history":[{"count":2,"href":"https:\/\/www.tecnomovint.com\/de\/wp-json\/wp\/v2\/pages\/2106\/revisions"}],"predecessor-version":[{"id":3357,"href":"https:\/\/www.tecnomovint.com\/de\/wp-json\/wp\/v2\/pages\/2106\/revisions\/3357"}],"wp:attachment":[{"href":"https:\/\/www.tecnomovint.com\/de\/wp-json\/wp\/v2\/media?parent=2106"}],"curies":[{"name":"wp","href":"https:\/\/api.w.org\/{rel}","templated":true}]}}