{"id":2108,"date":"2015-03-17T14:18:08","date_gmt":"2015-03-17T13:18:08","guid":{"rendered":"http:\/\/www.tecnomovint.com\/?page_id=2108"},"modified":"2015-03-17T14:18:08","modified_gmt":"2015-03-17T13:18:08","slug":"geplante-wartung-hebeanlage","status":"publish","type":"page","link":"https:\/\/www.tecnomovint.com\/de\/geplante-wartung-hebeanlage\/","title":{"rendered":"GEPLANTE WARTUNG HEBEANLAGE"},"content":{"rendered":"<p><img loading=\"lazy\" decoding=\"async\" class=\"alignleft size-full wp-image-1457\" src=\"https:\/\/www.tecnomovint.com\/wp-content\/uploads\/2014\/12\/MANUTENZIONE-CP-2.jpg\" alt=\"MANUTENZIONE CP (2)\" width=\"187\" height=\"250\" srcset=\"https:\/\/www.tecnomovint.com\/wp-content\/uploads\/2014\/12\/MANUTENZIONE-CP-2.jpg 187w, https:\/\/www.tecnomovint.com\/wp-content\/uploads\/2014\/12\/MANUTENZIONE-CP-2-17x24.jpg 17w, https:\/\/www.tecnomovint.com\/wp-content\/uploads\/2014\/12\/MANUTENZIONE-CP-2-26x36.jpg 26w, https:\/\/www.tecnomovint.com\/wp-content\/uploads\/2014\/12\/MANUTENZIONE-CP-2-35x48.jpg 35w\" sizes=\"(max-width: 187px) 100vw, 187px\" \/><\/p>\n<p>Wir bieten eine vorbeugende geplante Wartung um Produktionskontinuit\u00e4t zu gew\u00e4hrleisten, fur vermeiden Produktion Probleme durch unvorhergesehene Ausf\u00e4lle verursacht. WirhinstellenVertragefurviertelj\u00e4hrlich Dienstleistungnach Ihren Bed\u00fcrfnissen. Wir organisieren Kundendienstinnerhalb von 24\/48 Stunden.<\/p>\n","protected":false},"excerpt":{"rendered":"<p>Wir bieten eine vorbeugende geplante Wartung um Produktionskontinuit\u00e4t zu gew\u00e4hrleisten, fur vermeiden Produktion Probleme durch unvorhergesehene Ausf\u00e4lle verursacht. WirhinstellenVertragefurviertelj\u00e4hrlich Dienstleistungnach [&hellip;]<\/p>\n","protected":false},"author":3,"featured_media":0,"parent":0,"menu_order":0,"comment_status":"open","ping_status":"open","template":"","meta":{"footnotes":""},"yoast_head":"<!-- This site is optimized with the Yoast SEO plugin v22.9 - https:\/\/yoast.com\/wordpress\/plugins\/seo\/ -->\n<title>GEPLANTE WARTUNG HEBEANLAGE - Tecnomovint<\/title>\n<meta name=\"robots\" content=\"index, follow, max-snippet:-1, max-image-preview:large, max-video-preview:-1\" \/>\n<link rel=\"canonical\" href=\"https:\/\/www.tecnomovint.com\/de\/geplante-wartung-hebeanlage\/\" \/>\n<meta property=\"og:locale\" content=\"de_DE\" \/>\n<meta property=\"og:type\" content=\"article\" \/>\n<meta property=\"og:title\" content=\"GEPLANTE WARTUNG HEBEANLAGE - Tecnomovint\" \/>\n<meta property=\"og:description\" content=\"Wir bieten eine vorbeugende geplante Wartung um Produktionskontinuit\u00e4t zu gew\u00e4hrleisten, fur vermeiden Produktion Probleme durch unvorhergesehene Ausf\u00e4lle verursacht. WirhinstellenVertragefurviertelj\u00e4hrlich Dienstleistungnach [&hellip;]\" \/>\n<meta property=\"og:url\" content=\"https:\/\/www.tecnomovint.com\/de\/geplante-wartung-hebeanlage\/\" \/>\n<meta property=\"og:site_name\" content=\"Tecnomovint\" \/>\n<meta property=\"og:image\" content=\"https:\/\/www.tecnomovint.com\/wp-content\/uploads\/2014\/12\/MANUTENZIONE-CP-2.jpg\" \/>\n<meta name=\"twitter:card\" content=\"summary_large_image\" \/>\n<script type=\"application\/ld+json\" class=\"yoast-schema-graph\">{\"@context\":\"https:\/\/schema.org\",\"@graph\":[{\"@type\":\"WebPage\",\"@id\":\"https:\/\/www.tecnomovint.com\/de\/geplante-wartung-hebeanlage\/\",\"url\":\"https:\/\/www.tecnomovint.com\/de\/geplante-wartung-hebeanlage\/\",\"name\":\"GEPLANTE WARTUNG HEBEANLAGE - Tecnomovint\",\"isPartOf\":{\"@id\":\"https:\/\/www.tecnomovint.com\/#website\"},\"primaryImageOfPage\":{\"@id\":\"https:\/\/www.tecnomovint.com\/de\/geplante-wartung-hebeanlage\/#primaryimage\"},\"image\":{\"@id\":\"https:\/\/www.tecnomovint.com\/de\/geplante-wartung-hebeanlage\/#primaryimage\"},\"thumbnailUrl\":\"https:\/\/www.tecnomovint.com\/wp-content\/uploads\/2014\/12\/MANUTENZIONE-CP-2.jpg\",\"datePublished\":\"2015-03-17T13:18:08+00:00\",\"dateModified\":\"2015-03-17T13:18:08+00:00\",\"breadcrumb\":{\"@id\":\"https:\/\/www.tecnomovint.com\/de\/geplante-wartung-hebeanlage\/#breadcrumb\"},\"inLanguage\":\"de\",\"potentialAction\":[{\"@type\":\"ReadAction\",\"target\":[\"https:\/\/www.tecnomovint.com\/de\/geplante-wartung-hebeanlage\/\"]}]},{\"@type\":\"ImageObject\",\"inLanguage\":\"de\",\"@id\":\"https:\/\/www.tecnomovint.com\/de\/geplante-wartung-hebeanlage\/#primaryimage\",\"url\":\"https:\/\/www.tecnomovint.com\/wp-content\/uploads\/2014\/12\/MANUTENZIONE-CP-2.jpg\",\"contentUrl\":\"https:\/\/www.tecnomovint.com\/wp-content\/uploads\/2014\/12\/MANUTENZIONE-CP-2.jpg\"},{\"@type\":\"BreadcrumbList\",\"@id\":\"https:\/\/www.tecnomovint.com\/de\/geplante-wartung-hebeanlage\/#breadcrumb\",\"itemListElement\":[{\"@type\":\"ListItem\",\"position\":1,\"name\":\"Home\",\"item\":\"https:\/\/www.tecnomovint.com\/\"},{\"@type\":\"ListItem\",\"position\":2,\"name\":\"GEPLANTE WARTUNG HEBEANLAGE\"}]},{\"@type\":\"WebSite\",\"@id\":\"https:\/\/www.tecnomovint.com\/#website\",\"url\":\"https:\/\/www.tecnomovint.com\/\",\"name\":\"Tecnomovint\",\"description\":\"Lifting solutions\",\"potentialAction\":[{\"@type\":\"SearchAction\",\"target\":{\"@type\":\"EntryPoint\",\"urlTemplate\":\"https:\/\/www.tecnomovint.com\/?s={search_term_string}\"},\"query-input\":\"required name=search_term_string\"}],\"inLanguage\":\"de\"}]}<\/script>\n<!-- \/ Yoast SEO plugin. -->","yoast_head_json":{"title":"GEPLANTE WARTUNG HEBEANLAGE - Tecnomovint","robots":{"index":"index","follow":"follow","max-snippet":"max-snippet:-1","max-image-preview":"max-image-preview:large","max-video-preview":"max-video-preview:-1"},"canonical":"https:\/\/www.tecnomovint.com\/de\/geplante-wartung-hebeanlage\/","og_locale":"de_DE","og_type":"article","og_title":"GEPLANTE WARTUNG HEBEANLAGE - Tecnomovint","og_description":"Wir bieten eine vorbeugende geplante Wartung um Produktionskontinuit\u00e4t zu gew\u00e4hrleisten, fur vermeiden Produktion Probleme durch unvorhergesehene Ausf\u00e4lle verursacht. WirhinstellenVertragefurviertelj\u00e4hrlich Dienstleistungnach [&hellip;]","og_url":"https:\/\/www.tecnomovint.com\/de\/geplante-wartung-hebeanlage\/","og_site_name":"Tecnomovint","og_image":[{"url":"https:\/\/www.tecnomovint.com\/wp-content\/uploads\/2014\/12\/MANUTENZIONE-CP-2.jpg"}],"twitter_card":"summary_large_image","schema":{"@context":"https:\/\/schema.org","@graph":[{"@type":"WebPage","@id":"https:\/\/www.tecnomovint.com\/de\/geplante-wartung-hebeanlage\/","url":"https:\/\/www.tecnomovint.com\/de\/geplante-wartung-hebeanlage\/","name":"GEPLANTE WARTUNG HEBEANLAGE - Tecnomovint","isPartOf":{"@id":"https:\/\/www.tecnomovint.com\/#website"},"primaryImageOfPage":{"@id":"https:\/\/www.tecnomovint.com\/de\/geplante-wartung-hebeanlage\/#primaryimage"},"image":{"@id":"https:\/\/www.tecnomovint.com\/de\/geplante-wartung-hebeanlage\/#primaryimage"},"thumbnailUrl":"https:\/\/www.tecnomovint.com\/wp-content\/uploads\/2014\/12\/MANUTENZIONE-CP-2.jpg","datePublished":"2015-03-17T13:18:08+00:00","dateModified":"2015-03-17T13:18:08+00:00","breadcrumb":{"@id":"https:\/\/www.tecnomovint.com\/de\/geplante-wartung-hebeanlage\/#breadcrumb"},"inLanguage":"de","potentialAction":[{"@type":"ReadAction","target":["https:\/\/www.tecnomovint.com\/de\/geplante-wartung-hebeanlage\/"]}]},{"@type":"ImageObject","inLanguage":"de","@id":"https:\/\/www.tecnomovint.com\/de\/geplante-wartung-hebeanlage\/#primaryimage","url":"https:\/\/www.tecnomovint.com\/wp-content\/uploads\/2014\/12\/MANUTENZIONE-CP-2.jpg","contentUrl":"https:\/\/www.tecnomovint.com\/wp-content\/uploads\/2014\/12\/MANUTENZIONE-CP-2.jpg"},{"@type":"BreadcrumbList","@id":"https:\/\/www.tecnomovint.com\/de\/geplante-wartung-hebeanlage\/#breadcrumb","itemListElement":[{"@type":"ListItem","position":1,"name":"Home","item":"https:\/\/www.tecnomovint.com\/"},{"@type":"ListItem","position":2,"name":"GEPLANTE WARTUNG HEBEANLAGE"}]},{"@type":"WebSite","@id":"https:\/\/www.tecnomovint.com\/#website","url":"https:\/\/www.tecnomovint.com\/","name":"Tecnomovint","description":"Lifting solutions","potentialAction":[{"@type":"SearchAction","target":{"@type":"EntryPoint","urlTemplate":"https:\/\/www.tecnomovint.com\/?s={search_term_string}"},"query-input":"required name=search_term_string"}],"inLanguage":"de"}]}},"_links":{"self":[{"href":"https:\/\/www.tecnomovint.com\/de\/wp-json\/wp\/v2\/pages\/2108"}],"collection":[{"href":"https:\/\/www.tecnomovint.com\/de\/wp-json\/wp\/v2\/pages"}],"about":[{"href":"https:\/\/www.tecnomovint.com\/de\/wp-json\/wp\/v2\/types\/page"}],"author":[{"embeddable":true,"href":"https:\/\/www.tecnomovint.com\/de\/wp-json\/wp\/v2\/users\/3"}],"replies":[{"embeddable":true,"href":"https:\/\/www.tecnomovint.com\/de\/wp-json\/wp\/v2\/comments?post=2108"}],"version-history":[{"count":1,"href":"https:\/\/www.tecnomovint.com\/de\/wp-json\/wp\/v2\/pages\/2108\/revisions"}],"predecessor-version":[{"id":2109,"href":"https:\/\/www.tecnomovint.com\/de\/wp-json\/wp\/v2\/pages\/2108\/revisions\/2109"}],"wp:attachment":[{"href":"https:\/\/www.tecnomovint.com\/de\/wp-json\/wp\/v2\/media?parent=2108"}],"curies":[{"name":"wp","href":"https:\/\/api.w.org\/{rel}","templated":true}]}}