{"id":2115,"date":"2015-03-17T14:18:41","date_gmt":"2015-03-17T13:18:41","guid":{"rendered":"http:\/\/www.tecnomovint.com\/?page_id=2115"},"modified":"2015-03-17T14:18:41","modified_gmt":"2015-03-17T13:18:41","slug":"zerstorungsfreie-prufungen","status":"publish","type":"page","link":"https:\/\/www.tecnomovint.com\/de\/zerstorungsfreie-prufungen\/","title":{"rendered":"ZERST\u00d6RUNGSFREIE PR\u00dcFUNGEN"},"content":{"rendered":"<div id=\"wrap\">\n<table style=\"width: 100%; margin-left: 0px;\">\n<tbody>\n<tr>\n<td style=\"text-align: center;\" width=\"50%\">Tecnomovint, sinnvoll an Arbeitsunfallverh\u00fctung, Menschen und Sachsch\u00e4den, entschiedet sich zu konzentrieren seine Kr\u00e4fte an fortgschrittene Techniken erkannt bei die Vorschriften:<\/p>\n<h4>UNI ISO 4309:2011 e UNI EN 12927-8:2005<\/h4>\n<p>.<\/td>\n<\/tr>\n<\/tbody>\n<\/table>\n<\/div>\n<p>Die Zerst\u00f6rungsfreie Pr\u00fcfungen sind Besichtigung, Inspektionen, Kontrollen die durch Methoden die nicht das Material ver\u00e4ndern geschafft wirden, und die nicht die Zerst\u00f6rung oder Ausbau von St\u00fccke brauchen. Der Zweck ist dieIntegrit\u00e4t des Materials zu \u00dcberpr\u00fcfen, ohne Ver\u00e4nderung seinerStruktur und die Ersatzteile die ersetzen brauchen unverz\u00fcglich vorbeugen, bevor diezur Zerst\u00f6rung desgesamten Anlageerzeugen. Die Zerst\u00f6rungsfreie Pr\u00fcfungensindinder folgenden Methodenverf\u00fcgbar:<\/p>\n<p>\u2022 visuelle Inspektion, erfolgtnach einem erstenSchritt der Reinigungder Produkte.<br \/>\n\u2022 Pr\u00fcfung bei eindringend Fl\u00fcssigkeitenfur Spezielles Einrichtungen im Bau (zb.Heben Traverse, \u201eC\u201c Haken).<br \/>\n\u2022 Magnetisch-induktivenPr\u00fcfung f\u00fcr objektive\u00dcberpr\u00fcfungder Seile (zb. Seile f\u00fcr Laufkrane).<br \/>\n\u2022 Pr\u00fcfung mit Magnifluxfur Einrichtungen.<br \/>\n\u2022 Pr\u00fcfung mitGaussmeter f\u00fcr Magnetische Einrichtungen (zb. Magnetheber).<\/p>\n<p>Am Endejeder Kontrolle wird gestellt eine schriftliche Bericht dass bescheinigtdas Material Eigenschaftenbei der Inspektion, die Pr\u00fcfunggef\u00fchrt und eventuelle Sch\u00e4dengefunden.<\/p>\n","protected":false},"excerpt":{"rendered":"<p>Tecnomovint, sinnvoll an Arbeitsunfallverh\u00fctung, Menschen und Sachsch\u00e4den, entschiedet sich zu konzentrieren seine Kr\u00e4fte an fortgschrittene Techniken erkannt bei die Vorschriften: [&hellip;]<\/p>\n","protected":false},"author":3,"featured_media":0,"parent":0,"menu_order":0,"comment_status":"open","ping_status":"open","template":"","meta":{"footnotes":""},"yoast_head":"<!-- This site is optimized with the Yoast SEO plugin v22.9 - https:\/\/yoast.com\/wordpress\/plugins\/seo\/ -->\n<title>ZERST\u00d6RUNGSFREIE PR\u00dcFUNGEN - Tecnomovint<\/title>\n<meta name=\"robots\" content=\"index, follow, max-snippet:-1, max-image-preview:large, max-video-preview:-1\" \/>\n<link rel=\"canonical\" href=\"https:\/\/www.tecnomovint.com\/de\/zerstorungsfreie-prufungen\/\" \/>\n<meta property=\"og:locale\" content=\"de_DE\" \/>\n<meta property=\"og:type\" content=\"article\" \/>\n<meta property=\"og:title\" content=\"ZERST\u00d6RUNGSFREIE PR\u00dcFUNGEN - Tecnomovint\" \/>\n<meta property=\"og:description\" content=\"Tecnomovint, sinnvoll an Arbeitsunfallverh\u00fctung, Menschen und Sachsch\u00e4den, entschiedet sich zu konzentrieren seine Kr\u00e4fte an fortgschrittene Techniken erkannt bei die Vorschriften: [&hellip;]\" \/>\n<meta property=\"og:url\" content=\"https:\/\/www.tecnomovint.com\/de\/zerstorungsfreie-prufungen\/\" \/>\n<meta property=\"og:site_name\" content=\"Tecnomovint\" \/>\n<meta name=\"twitter:card\" content=\"summary_large_image\" \/>\n<meta name=\"twitter:label1\" content=\"Gesch\u00e4tzte Lesezeit\" \/>\n\t<meta name=\"twitter:data1\" content=\"1\u00a0Minute\" \/>\n<script type=\"application\/ld+json\" class=\"yoast-schema-graph\">{\"@context\":\"https:\/\/schema.org\",\"@graph\":[{\"@type\":\"WebPage\",\"@id\":\"https:\/\/www.tecnomovint.com\/de\/zerstorungsfreie-prufungen\/\",\"url\":\"https:\/\/www.tecnomovint.com\/de\/zerstorungsfreie-prufungen\/\",\"name\":\"ZERST\u00d6RUNGSFREIE PR\u00dcFUNGEN - Tecnomovint\",\"isPartOf\":{\"@id\":\"https:\/\/www.tecnomovint.com\/#website\"},\"datePublished\":\"2015-03-17T13:18:41+00:00\",\"dateModified\":\"2015-03-17T13:18:41+00:00\",\"breadcrumb\":{\"@id\":\"https:\/\/www.tecnomovint.com\/de\/zerstorungsfreie-prufungen\/#breadcrumb\"},\"inLanguage\":\"de\",\"potentialAction\":[{\"@type\":\"ReadAction\",\"target\":[\"https:\/\/www.tecnomovint.com\/de\/zerstorungsfreie-prufungen\/\"]}]},{\"@type\":\"BreadcrumbList\",\"@id\":\"https:\/\/www.tecnomovint.com\/de\/zerstorungsfreie-prufungen\/#breadcrumb\",\"itemListElement\":[{\"@type\":\"ListItem\",\"position\":1,\"name\":\"Home\",\"item\":\"https:\/\/www.tecnomovint.com\/\"},{\"@type\":\"ListItem\",\"position\":2,\"name\":\"ZERST\u00d6RUNGSFREIE PR\u00dcFUNGEN\"}]},{\"@type\":\"WebSite\",\"@id\":\"https:\/\/www.tecnomovint.com\/#website\",\"url\":\"https:\/\/www.tecnomovint.com\/\",\"name\":\"Tecnomovint\",\"description\":\"Lifting solutions\",\"potentialAction\":[{\"@type\":\"SearchAction\",\"target\":{\"@type\":\"EntryPoint\",\"urlTemplate\":\"https:\/\/www.tecnomovint.com\/?s={search_term_string}\"},\"query-input\":\"required name=search_term_string\"}],\"inLanguage\":\"de\"}]}<\/script>\n<!-- \/ Yoast SEO plugin. -->","yoast_head_json":{"title":"ZERST\u00d6RUNGSFREIE PR\u00dcFUNGEN - Tecnomovint","robots":{"index":"index","follow":"follow","max-snippet":"max-snippet:-1","max-image-preview":"max-image-preview:large","max-video-preview":"max-video-preview:-1"},"canonical":"https:\/\/www.tecnomovint.com\/de\/zerstorungsfreie-prufungen\/","og_locale":"de_DE","og_type":"article","og_title":"ZERST\u00d6RUNGSFREIE PR\u00dcFUNGEN - Tecnomovint","og_description":"Tecnomovint, sinnvoll an Arbeitsunfallverh\u00fctung, Menschen und Sachsch\u00e4den, entschiedet sich zu konzentrieren seine Kr\u00e4fte an fortgschrittene Techniken erkannt bei die Vorschriften: [&hellip;]","og_url":"https:\/\/www.tecnomovint.com\/de\/zerstorungsfreie-prufungen\/","og_site_name":"Tecnomovint","twitter_card":"summary_large_image","twitter_misc":{"Gesch\u00e4tzte Lesezeit":"1\u00a0Minute"},"schema":{"@context":"https:\/\/schema.org","@graph":[{"@type":"WebPage","@id":"https:\/\/www.tecnomovint.com\/de\/zerstorungsfreie-prufungen\/","url":"https:\/\/www.tecnomovint.com\/de\/zerstorungsfreie-prufungen\/","name":"ZERST\u00d6RUNGSFREIE PR\u00dcFUNGEN - Tecnomovint","isPartOf":{"@id":"https:\/\/www.tecnomovint.com\/#website"},"datePublished":"2015-03-17T13:18:41+00:00","dateModified":"2015-03-17T13:18:41+00:00","breadcrumb":{"@id":"https:\/\/www.tecnomovint.com\/de\/zerstorungsfreie-prufungen\/#breadcrumb"},"inLanguage":"de","potentialAction":[{"@type":"ReadAction","target":["https:\/\/www.tecnomovint.com\/de\/zerstorungsfreie-prufungen\/"]}]},{"@type":"BreadcrumbList","@id":"https:\/\/www.tecnomovint.com\/de\/zerstorungsfreie-prufungen\/#breadcrumb","itemListElement":[{"@type":"ListItem","position":1,"name":"Home","item":"https:\/\/www.tecnomovint.com\/"},{"@type":"ListItem","position":2,"name":"ZERST\u00d6RUNGSFREIE PR\u00dcFUNGEN"}]},{"@type":"WebSite","@id":"https:\/\/www.tecnomovint.com\/#website","url":"https:\/\/www.tecnomovint.com\/","name":"Tecnomovint","description":"Lifting solutions","potentialAction":[{"@type":"SearchAction","target":{"@type":"EntryPoint","urlTemplate":"https:\/\/www.tecnomovint.com\/?s={search_term_string}"},"query-input":"required name=search_term_string"}],"inLanguage":"de"}]}},"_links":{"self":[{"href":"https:\/\/www.tecnomovint.com\/de\/wp-json\/wp\/v2\/pages\/2115"}],"collection":[{"href":"https:\/\/www.tecnomovint.com\/de\/wp-json\/wp\/v2\/pages"}],"about":[{"href":"https:\/\/www.tecnomovint.com\/de\/wp-json\/wp\/v2\/types\/page"}],"author":[{"embeddable":true,"href":"https:\/\/www.tecnomovint.com\/de\/wp-json\/wp\/v2\/users\/3"}],"replies":[{"embeddable":true,"href":"https:\/\/www.tecnomovint.com\/de\/wp-json\/wp\/v2\/comments?post=2115"}],"version-history":[{"count":1,"href":"https:\/\/www.tecnomovint.com\/de\/wp-json\/wp\/v2\/pages\/2115\/revisions"}],"predecessor-version":[{"id":2117,"href":"https:\/\/www.tecnomovint.com\/de\/wp-json\/wp\/v2\/pages\/2115\/revisions\/2117"}],"wp:attachment":[{"href":"https:\/\/www.tecnomovint.com\/de\/wp-json\/wp\/v2\/media?parent=2115"}],"curies":[{"name":"wp","href":"https:\/\/api.w.org\/{rel}","templated":true}]}}