{"id":2178,"date":"2015-03-17T15:15:38","date_gmt":"2015-03-17T14:15:38","guid":{"rendered":"http:\/\/www.tecnomovint.com\/?page_id=2178"},"modified":"2015-03-17T15:15:38","modified_gmt":"2015-03-17T14:15:38","slug":"hebezuge","status":"publish","type":"page","link":"https:\/\/www.tecnomovint.com\/de\/hebezuge\/","title":{"rendered":"HEBEZ\u00dcGE"},"content":{"rendered":"<p><img loading=\"lazy\" decoding=\"async\" class=\"alignnone wp-image-1708 size-full\" src=\"https:\/\/www.tecnomovint.com\/wp-content\/uploads\/2015\/03\/paranchi-manuali-deu.jpg\" alt=\"\" width=\"181\" height=\"260\" \/> <img loading=\"lazy\" decoding=\"async\" class=\"alignnone wp-image-1707 size-full\" src=\"https:\/\/www.tecnomovint.com\/wp-content\/uploads\/2015\/03\/paranchi-catena-deu.jpg\" alt=\"\" width=\"221\" height=\"260\" \/> <img loading=\"lazy\" decoding=\"async\" class=\"alignnone size-full wp-image-1704\" src=\"https:\/\/www.tecnomovint.com\/wp-content\/uploads\/2015\/03\/paranchi-fune-deu.jpg\" alt=\"paranchi-fune\" width=\"251\" height=\"260\" \/><\/p>\n<ul class=\"Stile16\" style=\"color: #000000;\">\n<li><span style=\"font-family: Verdana, Arial, Helvetica, sans-serif;\"><a style=\"color: #003366;\" href=\"https:\/\/www.tecnomovint.com\/wp-content\/uploads\/2015\/01\/paranchi-manuali.pdf\" target=\"_blank\">Handz\u00fcge<\/a><\/span><\/li>\n<li><span style=\"font-family: Verdana, Arial, Helvetica, sans-serif;\"><span style=\"color: #003366;\">Elektrischz\u00fcge:<\/span><br \/>\n<a style=\"color: #003366;\" href=\"https:\/\/www.tecnomovint.com\/wp-content\/uploads\/2015\/01\/paranchi-elettrici-catena.pdf\" target=\"_blank\">mitKette<\/a><br \/>\n<a style=\"color: #003366;\" href=\"https:\/\/www.tecnomovint.com\/wp-content\/uploads\/2015\/01\/paranchi-elettrici-fune.pdf\" target=\"_blank\">mitSeil<\/a><\/span><\/li>\n<li><span style=\"font-family: Verdana, Arial, Helvetica, sans-serif;\"><a style=\"color: #003366;\" href=\"https:\/\/www.tecnomovint.com\/wp-content\/uploads\/2015\/01\/paranchi-elettrici-pneumatici.pdf\" target=\"_blank\">Luftz\u00fcge<\/a><\/span><\/li>\n<li><span style=\"font-family: Verdana, Arial, Helvetica, sans-serif;\"><a style=\"color: #003366;\" href=\"https:\/\/www.tecnomovint.com\/wp-content\/uploads\/2015\/01\/paranchi-carrelli-paranchi.pdf\" target=\"_blank\">Wagenf\u00fcrZ\u00fcge<\/a><\/span><\/li>\n<li><span style=\"font-family: Verdana, Arial, Helvetica, sans-serif;\"><a style=\"color: #003366;\" href=\"https:\/\/www.tecnomovint.com\/wp-content\/uploads\/2015\/01\/alzatira.pdf\" target=\"_blank\">Hub-Anziehen<\/a><\/span><\/li>\n<li><span style=\"font-family: Verdana, Arial, Helvetica, sans-serif;\"><a style=\"color: #003366;\" href=\"https:\/\/www.tecnomovint.com\/wp-content\/uploads\/2015\/01\/argani.pdf\" target=\"_blank\">ElektrischeSpill<\/a><\/span><\/li>\n<\/ul>\n","protected":false},"excerpt":{"rendered":"<p>Handz\u00fcge Elektrischz\u00fcge: mitKette mitSeil Luftz\u00fcge Wagenf\u00fcrZ\u00fcge Hub-Anziehen ElektrischeSpill<\/p>\n","protected":false},"author":3,"featured_media":0,"parent":0,"menu_order":0,"comment_status":"open","ping_status":"open","template":"","meta":{"footnotes":""},"yoast_head":"<!-- This site is optimized with the Yoast SEO plugin v22.9 - https:\/\/yoast.com\/wordpress\/plugins\/seo\/ -->\n<title>HEBEZ\u00dcGE - Tecnomovint<\/title>\n<meta name=\"robots\" content=\"index, follow, max-snippet:-1, max-image-preview:large, max-video-preview:-1\" \/>\n<link rel=\"canonical\" href=\"https:\/\/www.tecnomovint.com\/de\/hebezuge\/\" \/>\n<meta property=\"og:locale\" content=\"de_DE\" \/>\n<meta property=\"og:type\" content=\"article\" \/>\n<meta property=\"og:title\" content=\"HEBEZ\u00dcGE - Tecnomovint\" \/>\n<meta property=\"og:description\" content=\"Handz\u00fcge Elektrischz\u00fcge: mitKette mitSeil Luftz\u00fcge Wagenf\u00fcrZ\u00fcge Hub-Anziehen ElektrischeSpill\" \/>\n<meta property=\"og:url\" content=\"https:\/\/www.tecnomovint.com\/de\/hebezuge\/\" \/>\n<meta property=\"og:site_name\" content=\"Tecnomovint\" \/>\n<meta property=\"og:image\" content=\"https:\/\/www.tecnomovint.com\/wp-content\/uploads\/2015\/03\/paranchi-manuali-deu.jpg\" \/>\n<meta name=\"twitter:card\" content=\"summary_large_image\" \/>\n<script type=\"application\/ld+json\" class=\"yoast-schema-graph\">{\"@context\":\"https:\/\/schema.org\",\"@graph\":[{\"@type\":\"WebPage\",\"@id\":\"https:\/\/www.tecnomovint.com\/de\/hebezuge\/\",\"url\":\"https:\/\/www.tecnomovint.com\/de\/hebezuge\/\",\"name\":\"HEBEZ\u00dcGE - Tecnomovint\",\"isPartOf\":{\"@id\":\"https:\/\/www.tecnomovint.com\/#website\"},\"primaryImageOfPage\":{\"@id\":\"https:\/\/www.tecnomovint.com\/de\/hebezuge\/#primaryimage\"},\"image\":{\"@id\":\"https:\/\/www.tecnomovint.com\/de\/hebezuge\/#primaryimage\"},\"thumbnailUrl\":\"https:\/\/www.tecnomovint.com\/wp-content\/uploads\/2015\/03\/paranchi-manuali-deu.jpg\",\"datePublished\":\"2015-03-17T14:15:38+00:00\",\"dateModified\":\"2015-03-17T14:15:38+00:00\",\"breadcrumb\":{\"@id\":\"https:\/\/www.tecnomovint.com\/de\/hebezuge\/#breadcrumb\"},\"inLanguage\":\"de\",\"potentialAction\":[{\"@type\":\"ReadAction\",\"target\":[\"https:\/\/www.tecnomovint.com\/de\/hebezuge\/\"]}]},{\"@type\":\"ImageObject\",\"inLanguage\":\"de\",\"@id\":\"https:\/\/www.tecnomovint.com\/de\/hebezuge\/#primaryimage\",\"url\":\"https:\/\/www.tecnomovint.com\/wp-content\/uploads\/2015\/03\/paranchi-manuali-deu.jpg\",\"contentUrl\":\"https:\/\/www.tecnomovint.com\/wp-content\/uploads\/2015\/03\/paranchi-manuali-deu.jpg\"},{\"@type\":\"BreadcrumbList\",\"@id\":\"https:\/\/www.tecnomovint.com\/de\/hebezuge\/#breadcrumb\",\"itemListElement\":[{\"@type\":\"ListItem\",\"position\":1,\"name\":\"Home\",\"item\":\"https:\/\/www.tecnomovint.com\/\"},{\"@type\":\"ListItem\",\"position\":2,\"name\":\"HEBEZ\u00dcGE\"}]},{\"@type\":\"WebSite\",\"@id\":\"https:\/\/www.tecnomovint.com\/#website\",\"url\":\"https:\/\/www.tecnomovint.com\/\",\"name\":\"Tecnomovint\",\"description\":\"Lifting solutions\",\"potentialAction\":[{\"@type\":\"SearchAction\",\"target\":{\"@type\":\"EntryPoint\",\"urlTemplate\":\"https:\/\/www.tecnomovint.com\/?s={search_term_string}\"},\"query-input\":\"required name=search_term_string\"}],\"inLanguage\":\"de\"}]}<\/script>\n<!-- \/ Yoast SEO plugin. -->","yoast_head_json":{"title":"HEBEZ\u00dcGE - Tecnomovint","robots":{"index":"index","follow":"follow","max-snippet":"max-snippet:-1","max-image-preview":"max-image-preview:large","max-video-preview":"max-video-preview:-1"},"canonical":"https:\/\/www.tecnomovint.com\/de\/hebezuge\/","og_locale":"de_DE","og_type":"article","og_title":"HEBEZ\u00dcGE - Tecnomovint","og_description":"Handz\u00fcge Elektrischz\u00fcge: mitKette mitSeil Luftz\u00fcge Wagenf\u00fcrZ\u00fcge Hub-Anziehen ElektrischeSpill","og_url":"https:\/\/www.tecnomovint.com\/de\/hebezuge\/","og_site_name":"Tecnomovint","og_image":[{"url":"https:\/\/www.tecnomovint.com\/wp-content\/uploads\/2015\/03\/paranchi-manuali-deu.jpg"}],"twitter_card":"summary_large_image","schema":{"@context":"https:\/\/schema.org","@graph":[{"@type":"WebPage","@id":"https:\/\/www.tecnomovint.com\/de\/hebezuge\/","url":"https:\/\/www.tecnomovint.com\/de\/hebezuge\/","name":"HEBEZ\u00dcGE - Tecnomovint","isPartOf":{"@id":"https:\/\/www.tecnomovint.com\/#website"},"primaryImageOfPage":{"@id":"https:\/\/www.tecnomovint.com\/de\/hebezuge\/#primaryimage"},"image":{"@id":"https:\/\/www.tecnomovint.com\/de\/hebezuge\/#primaryimage"},"thumbnailUrl":"https:\/\/www.tecnomovint.com\/wp-content\/uploads\/2015\/03\/paranchi-manuali-deu.jpg","datePublished":"2015-03-17T14:15:38+00:00","dateModified":"2015-03-17T14:15:38+00:00","breadcrumb":{"@id":"https:\/\/www.tecnomovint.com\/de\/hebezuge\/#breadcrumb"},"inLanguage":"de","potentialAction":[{"@type":"ReadAction","target":["https:\/\/www.tecnomovint.com\/de\/hebezuge\/"]}]},{"@type":"ImageObject","inLanguage":"de","@id":"https:\/\/www.tecnomovint.com\/de\/hebezuge\/#primaryimage","url":"https:\/\/www.tecnomovint.com\/wp-content\/uploads\/2015\/03\/paranchi-manuali-deu.jpg","contentUrl":"https:\/\/www.tecnomovint.com\/wp-content\/uploads\/2015\/03\/paranchi-manuali-deu.jpg"},{"@type":"BreadcrumbList","@id":"https:\/\/www.tecnomovint.com\/de\/hebezuge\/#breadcrumb","itemListElement":[{"@type":"ListItem","position":1,"name":"Home","item":"https:\/\/www.tecnomovint.com\/"},{"@type":"ListItem","position":2,"name":"HEBEZ\u00dcGE"}]},{"@type":"WebSite","@id":"https:\/\/www.tecnomovint.com\/#website","url":"https:\/\/www.tecnomovint.com\/","name":"Tecnomovint","description":"Lifting solutions","potentialAction":[{"@type":"SearchAction","target":{"@type":"EntryPoint","urlTemplate":"https:\/\/www.tecnomovint.com\/?s={search_term_string}"},"query-input":"required name=search_term_string"}],"inLanguage":"de"}]}},"_links":{"self":[{"href":"https:\/\/www.tecnomovint.com\/de\/wp-json\/wp\/v2\/pages\/2178"}],"collection":[{"href":"https:\/\/www.tecnomovint.com\/de\/wp-json\/wp\/v2\/pages"}],"about":[{"href":"https:\/\/www.tecnomovint.com\/de\/wp-json\/wp\/v2\/types\/page"}],"author":[{"embeddable":true,"href":"https:\/\/www.tecnomovint.com\/de\/wp-json\/wp\/v2\/users\/3"}],"replies":[{"embeddable":true,"href":"https:\/\/www.tecnomovint.com\/de\/wp-json\/wp\/v2\/comments?post=2178"}],"version-history":[{"count":1,"href":"https:\/\/www.tecnomovint.com\/de\/wp-json\/wp\/v2\/pages\/2178\/revisions"}],"predecessor-version":[{"id":2179,"href":"https:\/\/www.tecnomovint.com\/de\/wp-json\/wp\/v2\/pages\/2178\/revisions\/2179"}],"wp:attachment":[{"href":"https:\/\/www.tecnomovint.com\/de\/wp-json\/wp\/v2\/media?parent=2178"}],"curies":[{"name":"wp","href":"https:\/\/api.w.org\/{rel}","templated":true}]}}