{"id":3631,"date":"2017-11-13T15:46:00","date_gmt":"2017-11-13T14:46:00","guid":{"rendered":"http:\/\/www.tecnomovint.com\/certificazioni-di-qualita-2\/"},"modified":"2019-01-29T09:52:31","modified_gmt":"2019-01-29T08:52:31","slug":"qualitatszertifizierungen","status":"publish","type":"page","link":"https:\/\/www.tecnomovint.com\/de\/qualitatszertifizierungen\/","title":{"rendered":"Qualit\u00e4tszertifizierungen"},"content":{"rendered":"<div class=\"page\" title=\"Page 1\">\n<div class=\"layoutArea\">\n<div class=\"column\">\n<p>Die Zertifizierung ist eines der Instrumente, die am meisten dazu beitragen, Firmen auf dem Markt wettbewerbsf\u00e4hig zu machen.<\/p>\n<p>Sie wird von einer unabh\u00e4ngigen und unparteiischen Zertifizierungsstelle ausgestellt und zertifiziert die Konformit\u00e4t eines Produkts, einer Dienstleistung oder eines Systems mit den geltenden Rechtsvorschriften und macht dies dank der Bekanntgabe eines Qualit\u00e4tszeichens deutlich.<\/p>\n<p>Tecnomovint definiert seine Mission durch messbare Richtlinien, Strategien, F\u00e4higkeiten, Prozesse und Ziele in Bezug auf Qualit\u00e4t und Quantit\u00e4t, um eine kontinuierliche Verbesserung zu erreichen.<\/p>\n<p>Tecnomovint hat sich daf\u00fcr entschieden, sein Unternehmen zu zertifizieren, den Kunden in den Mittelpunkt seiner Interessen zu stellen und stets auf Qualit\u00e4t und Sicherheit zu achten, die den die den geltenden Vorschriften entsprechen.<\/p>\n<p>&nbsp;<\/p>\n<\/div>\n<\/div>\n<\/div>\n<p><section><div class=\"container-fluid\"><div class=\"fascia-shortcode row\"><div class=\"col-md-3\"><a href=\"https:\/\/www.tecnomovint.com\/wp-content\/uploads\/2019\/01\/NUOVO-CERTIFICATO-TUV-18-Q-0200068-TIC.pdf\"><img loading=\"lazy\" decoding=\"async\" class=\"img-responsive alignnone wp-image-3658 size-full\" src=\"https:\/\/www.tecnomovint.com\/wp-content\/uploads\/2017\/11\/NUOVO-CERTIFICATO-TUV-18-Q-0200068-TIC.jpg\" alt=\"\" width=\"210\" height=\"297\" srcset=\"https:\/\/www.tecnomovint.com\/wp-content\/uploads\/2017\/11\/NUOVO-CERTIFICATO-TUV-18-Q-0200068-TIC.jpg 210w, https:\/\/www.tecnomovint.com\/wp-content\/uploads\/2017\/11\/NUOVO-CERTIFICATO-TUV-18-Q-0200068-TIC-17x24.jpg 17w, https:\/\/www.tecnomovint.com\/wp-content\/uploads\/2017\/11\/NUOVO-CERTIFICATO-TUV-18-Q-0200068-TIC-25x36.jpg 25w, https:\/\/www.tecnomovint.com\/wp-content\/uploads\/2017\/11\/NUOVO-CERTIFICATO-TUV-18-Q-0200068-TIC-34x48.jpg 34w\" sizes=\"(max-width: 210px) 100vw, 210px\" \/><\/a><\/div><div class=\"col-md-9\"><strong>ZERTIFIZIERUNG ISO 9001<\/strong><\/p>\n<div class=\"page\" title=\"Page 1\">\n<div class=\"layoutArea\">\n<div class=\"column\">\n<p>Im Juli 2012 wurde das von Tecnomovint implementierte Qualit\u00e4tsmanagementsystem in den Bereichen Marketing und Wartung von Hebezubeh\u00f6r und -ausr\u00fcstungen sowie in der Herstellung und Unterst\u00fctzung von Hebesystemen nach ISO 9001 zertifiziert und f\u00fcr konform erkl\u00e4rt.<\/p>\n<p>Im Juli 2018 wurde die Zertifizierung auf die Ausgabe 2015 der ISO 9001-Norm aktualisiert, mit dem Ziel, die Konstruktion, den Bau und die Unterst\u00fctzung von Hebesystemen und -ger\u00e4ten sowie die Wartung und Vermarktung von Hebezeugen und Zubeh\u00f6r zu zertifizieren.<\/p>\n<\/div>\n<\/div>\n<\/div>\n<p><\/div><\/div><\/div><\/section><br \/>\n<section><div class=\"container-fluid\"><div class=\"fascia-shortcode row\"><div class=\"col-md-3\"><a href=\"https:\/\/www.tecnomovint.com\/wp-content\/uploads\/2019\/01\/EN-1090-Sistema-FPC.pdf\"><img loading=\"lazy\" decoding=\"async\" class=\"img-responsive alignnone wp-image-3658 size-full\" src=\"https:\/\/www.tecnomovint.com\/wp-content\/uploads\/2019\/01\/EN-1090-Sistema-FPC.jpg\" alt=\"EN-1090-Sistema-FPC.jpg\" width=\"210\" height=\"297\" \/><\/a><\/div><div class=\"col-md-9\"><strong>ZERTIFIZIERUNG EN 1090 UND ISO 3834<\/strong><\/p>\n<div class=\"page\" title=\"Page 1\">\n<div class=\"layoutArea\">\n<div class=\"column\">\n<p>Im April 2017 hat Tecnomovint den Zertifizierungsprozess seines werkseigenen Produktionssteuerungssystems gem\u00e4\u00df der Norm EN 1090 abgeschlossen und seinen eigenen Schwei\u00dfprozess gem\u00e4\u00df ISO 3834 qualifiziert.<\/p>\n<p>Die europ\u00e4ische Norm EN 1090 legt die Anforderungen an die Ausf\u00fchrung von Stahlkonstruktionen fest, um ein angemessenes Ma\u00df an mechanischer Festigkeit und Stabilit\u00e4t, Verwendbarkeit und Haltbarkeit sicherzustellen.<\/p>\n<\/div>\n<\/div>\n<\/div>\n<p><\/div><\/div><\/div><\/section><br \/>\n<section><div class=\"container-fluid\"><div class=\"fascia-shortcode row\"><div class=\"col-md-3\"><br \/>\n<a href=\"https:\/\/www.tecnomovint.com\/wp-content\/uploads\/2019\/01\/ISO-3834-Saldatura.pdf\"><img loading=\"lazy\" decoding=\"async\" class=\"img-responsive alignnone wp-image-3658 size-full\" src=\"https:\/\/www.tecnomovint.com\/wp-content\/uploads\/2019\/01\/ISO-3834-Saldatura.jpg\" alt=\"ISO-3834-Saldatura\" width=\"210\" height=\"297\" \/><\/a><\/div><div class=\"col-md-9\"><br \/>\nIn der Europ\u00e4ischen Norm EN 1090 wird davon ausgegangen, dass die Arbeiten mit der erforderlichen fachlichen Qualifikation und mit geeigneten Ausr\u00fcstungen und F\u00e4higkeiten ausgef\u00fchrt werden, um eine Arbeit gem\u00e4\u00df den Ausf\u00fchrungsspezifikationen und den Anforderungen der Norm auszuf\u00fchren.<\/p>\n<p>Die Norm ISO 3834 definiert die Qualit\u00e4tsanforderungen f\u00fcr das Schmelzschwei\u00dfen von metallischen Werkstoffen sowohl in der Werkstatt als auch auf der Baustelle.<\/p>\n<p>Verfahren wie das Schmelzschwei\u00dfen werden h\u00e4ufig zur Herstellung vieler Produkte eingesetzt. In einigen Unternehmen sind sie das Hauptmerkmal der Produktion.<\/p>\n<p>Diese Prozesse haben einen gro\u00dfen Einfluss auf die Herstellungskosten und die Produktqualit\u00e4t. Es ist daher wichtig sicherzustellen, dass diese Verfahren auf die effizienteste Weise durchgef\u00fchrt werden und dass alle Aspekte der Ma\u00dfnahme angemessen kontrolliert werden.<\/p>\n<p><\/div><\/div><\/div><\/section><\/p>\n","protected":false},"excerpt":{"rendered":"<p>Die Zertifizierung ist eines der Instrumente, die am meisten dazu beitragen, Firmen auf dem Markt wettbewerbsf\u00e4hig zu machen. Sie wird [&hellip;]<\/p>\n","protected":false},"author":2,"featured_media":0,"parent":0,"menu_order":0,"comment_status":"open","ping_status":"open","template":"","meta":{"footnotes":""},"yoast_head":"<!-- This site is optimized with the Yoast SEO plugin v22.9 - https:\/\/yoast.com\/wordpress\/plugins\/seo\/ -->\n<title>Qualit\u00e4tszertifizierungen - Tecnomovint<\/title>\n<meta name=\"robots\" content=\"index, follow, max-snippet:-1, max-image-preview:large, max-video-preview:-1\" \/>\n<link rel=\"canonical\" href=\"https:\/\/www.tecnomovint.com\/de\/qualitatszertifizierungen\/\" \/>\n<meta property=\"og:locale\" content=\"de_DE\" \/>\n<meta property=\"og:type\" content=\"article\" \/>\n<meta property=\"og:title\" content=\"Qualit\u00e4tszertifizierungen - Tecnomovint\" \/>\n<meta property=\"og:description\" content=\"Die Zertifizierung ist eines der Instrumente, die am meisten dazu beitragen, Firmen auf dem Markt wettbewerbsf\u00e4hig zu machen. Sie wird [&hellip;]\" \/>\n<meta property=\"og:url\" content=\"https:\/\/www.tecnomovint.com\/de\/qualitatszertifizierungen\/\" \/>\n<meta property=\"og:site_name\" content=\"Tecnomovint\" \/>\n<meta property=\"article:modified_time\" content=\"2019-01-29T08:52:31+00:00\" \/>\n<meta property=\"og:image\" content=\"https:\/\/www.tecnomovint.com\/wp-content\/uploads\/2017\/11\/NUOVO-CERTIFICATO-TUV-18-Q-0200068-TIC.jpg\" \/>\n<meta name=\"twitter:card\" content=\"summary_large_image\" \/>\n<meta name=\"twitter:label1\" content=\"Gesch\u00e4tzte Lesezeit\" \/>\n\t<meta name=\"twitter:data1\" content=\"2\u00a0Minuten\" \/>\n<script type=\"application\/ld+json\" class=\"yoast-schema-graph\">{\"@context\":\"https:\/\/schema.org\",\"@graph\":[{\"@type\":\"WebPage\",\"@id\":\"https:\/\/www.tecnomovint.com\/de\/qualitatszertifizierungen\/\",\"url\":\"https:\/\/www.tecnomovint.com\/de\/qualitatszertifizierungen\/\",\"name\":\"Qualit\u00e4tszertifizierungen - Tecnomovint\",\"isPartOf\":{\"@id\":\"https:\/\/www.tecnomovint.com\/#website\"},\"primaryImageOfPage\":{\"@id\":\"https:\/\/www.tecnomovint.com\/de\/qualitatszertifizierungen\/#primaryimage\"},\"image\":{\"@id\":\"https:\/\/www.tecnomovint.com\/de\/qualitatszertifizierungen\/#primaryimage\"},\"thumbnailUrl\":\"https:\/\/www.tecnomovint.com\/wp-content\/uploads\/2017\/11\/NUOVO-CERTIFICATO-TUV-18-Q-0200068-TIC.jpg\",\"datePublished\":\"2017-11-13T14:46:00+00:00\",\"dateModified\":\"2019-01-29T08:52:31+00:00\",\"breadcrumb\":{\"@id\":\"https:\/\/www.tecnomovint.com\/de\/qualitatszertifizierungen\/#breadcrumb\"},\"inLanguage\":\"de\",\"potentialAction\":[{\"@type\":\"ReadAction\",\"target\":[\"https:\/\/www.tecnomovint.com\/de\/qualitatszertifizierungen\/\"]}]},{\"@type\":\"ImageObject\",\"inLanguage\":\"de\",\"@id\":\"https:\/\/www.tecnomovint.com\/de\/qualitatszertifizierungen\/#primaryimage\",\"url\":\"https:\/\/www.tecnomovint.com\/wp-content\/uploads\/2017\/11\/NUOVO-CERTIFICATO-TUV-18-Q-0200068-TIC.jpg\",\"contentUrl\":\"https:\/\/www.tecnomovint.com\/wp-content\/uploads\/2017\/11\/NUOVO-CERTIFICATO-TUV-18-Q-0200068-TIC.jpg\"},{\"@type\":\"BreadcrumbList\",\"@id\":\"https:\/\/www.tecnomovint.com\/de\/qualitatszertifizierungen\/#breadcrumb\",\"itemListElement\":[{\"@type\":\"ListItem\",\"position\":1,\"name\":\"Home\",\"item\":\"https:\/\/www.tecnomovint.com\/\"},{\"@type\":\"ListItem\",\"position\":2,\"name\":\"Qualit\u00e4tszertifizierungen\"}]},{\"@type\":\"WebSite\",\"@id\":\"https:\/\/www.tecnomovint.com\/#website\",\"url\":\"https:\/\/www.tecnomovint.com\/\",\"name\":\"Tecnomovint\",\"description\":\"Lifting solutions\",\"potentialAction\":[{\"@type\":\"SearchAction\",\"target\":{\"@type\":\"EntryPoint\",\"urlTemplate\":\"https:\/\/www.tecnomovint.com\/?s={search_term_string}\"},\"query-input\":\"required name=search_term_string\"}],\"inLanguage\":\"de\"}]}<\/script>\n<!-- \/ Yoast SEO plugin. -->","yoast_head_json":{"title":"Qualit\u00e4tszertifizierungen - Tecnomovint","robots":{"index":"index","follow":"follow","max-snippet":"max-snippet:-1","max-image-preview":"max-image-preview:large","max-video-preview":"max-video-preview:-1"},"canonical":"https:\/\/www.tecnomovint.com\/de\/qualitatszertifizierungen\/","og_locale":"de_DE","og_type":"article","og_title":"Qualit\u00e4tszertifizierungen - Tecnomovint","og_description":"Die Zertifizierung ist eines der Instrumente, die am meisten dazu beitragen, Firmen auf dem Markt wettbewerbsf\u00e4hig zu machen. Sie wird [&hellip;]","og_url":"https:\/\/www.tecnomovint.com\/de\/qualitatszertifizierungen\/","og_site_name":"Tecnomovint","article_modified_time":"2019-01-29T08:52:31+00:00","og_image":[{"url":"https:\/\/www.tecnomovint.com\/wp-content\/uploads\/2017\/11\/NUOVO-CERTIFICATO-TUV-18-Q-0200068-TIC.jpg"}],"twitter_card":"summary_large_image","twitter_misc":{"Gesch\u00e4tzte Lesezeit":"2\u00a0Minuten"},"schema":{"@context":"https:\/\/schema.org","@graph":[{"@type":"WebPage","@id":"https:\/\/www.tecnomovint.com\/de\/qualitatszertifizierungen\/","url":"https:\/\/www.tecnomovint.com\/de\/qualitatszertifizierungen\/","name":"Qualit\u00e4tszertifizierungen - Tecnomovint","isPartOf":{"@id":"https:\/\/www.tecnomovint.com\/#website"},"primaryImageOfPage":{"@id":"https:\/\/www.tecnomovint.com\/de\/qualitatszertifizierungen\/#primaryimage"},"image":{"@id":"https:\/\/www.tecnomovint.com\/de\/qualitatszertifizierungen\/#primaryimage"},"thumbnailUrl":"https:\/\/www.tecnomovint.com\/wp-content\/uploads\/2017\/11\/NUOVO-CERTIFICATO-TUV-18-Q-0200068-TIC.jpg","datePublished":"2017-11-13T14:46:00+00:00","dateModified":"2019-01-29T08:52:31+00:00","breadcrumb":{"@id":"https:\/\/www.tecnomovint.com\/de\/qualitatszertifizierungen\/#breadcrumb"},"inLanguage":"de","potentialAction":[{"@type":"ReadAction","target":["https:\/\/www.tecnomovint.com\/de\/qualitatszertifizierungen\/"]}]},{"@type":"ImageObject","inLanguage":"de","@id":"https:\/\/www.tecnomovint.com\/de\/qualitatszertifizierungen\/#primaryimage","url":"https:\/\/www.tecnomovint.com\/wp-content\/uploads\/2017\/11\/NUOVO-CERTIFICATO-TUV-18-Q-0200068-TIC.jpg","contentUrl":"https:\/\/www.tecnomovint.com\/wp-content\/uploads\/2017\/11\/NUOVO-CERTIFICATO-TUV-18-Q-0200068-TIC.jpg"},{"@type":"BreadcrumbList","@id":"https:\/\/www.tecnomovint.com\/de\/qualitatszertifizierungen\/#breadcrumb","itemListElement":[{"@type":"ListItem","position":1,"name":"Home","item":"https:\/\/www.tecnomovint.com\/"},{"@type":"ListItem","position":2,"name":"Qualit\u00e4tszertifizierungen"}]},{"@type":"WebSite","@id":"https:\/\/www.tecnomovint.com\/#website","url":"https:\/\/www.tecnomovint.com\/","name":"Tecnomovint","description":"Lifting solutions","potentialAction":[{"@type":"SearchAction","target":{"@type":"EntryPoint","urlTemplate":"https:\/\/www.tecnomovint.com\/?s={search_term_string}"},"query-input":"required name=search_term_string"}],"inLanguage":"de"}]}},"_links":{"self":[{"href":"https:\/\/www.tecnomovint.com\/de\/wp-json\/wp\/v2\/pages\/3631"}],"collection":[{"href":"https:\/\/www.tecnomovint.com\/de\/wp-json\/wp\/v2\/pages"}],"about":[{"href":"https:\/\/www.tecnomovint.com\/de\/wp-json\/wp\/v2\/types\/page"}],"author":[{"embeddable":true,"href":"https:\/\/www.tecnomovint.com\/de\/wp-json\/wp\/v2\/users\/2"}],"replies":[{"embeddable":true,"href":"https:\/\/www.tecnomovint.com\/de\/wp-json\/wp\/v2\/comments?post=3631"}],"version-history":[{"count":3,"href":"https:\/\/www.tecnomovint.com\/de\/wp-json\/wp\/v2\/pages\/3631\/revisions"}],"predecessor-version":[{"id":3669,"href":"https:\/\/www.tecnomovint.com\/de\/wp-json\/wp\/v2\/pages\/3631\/revisions\/3669"}],"wp:attachment":[{"href":"https:\/\/www.tecnomovint.com\/de\/wp-json\/wp\/v2\/media?parent=3631"}],"curies":[{"name":"wp","href":"https:\/\/api.w.org\/{rel}","templated":true}]}}