{"id":2888,"date":"2015-04-03T17:23:46","date_gmt":"2015-04-03T15:23:46","guid":{"rendered":"http:\/\/www.tecnomovint.com\/?page_id=2888"},"modified":"2025-02-13T10:33:48","modified_gmt":"2025-02-13T09:33:48","slug":"red-empresarial","status":"publish","type":"page","link":"https:\/\/www.tecnomovint.com\/es\/red-empresarial\/","title":{"rendered":"GRUPO"},"content":{"rendered":"<h3><img loading=\"lazy\" decoding=\"async\" class=\"aligncenter wp-image-9943 size-full\" src=\"https:\/\/www.tecnomovint.com\/wp-content\/uploads\/2025\/02\/ventaglio.jpeg\" alt=\"\" width=\"933\" height=\"758\" srcset=\"https:\/\/www.tecnomovint.com\/wp-content\/uploads\/2025\/02\/ventaglio.jpeg 933w, https:\/\/www.tecnomovint.com\/wp-content\/uploads\/2025\/02\/ventaglio-300x244.jpeg 300w, https:\/\/www.tecnomovint.com\/wp-content\/uploads\/2025\/02\/ventaglio-768x624.jpeg 768w, https:\/\/www.tecnomovint.com\/wp-content\/uploads\/2025\/02\/ventaglio-24x19.jpeg 24w, https:\/\/www.tecnomovint.com\/wp-content\/uploads\/2025\/02\/ventaglio-36x29.jpeg 36w, https:\/\/www.tecnomovint.com\/wp-content\/uploads\/2025\/02\/ventaglio-48x39.jpeg 48w\" sizes=\"(max-width: 933px) 100vw, 933px\" \/><\/h3>\n<h3><\/h3>\n<h3 style=\"text-align: center;\"><span style=\"color: #003366;\"><strong>\u00abLa uni\u00f3n hace la fuerza\u00bb<\/strong><\/span><\/h3>\n<p>&nbsp;<\/p>\n<p class=\"aligncenter\" style=\"text-align: center;\" align=\"center\"><img loading=\"lazy\" decoding=\"async\" class=\"alignleft\" style=\"float: center; margin-right: 10px;\" src=\"https:\/\/www.tecnomovint.com\/wp-content\/uploads\/2019\/05\/logo3.png\" alt=\"logo3\" width=\"216\" height=\"68\" \/><\/p>\n<p style=\"text-align: center;\">La rete di imprese <span style=\"color: #003366;\"><strong>TECNOMOVINT GROUP<\/strong><\/span> fue creada para unificar todas las especialidades implicadas en el sector de las gr\u00faas para satisfacer a las necesidades del cliente.<br \/>\nOfrecemos una soluci\u00f3n amplia, productos integrados, servicios y soluciones t\u00e9cnicas que proporcionan la coordinaci\u00f3n estrat\u00e9gica y la cobertura geogr\u00e1fica amplia.<\/p>\n<p>&nbsp;<\/p>\n<p style=\"text-align: center;\"><img loading=\"lazy\" decoding=\"async\" class=\"wp-image-246 size-full\" src=\"https:\/\/www.tecnomovint.com\/wp-content\/uploads\/2014\/10\/tcs.png\" alt=\"\" width=\"171\" height=\"50\" srcset=\"https:\/\/www.tecnomovint.com\/wp-content\/uploads\/2014\/10\/tcs.png 171w, https:\/\/www.tecnomovint.com\/wp-content\/uploads\/2014\/10\/tcs-24x7.png 24w, https:\/\/www.tecnomovint.com\/wp-content\/uploads\/2014\/10\/tcs-36x10.png 36w, https:\/\/www.tecnomovint.com\/wp-content\/uploads\/2014\/10\/tcs-48x14.png 48w\" sizes=\"(max-width: 171px) 100vw, 171px\" \/><\/p>\n<p style=\"text-align: center;\">Especialista en la instalaci\u00f3n de nuevos sistemas de elevaci\u00f3n. Las empresas especializadas en el mantenimiento, reparaci\u00f3n y modernizaci\u00f3n de puentes gr\u00faa, gr\u00faa pluma y polipastos el\u00e9ctricos.<br \/>\nEficiente en ayudar con el mantenimiento preventivo y planificado, tanto de derecho que detallato.<\/p>\n<p>&nbsp;<\/p>\n<p style=\"text-align: center;\"><img loading=\"lazy\" decoding=\"async\" class=\"wp-image-247 size-full\" src=\"https:\/\/www.tecnomovint.com\/wp-content\/uploads\/2014\/10\/rcs.png\" alt=\"\" width=\"200\" height=\"50\" srcset=\"https:\/\/www.tecnomovint.com\/wp-content\/uploads\/2014\/10\/rcs.png 200w, https:\/\/www.tecnomovint.com\/wp-content\/uploads\/2014\/10\/rcs-24x6.png 24w, https:\/\/www.tecnomovint.com\/wp-content\/uploads\/2014\/10\/rcs-36x9.png 36w, https:\/\/www.tecnomovint.com\/wp-content\/uploads\/2014\/10\/rcs-48x12.png 48w\" sizes=\"(max-width: 200px) 100vw, 200px\" \/><\/p>\n<p style=\"text-align: center;\">Empresa especializada en el servicio, la reparaci\u00f3n, la instalaci\u00f3n y el cableado de los controles remotos industriales en equipos y aparatos de elevaci\u00f3n.<br \/>\nTambi\u00e9n podr\u00e1 hacer e instalar aplicaciones de mecatr\u00f3nica.<\/p>\n<p>&nbsp;<\/p>\n<p style=\"text-align: center;\"><img loading=\"lazy\" decoding=\"async\" class=\"wp-image-248 size-full\" src=\"https:\/\/www.tecnomovint.com\/wp-content\/uploads\/2014\/10\/csc.png\" alt=\"\" width=\"200\" height=\"50\" srcset=\"https:\/\/www.tecnomovint.com\/wp-content\/uploads\/2014\/10\/csc.png 200w, https:\/\/www.tecnomovint.com\/wp-content\/uploads\/2014\/10\/csc-24x6.png 24w, https:\/\/www.tecnomovint.com\/wp-content\/uploads\/2014\/10\/csc-36x9.png 36w, https:\/\/www.tecnomovint.com\/wp-content\/uploads\/2014\/10\/csc-48x12.png 48w\" sizes=\"(max-width: 200px) 100vw, 200px\" \/><\/p>\n<p style=\"text-align: center;\">Nos encargamos de la investigaci\u00f3n y comercializaci\u00f3n de componentes mecatr\u00f3nicos, neum\u00e1ticas, equipos y sistemas para la elevaci\u00f3n hidr\u00e1ulica.<\/p>\n","protected":false},"excerpt":{"rendered":"<p>\u00abLa uni\u00f3n hace la fuerza\u00bb &nbsp; La rete di imprese TECNOMOVINT GROUP fue creada para unificar todas las especialidades implicadas [&hellip;]<\/p>\n","protected":false},"author":3,"featured_media":0,"parent":0,"menu_order":0,"comment_status":"open","ping_status":"open","template":"","meta":{"footnotes":""},"yoast_head":"<!-- This site is optimized with the Yoast SEO plugin v22.9 - https:\/\/yoast.com\/wordpress\/plugins\/seo\/ -->\n<title>GRUPO - Tecnomovint<\/title>\n<meta name=\"robots\" content=\"index, follow, max-snippet:-1, max-image-preview:large, max-video-preview:-1\" \/>\n<link rel=\"canonical\" href=\"https:\/\/www.tecnomovint.com\/es\/red-empresarial\/\" \/>\n<meta property=\"og:locale\" content=\"es_ES\" \/>\n<meta property=\"og:type\" content=\"article\" \/>\n<meta property=\"og:title\" content=\"GRUPO - Tecnomovint\" \/>\n<meta property=\"og:description\" content=\"\u00abLa uni\u00f3n hace la fuerza\u00bb &nbsp; La rete di imprese TECNOMOVINT GROUP fue creada para unificar todas las especialidades implicadas [&hellip;]\" \/>\n<meta property=\"og:url\" content=\"https:\/\/www.tecnomovint.com\/es\/red-empresarial\/\" \/>\n<meta property=\"og:site_name\" content=\"Tecnomovint\" \/>\n<meta property=\"article:modified_time\" content=\"2025-02-13T09:33:48+00:00\" \/>\n<meta property=\"og:image\" content=\"https:\/\/www.tecnomovint.com\/wp-content\/uploads\/2025\/02\/ventaglio.jpeg\" \/>\n<meta name=\"twitter:card\" content=\"summary_large_image\" \/>\n<meta name=\"twitter:label1\" content=\"Tiempo de lectura\" \/>\n\t<meta name=\"twitter:data1\" content=\"2 minutos\" \/>\n<script type=\"application\/ld+json\" class=\"yoast-schema-graph\">{\"@context\":\"https:\/\/schema.org\",\"@graph\":[{\"@type\":\"WebPage\",\"@id\":\"https:\/\/www.tecnomovint.com\/es\/red-empresarial\/\",\"url\":\"https:\/\/www.tecnomovint.com\/es\/red-empresarial\/\",\"name\":\"GRUPO - Tecnomovint\",\"isPartOf\":{\"@id\":\"https:\/\/www.tecnomovint.com\/#website\"},\"primaryImageOfPage\":{\"@id\":\"https:\/\/www.tecnomovint.com\/es\/red-empresarial\/#primaryimage\"},\"image\":{\"@id\":\"https:\/\/www.tecnomovint.com\/es\/red-empresarial\/#primaryimage\"},\"thumbnailUrl\":\"https:\/\/www.tecnomovint.com\/wp-content\/uploads\/2025\/02\/ventaglio.jpeg\",\"datePublished\":\"2015-04-03T15:23:46+00:00\",\"dateModified\":\"2025-02-13T09:33:48+00:00\",\"breadcrumb\":{\"@id\":\"https:\/\/www.tecnomovint.com\/es\/red-empresarial\/#breadcrumb\"},\"inLanguage\":\"es\",\"potentialAction\":[{\"@type\":\"ReadAction\",\"target\":[\"https:\/\/www.tecnomovint.com\/es\/red-empresarial\/\"]}]},{\"@type\":\"ImageObject\",\"inLanguage\":\"es\",\"@id\":\"https:\/\/www.tecnomovint.com\/es\/red-empresarial\/#primaryimage\",\"url\":\"https:\/\/www.tecnomovint.com\/wp-content\/uploads\/2025\/02\/ventaglio.jpeg\",\"contentUrl\":\"https:\/\/www.tecnomovint.com\/wp-content\/uploads\/2025\/02\/ventaglio.jpeg\"},{\"@type\":\"BreadcrumbList\",\"@id\":\"https:\/\/www.tecnomovint.com\/es\/red-empresarial\/#breadcrumb\",\"itemListElement\":[{\"@type\":\"ListItem\",\"position\":1,\"name\":\"Home\",\"item\":\"https:\/\/www.tecnomovint.com\/\"},{\"@type\":\"ListItem\",\"position\":2,\"name\":\"GRUPO\"}]},{\"@type\":\"WebSite\",\"@id\":\"https:\/\/www.tecnomovint.com\/#website\",\"url\":\"https:\/\/www.tecnomovint.com\/\",\"name\":\"Tecnomovint\",\"description\":\"Lifting solutions\",\"potentialAction\":[{\"@type\":\"SearchAction\",\"target\":{\"@type\":\"EntryPoint\",\"urlTemplate\":\"https:\/\/www.tecnomovint.com\/?s={search_term_string}\"},\"query-input\":\"required name=search_term_string\"}],\"inLanguage\":\"es\"}]}<\/script>\n<!-- \/ Yoast SEO plugin. -->","yoast_head_json":{"title":"GRUPO - Tecnomovint","robots":{"index":"index","follow":"follow","max-snippet":"max-snippet:-1","max-image-preview":"max-image-preview:large","max-video-preview":"max-video-preview:-1"},"canonical":"https:\/\/www.tecnomovint.com\/es\/red-empresarial\/","og_locale":"es_ES","og_type":"article","og_title":"GRUPO - Tecnomovint","og_description":"\u00abLa uni\u00f3n hace la fuerza\u00bb &nbsp; La rete di imprese TECNOMOVINT GROUP fue creada para unificar todas las especialidades implicadas [&hellip;]","og_url":"https:\/\/www.tecnomovint.com\/es\/red-empresarial\/","og_site_name":"Tecnomovint","article_modified_time":"2025-02-13T09:33:48+00:00","og_image":[{"url":"https:\/\/www.tecnomovint.com\/wp-content\/uploads\/2025\/02\/ventaglio.jpeg"}],"twitter_card":"summary_large_image","twitter_misc":{"Tiempo de lectura":"2 minutos"},"schema":{"@context":"https:\/\/schema.org","@graph":[{"@type":"WebPage","@id":"https:\/\/www.tecnomovint.com\/es\/red-empresarial\/","url":"https:\/\/www.tecnomovint.com\/es\/red-empresarial\/","name":"GRUPO - Tecnomovint","isPartOf":{"@id":"https:\/\/www.tecnomovint.com\/#website"},"primaryImageOfPage":{"@id":"https:\/\/www.tecnomovint.com\/es\/red-empresarial\/#primaryimage"},"image":{"@id":"https:\/\/www.tecnomovint.com\/es\/red-empresarial\/#primaryimage"},"thumbnailUrl":"https:\/\/www.tecnomovint.com\/wp-content\/uploads\/2025\/02\/ventaglio.jpeg","datePublished":"2015-04-03T15:23:46+00:00","dateModified":"2025-02-13T09:33:48+00:00","breadcrumb":{"@id":"https:\/\/www.tecnomovint.com\/es\/red-empresarial\/#breadcrumb"},"inLanguage":"es","potentialAction":[{"@type":"ReadAction","target":["https:\/\/www.tecnomovint.com\/es\/red-empresarial\/"]}]},{"@type":"ImageObject","inLanguage":"es","@id":"https:\/\/www.tecnomovint.com\/es\/red-empresarial\/#primaryimage","url":"https:\/\/www.tecnomovint.com\/wp-content\/uploads\/2025\/02\/ventaglio.jpeg","contentUrl":"https:\/\/www.tecnomovint.com\/wp-content\/uploads\/2025\/02\/ventaglio.jpeg"},{"@type":"BreadcrumbList","@id":"https:\/\/www.tecnomovint.com\/es\/red-empresarial\/#breadcrumb","itemListElement":[{"@type":"ListItem","position":1,"name":"Home","item":"https:\/\/www.tecnomovint.com\/"},{"@type":"ListItem","position":2,"name":"GRUPO"}]},{"@type":"WebSite","@id":"https:\/\/www.tecnomovint.com\/#website","url":"https:\/\/www.tecnomovint.com\/","name":"Tecnomovint","description":"Lifting solutions","potentialAction":[{"@type":"SearchAction","target":{"@type":"EntryPoint","urlTemplate":"https:\/\/www.tecnomovint.com\/?s={search_term_string}"},"query-input":"required name=search_term_string"}],"inLanguage":"es"}]}},"_links":{"self":[{"href":"https:\/\/www.tecnomovint.com\/es\/wp-json\/wp\/v2\/pages\/2888"}],"collection":[{"href":"https:\/\/www.tecnomovint.com\/es\/wp-json\/wp\/v2\/pages"}],"about":[{"href":"https:\/\/www.tecnomovint.com\/es\/wp-json\/wp\/v2\/types\/page"}],"author":[{"embeddable":true,"href":"https:\/\/www.tecnomovint.com\/es\/wp-json\/wp\/v2\/users\/3"}],"replies":[{"embeddable":true,"href":"https:\/\/www.tecnomovint.com\/es\/wp-json\/wp\/v2\/comments?post=2888"}],"version-history":[{"count":9,"href":"https:\/\/www.tecnomovint.com\/es\/wp-json\/wp\/v2\/pages\/2888\/revisions"}],"predecessor-version":[{"id":9952,"href":"https:\/\/www.tecnomovint.com\/es\/wp-json\/wp\/v2\/pages\/2888\/revisions\/9952"}],"wp:attachment":[{"href":"https:\/\/www.tecnomovint.com\/es\/wp-json\/wp\/v2\/media?parent=2888"}],"curies":[{"name":"wp","href":"https:\/\/api.w.org\/{rel}","templated":true}]}}