{"id":2898,"date":"2015-04-07T10:08:39","date_gmt":"2015-04-07T08:08:39","guid":{"rendered":"http:\/\/www.tecnomovint.com\/?page_id=2898"},"modified":"2015-04-07T10:08:39","modified_gmt":"2015-04-07T08:08:39","slug":"investigacion-y-desarrollo","status":"publish","type":"page","link":"https:\/\/www.tecnomovint.com\/es\/investigacion-y-desarrollo\/","title":{"rendered":"INVESTIGACI\u00d3N Y DESARROLLO"},"content":{"rendered":"<h3><span style=\"color: #003366;\">APARATOS EN ALUMINIO<\/span><\/h3>\n<p>A petici\u00f3n Tecnomovint realiza aparatos en aluminio, pr\u00e1ctico y ligero gracias a la innovaci\u00f3n de la elecci\u00f3n del material utilizado. Considerando el per\u00edmetro constante comparaci\u00f3n con equipamiento de serie tienen un menor tara y por lo tanto son ideales para su uso en combinaci\u00f3n con gr\u00faas ligeras y por lo tanto aumentar su capacidad. Adem\u00e1s de tener la ventaja de un menor peso intr\u00ednseco, los aparatos TECNOMOVINT en aluminio no necesitan un mayor refinamiento.<\/p>\n<p><img loading=\"lazy\" decoding=\"async\" class=\"alignnone wp-image-1888 size-full\" src=\"https:\/\/www.tecnomovint.com\/wp-content\/uploads\/2015\/01\/bilancini-2.jpg\" alt=\"\" width=\"199\" height=\"265\" srcset=\"https:\/\/www.tecnomovint.com\/wp-content\/uploads\/2015\/01\/bilancini-2.jpg 199w, https:\/\/www.tecnomovint.com\/wp-content\/uploads\/2015\/01\/bilancini-2-18x24.jpg 18w, https:\/\/www.tecnomovint.com\/wp-content\/uploads\/2015\/01\/bilancini-2-27x36.jpg 27w, https:\/\/www.tecnomovint.com\/wp-content\/uploads\/2015\/01\/bilancini-2-36x48.jpg 36w\" sizes=\"(max-width: 199px) 100vw, 199px\" \/><\/p>\n","protected":false},"excerpt":{"rendered":"<p>APARATOS EN ALUMINIO A petici\u00f3n Tecnomovint realiza aparatos en aluminio, pr\u00e1ctico y ligero gracias a la innovaci\u00f3n de la elecci\u00f3n [&hellip;]<\/p>\n","protected":false},"author":3,"featured_media":0,"parent":0,"menu_order":0,"comment_status":"open","ping_status":"open","template":"","meta":{"footnotes":""},"yoast_head":"<!-- This site is optimized with the Yoast SEO plugin v22.9 - https:\/\/yoast.com\/wordpress\/plugins\/seo\/ -->\n<title>INVESTIGACI\u00d3N Y DESARROLLO - Tecnomovint<\/title>\n<meta name=\"robots\" content=\"index, follow, max-snippet:-1, max-image-preview:large, max-video-preview:-1\" \/>\n<link rel=\"canonical\" href=\"https:\/\/www.tecnomovint.com\/es\/investigacion-y-desarrollo\/\" \/>\n<meta property=\"og:locale\" content=\"es_ES\" \/>\n<meta property=\"og:type\" content=\"article\" \/>\n<meta property=\"og:title\" content=\"INVESTIGACI\u00d3N Y DESARROLLO - Tecnomovint\" \/>\n<meta property=\"og:description\" content=\"APARATOS EN ALUMINIO A petici\u00f3n Tecnomovint realiza aparatos en aluminio, pr\u00e1ctico y ligero gracias a la innovaci\u00f3n de la elecci\u00f3n [&hellip;]\" \/>\n<meta property=\"og:url\" content=\"https:\/\/www.tecnomovint.com\/es\/investigacion-y-desarrollo\/\" \/>\n<meta property=\"og:site_name\" content=\"Tecnomovint\" \/>\n<meta property=\"og:image\" content=\"https:\/\/www.tecnomovint.com\/wp-content\/uploads\/2015\/01\/bilancini-2.jpg\" \/>\n<meta name=\"twitter:card\" content=\"summary_large_image\" \/>\n<script type=\"application\/ld+json\" class=\"yoast-schema-graph\">{\"@context\":\"https:\/\/schema.org\",\"@graph\":[{\"@type\":\"WebPage\",\"@id\":\"https:\/\/www.tecnomovint.com\/es\/investigacion-y-desarrollo\/\",\"url\":\"https:\/\/www.tecnomovint.com\/es\/investigacion-y-desarrollo\/\",\"name\":\"INVESTIGACI\u00d3N Y DESARROLLO - Tecnomovint\",\"isPartOf\":{\"@id\":\"https:\/\/www.tecnomovint.com\/#website\"},\"primaryImageOfPage\":{\"@id\":\"https:\/\/www.tecnomovint.com\/es\/investigacion-y-desarrollo\/#primaryimage\"},\"image\":{\"@id\":\"https:\/\/www.tecnomovint.com\/es\/investigacion-y-desarrollo\/#primaryimage\"},\"thumbnailUrl\":\"https:\/\/www.tecnomovint.com\/wp-content\/uploads\/2015\/01\/bilancini-2.jpg\",\"datePublished\":\"2015-04-07T08:08:39+00:00\",\"dateModified\":\"2015-04-07T08:08:39+00:00\",\"breadcrumb\":{\"@id\":\"https:\/\/www.tecnomovint.com\/es\/investigacion-y-desarrollo\/#breadcrumb\"},\"inLanguage\":\"es\",\"potentialAction\":[{\"@type\":\"ReadAction\",\"target\":[\"https:\/\/www.tecnomovint.com\/es\/investigacion-y-desarrollo\/\"]}]},{\"@type\":\"ImageObject\",\"inLanguage\":\"es\",\"@id\":\"https:\/\/www.tecnomovint.com\/es\/investigacion-y-desarrollo\/#primaryimage\",\"url\":\"https:\/\/www.tecnomovint.com\/wp-content\/uploads\/2015\/01\/bilancini-2.jpg\",\"contentUrl\":\"https:\/\/www.tecnomovint.com\/wp-content\/uploads\/2015\/01\/bilancini-2.jpg\"},{\"@type\":\"BreadcrumbList\",\"@id\":\"https:\/\/www.tecnomovint.com\/es\/investigacion-y-desarrollo\/#breadcrumb\",\"itemListElement\":[{\"@type\":\"ListItem\",\"position\":1,\"name\":\"Home\",\"item\":\"https:\/\/www.tecnomovint.com\/\"},{\"@type\":\"ListItem\",\"position\":2,\"name\":\"INVESTIGACI\u00d3N Y DESARROLLO\"}]},{\"@type\":\"WebSite\",\"@id\":\"https:\/\/www.tecnomovint.com\/#website\",\"url\":\"https:\/\/www.tecnomovint.com\/\",\"name\":\"Tecnomovint\",\"description\":\"Lifting solutions\",\"potentialAction\":[{\"@type\":\"SearchAction\",\"target\":{\"@type\":\"EntryPoint\",\"urlTemplate\":\"https:\/\/www.tecnomovint.com\/?s={search_term_string}\"},\"query-input\":\"required name=search_term_string\"}],\"inLanguage\":\"es\"}]}<\/script>\n<!-- \/ Yoast SEO plugin. -->","yoast_head_json":{"title":"INVESTIGACI\u00d3N Y DESARROLLO - Tecnomovint","robots":{"index":"index","follow":"follow","max-snippet":"max-snippet:-1","max-image-preview":"max-image-preview:large","max-video-preview":"max-video-preview:-1"},"canonical":"https:\/\/www.tecnomovint.com\/es\/investigacion-y-desarrollo\/","og_locale":"es_ES","og_type":"article","og_title":"INVESTIGACI\u00d3N Y DESARROLLO - Tecnomovint","og_description":"APARATOS EN ALUMINIO A petici\u00f3n Tecnomovint realiza aparatos en aluminio, pr\u00e1ctico y ligero gracias a la innovaci\u00f3n de la elecci\u00f3n [&hellip;]","og_url":"https:\/\/www.tecnomovint.com\/es\/investigacion-y-desarrollo\/","og_site_name":"Tecnomovint","og_image":[{"url":"https:\/\/www.tecnomovint.com\/wp-content\/uploads\/2015\/01\/bilancini-2.jpg"}],"twitter_card":"summary_large_image","schema":{"@context":"https:\/\/schema.org","@graph":[{"@type":"WebPage","@id":"https:\/\/www.tecnomovint.com\/es\/investigacion-y-desarrollo\/","url":"https:\/\/www.tecnomovint.com\/es\/investigacion-y-desarrollo\/","name":"INVESTIGACI\u00d3N Y DESARROLLO - Tecnomovint","isPartOf":{"@id":"https:\/\/www.tecnomovint.com\/#website"},"primaryImageOfPage":{"@id":"https:\/\/www.tecnomovint.com\/es\/investigacion-y-desarrollo\/#primaryimage"},"image":{"@id":"https:\/\/www.tecnomovint.com\/es\/investigacion-y-desarrollo\/#primaryimage"},"thumbnailUrl":"https:\/\/www.tecnomovint.com\/wp-content\/uploads\/2015\/01\/bilancini-2.jpg","datePublished":"2015-04-07T08:08:39+00:00","dateModified":"2015-04-07T08:08:39+00:00","breadcrumb":{"@id":"https:\/\/www.tecnomovint.com\/es\/investigacion-y-desarrollo\/#breadcrumb"},"inLanguage":"es","potentialAction":[{"@type":"ReadAction","target":["https:\/\/www.tecnomovint.com\/es\/investigacion-y-desarrollo\/"]}]},{"@type":"ImageObject","inLanguage":"es","@id":"https:\/\/www.tecnomovint.com\/es\/investigacion-y-desarrollo\/#primaryimage","url":"https:\/\/www.tecnomovint.com\/wp-content\/uploads\/2015\/01\/bilancini-2.jpg","contentUrl":"https:\/\/www.tecnomovint.com\/wp-content\/uploads\/2015\/01\/bilancini-2.jpg"},{"@type":"BreadcrumbList","@id":"https:\/\/www.tecnomovint.com\/es\/investigacion-y-desarrollo\/#breadcrumb","itemListElement":[{"@type":"ListItem","position":1,"name":"Home","item":"https:\/\/www.tecnomovint.com\/"},{"@type":"ListItem","position":2,"name":"INVESTIGACI\u00d3N Y DESARROLLO"}]},{"@type":"WebSite","@id":"https:\/\/www.tecnomovint.com\/#website","url":"https:\/\/www.tecnomovint.com\/","name":"Tecnomovint","description":"Lifting solutions","potentialAction":[{"@type":"SearchAction","target":{"@type":"EntryPoint","urlTemplate":"https:\/\/www.tecnomovint.com\/?s={search_term_string}"},"query-input":"required name=search_term_string"}],"inLanguage":"es"}]}},"_links":{"self":[{"href":"https:\/\/www.tecnomovint.com\/es\/wp-json\/wp\/v2\/pages\/2898"}],"collection":[{"href":"https:\/\/www.tecnomovint.com\/es\/wp-json\/wp\/v2\/pages"}],"about":[{"href":"https:\/\/www.tecnomovint.com\/es\/wp-json\/wp\/v2\/types\/page"}],"author":[{"embeddable":true,"href":"https:\/\/www.tecnomovint.com\/es\/wp-json\/wp\/v2\/users\/3"}],"replies":[{"embeddable":true,"href":"https:\/\/www.tecnomovint.com\/es\/wp-json\/wp\/v2\/comments?post=2898"}],"version-history":[{"count":1,"href":"https:\/\/www.tecnomovint.com\/es\/wp-json\/wp\/v2\/pages\/2898\/revisions"}],"predecessor-version":[{"id":2899,"href":"https:\/\/www.tecnomovint.com\/es\/wp-json\/wp\/v2\/pages\/2898\/revisions\/2899"}],"wp:attachment":[{"href":"https:\/\/www.tecnomovint.com\/es\/wp-json\/wp\/v2\/media?parent=2898"}],"curies":[{"name":"wp","href":"https:\/\/api.w.org\/{rel}","templated":true}]}}