{"id":2915,"date":"2015-04-07T10:47:29","date_gmt":"2015-04-07T08:47:29","guid":{"rendered":"http:\/\/www.tecnomovint.com\/?page_id=2915"},"modified":"2015-04-07T10:47:29","modified_gmt":"2015-04-07T08:47:29","slug":"asistencia-posventa","status":"publish","type":"page","link":"https:\/\/www.tecnomovint.com\/es\/asistencia-posventa\/","title":{"rendered":"ASISTENCIA POSVENTA"},"content":{"rendered":"<p><a href=\"https:\/\/www.tecnomovint.com\/wp-content\/uploads\/2014\/12\/ASSISTENZA-POST-VENDITA.jpg\"><img loading=\"lazy\" decoding=\"async\" class=\"alignleft size-full wp-image-1541\" src=\"https:\/\/www.tecnomovint.com\/wp-content\/uploads\/2014\/12\/ASSISTENZA-POST-VENDITA.jpg\" alt=\"ASSISTENZA POST VENDITA\" width=\"375\" height=\"250\" srcset=\"https:\/\/www.tecnomovint.com\/wp-content\/uploads\/2014\/12\/ASSISTENZA-POST-VENDITA.jpg 375w, https:\/\/www.tecnomovint.com\/wp-content\/uploads\/2014\/12\/ASSISTENZA-POST-VENDITA-300x200.jpg 300w, https:\/\/www.tecnomovint.com\/wp-content\/uploads\/2014\/12\/ASSISTENZA-POST-VENDITA-24x16.jpg 24w, https:\/\/www.tecnomovint.com\/wp-content\/uploads\/2014\/12\/ASSISTENZA-POST-VENDITA-36x24.jpg 36w, https:\/\/www.tecnomovint.com\/wp-content\/uploads\/2014\/12\/ASSISTENZA-POST-VENDITA-48x32.jpg 48w\" sizes=\"(max-width: 375px) 100vw, 375px\" \/><\/a><\/p>\n<p>Ofrecemos un servicio oportuno y calificado de posventa: nuestros t\u00e9cnicos est\u00e1n a su disposici\u00f3n para hacer el diagn\u00f3stico y reparar cualquier falla. Un esp\u00edritu de cooperaci\u00f3n y flexibilidad seran encontrar soluciones eficaces a todas sus necesidades. Entre las \u00e1reas de servicio posventa tambi\u00e9n trabajamos en el c\u00e1lculo de la vida \u00fatil restante de las gr\u00faas y quejas ISPESL.<\/p>\n","protected":false},"excerpt":{"rendered":"<p>Ofrecemos un servicio oportuno y calificado de posventa: nuestros t\u00e9cnicos est\u00e1n a su disposici\u00f3n para hacer el diagn\u00f3stico y reparar [&hellip;]<\/p>\n","protected":false},"author":3,"featured_media":0,"parent":0,"menu_order":0,"comment_status":"open","ping_status":"open","template":"","meta":{"footnotes":""},"yoast_head":"<!-- This site is optimized with the Yoast SEO plugin v22.9 - https:\/\/yoast.com\/wordpress\/plugins\/seo\/ -->\n<title>ASISTENCIA POSVENTA - Tecnomovint<\/title>\n<meta name=\"robots\" content=\"index, follow, max-snippet:-1, max-image-preview:large, max-video-preview:-1\" \/>\n<link rel=\"canonical\" href=\"https:\/\/www.tecnomovint.com\/es\/asistencia-posventa\/\" \/>\n<meta property=\"og:locale\" content=\"es_ES\" \/>\n<meta property=\"og:type\" content=\"article\" \/>\n<meta property=\"og:title\" content=\"ASISTENCIA POSVENTA - Tecnomovint\" \/>\n<meta property=\"og:description\" content=\"Ofrecemos un servicio oportuno y calificado de posventa: nuestros t\u00e9cnicos est\u00e1n a su disposici\u00f3n para hacer el diagn\u00f3stico y reparar [&hellip;]\" \/>\n<meta property=\"og:url\" content=\"https:\/\/www.tecnomovint.com\/es\/asistencia-posventa\/\" \/>\n<meta property=\"og:site_name\" content=\"Tecnomovint\" \/>\n<meta property=\"og:image\" content=\"https:\/\/www.tecnomovint.com\/wp-content\/uploads\/2014\/12\/ASSISTENZA-POST-VENDITA.jpg\" \/>\n<meta name=\"twitter:card\" content=\"summary_large_image\" \/>\n<script type=\"application\/ld+json\" class=\"yoast-schema-graph\">{\"@context\":\"https:\/\/schema.org\",\"@graph\":[{\"@type\":\"WebPage\",\"@id\":\"https:\/\/www.tecnomovint.com\/es\/asistencia-posventa\/\",\"url\":\"https:\/\/www.tecnomovint.com\/es\/asistencia-posventa\/\",\"name\":\"ASISTENCIA POSVENTA - Tecnomovint\",\"isPartOf\":{\"@id\":\"https:\/\/www.tecnomovint.com\/#website\"},\"primaryImageOfPage\":{\"@id\":\"https:\/\/www.tecnomovint.com\/es\/asistencia-posventa\/#primaryimage\"},\"image\":{\"@id\":\"https:\/\/www.tecnomovint.com\/es\/asistencia-posventa\/#primaryimage\"},\"thumbnailUrl\":\"https:\/\/www.tecnomovint.com\/wp-content\/uploads\/2014\/12\/ASSISTENZA-POST-VENDITA.jpg\",\"datePublished\":\"2015-04-07T08:47:29+00:00\",\"dateModified\":\"2015-04-07T08:47:29+00:00\",\"breadcrumb\":{\"@id\":\"https:\/\/www.tecnomovint.com\/es\/asistencia-posventa\/#breadcrumb\"},\"inLanguage\":\"es\",\"potentialAction\":[{\"@type\":\"ReadAction\",\"target\":[\"https:\/\/www.tecnomovint.com\/es\/asistencia-posventa\/\"]}]},{\"@type\":\"ImageObject\",\"inLanguage\":\"es\",\"@id\":\"https:\/\/www.tecnomovint.com\/es\/asistencia-posventa\/#primaryimage\",\"url\":\"https:\/\/www.tecnomovint.com\/wp-content\/uploads\/2014\/12\/ASSISTENZA-POST-VENDITA.jpg\",\"contentUrl\":\"https:\/\/www.tecnomovint.com\/wp-content\/uploads\/2014\/12\/ASSISTENZA-POST-VENDITA.jpg\"},{\"@type\":\"BreadcrumbList\",\"@id\":\"https:\/\/www.tecnomovint.com\/es\/asistencia-posventa\/#breadcrumb\",\"itemListElement\":[{\"@type\":\"ListItem\",\"position\":1,\"name\":\"Home\",\"item\":\"https:\/\/www.tecnomovint.com\/\"},{\"@type\":\"ListItem\",\"position\":2,\"name\":\"ASISTENCIA POSVENTA\"}]},{\"@type\":\"WebSite\",\"@id\":\"https:\/\/www.tecnomovint.com\/#website\",\"url\":\"https:\/\/www.tecnomovint.com\/\",\"name\":\"Tecnomovint\",\"description\":\"Lifting solutions\",\"potentialAction\":[{\"@type\":\"SearchAction\",\"target\":{\"@type\":\"EntryPoint\",\"urlTemplate\":\"https:\/\/www.tecnomovint.com\/?s={search_term_string}\"},\"query-input\":\"required name=search_term_string\"}],\"inLanguage\":\"es\"}]}<\/script>\n<!-- \/ Yoast SEO plugin. -->","yoast_head_json":{"title":"ASISTENCIA POSVENTA - Tecnomovint","robots":{"index":"index","follow":"follow","max-snippet":"max-snippet:-1","max-image-preview":"max-image-preview:large","max-video-preview":"max-video-preview:-1"},"canonical":"https:\/\/www.tecnomovint.com\/es\/asistencia-posventa\/","og_locale":"es_ES","og_type":"article","og_title":"ASISTENCIA POSVENTA - Tecnomovint","og_description":"Ofrecemos un servicio oportuno y calificado de posventa: nuestros t\u00e9cnicos est\u00e1n a su disposici\u00f3n para hacer el diagn\u00f3stico y reparar [&hellip;]","og_url":"https:\/\/www.tecnomovint.com\/es\/asistencia-posventa\/","og_site_name":"Tecnomovint","og_image":[{"url":"https:\/\/www.tecnomovint.com\/wp-content\/uploads\/2014\/12\/ASSISTENZA-POST-VENDITA.jpg"}],"twitter_card":"summary_large_image","schema":{"@context":"https:\/\/schema.org","@graph":[{"@type":"WebPage","@id":"https:\/\/www.tecnomovint.com\/es\/asistencia-posventa\/","url":"https:\/\/www.tecnomovint.com\/es\/asistencia-posventa\/","name":"ASISTENCIA POSVENTA - Tecnomovint","isPartOf":{"@id":"https:\/\/www.tecnomovint.com\/#website"},"primaryImageOfPage":{"@id":"https:\/\/www.tecnomovint.com\/es\/asistencia-posventa\/#primaryimage"},"image":{"@id":"https:\/\/www.tecnomovint.com\/es\/asistencia-posventa\/#primaryimage"},"thumbnailUrl":"https:\/\/www.tecnomovint.com\/wp-content\/uploads\/2014\/12\/ASSISTENZA-POST-VENDITA.jpg","datePublished":"2015-04-07T08:47:29+00:00","dateModified":"2015-04-07T08:47:29+00:00","breadcrumb":{"@id":"https:\/\/www.tecnomovint.com\/es\/asistencia-posventa\/#breadcrumb"},"inLanguage":"es","potentialAction":[{"@type":"ReadAction","target":["https:\/\/www.tecnomovint.com\/es\/asistencia-posventa\/"]}]},{"@type":"ImageObject","inLanguage":"es","@id":"https:\/\/www.tecnomovint.com\/es\/asistencia-posventa\/#primaryimage","url":"https:\/\/www.tecnomovint.com\/wp-content\/uploads\/2014\/12\/ASSISTENZA-POST-VENDITA.jpg","contentUrl":"https:\/\/www.tecnomovint.com\/wp-content\/uploads\/2014\/12\/ASSISTENZA-POST-VENDITA.jpg"},{"@type":"BreadcrumbList","@id":"https:\/\/www.tecnomovint.com\/es\/asistencia-posventa\/#breadcrumb","itemListElement":[{"@type":"ListItem","position":1,"name":"Home","item":"https:\/\/www.tecnomovint.com\/"},{"@type":"ListItem","position":2,"name":"ASISTENCIA POSVENTA"}]},{"@type":"WebSite","@id":"https:\/\/www.tecnomovint.com\/#website","url":"https:\/\/www.tecnomovint.com\/","name":"Tecnomovint","description":"Lifting solutions","potentialAction":[{"@type":"SearchAction","target":{"@type":"EntryPoint","urlTemplate":"https:\/\/www.tecnomovint.com\/?s={search_term_string}"},"query-input":"required name=search_term_string"}],"inLanguage":"es"}]}},"_links":{"self":[{"href":"https:\/\/www.tecnomovint.com\/es\/wp-json\/wp\/v2\/pages\/2915"}],"collection":[{"href":"https:\/\/www.tecnomovint.com\/es\/wp-json\/wp\/v2\/pages"}],"about":[{"href":"https:\/\/www.tecnomovint.com\/es\/wp-json\/wp\/v2\/types\/page"}],"author":[{"embeddable":true,"href":"https:\/\/www.tecnomovint.com\/es\/wp-json\/wp\/v2\/users\/3"}],"replies":[{"embeddable":true,"href":"https:\/\/www.tecnomovint.com\/es\/wp-json\/wp\/v2\/comments?post=2915"}],"version-history":[{"count":1,"href":"https:\/\/www.tecnomovint.com\/es\/wp-json\/wp\/v2\/pages\/2915\/revisions"}],"predecessor-version":[{"id":2916,"href":"https:\/\/www.tecnomovint.com\/es\/wp-json\/wp\/v2\/pages\/2915\/revisions\/2916"}],"wp:attachment":[{"href":"https:\/\/www.tecnomovint.com\/es\/wp-json\/wp\/v2\/media?parent=2915"}],"curies":[{"name":"wp","href":"https:\/\/api.w.org\/{rel}","templated":true}]}}