{"id":2925,"date":"2015-04-07T10:52:48","date_gmt":"2015-04-07T08:52:48","guid":{"rendered":"http:\/\/www.tecnomovint.com\/?page_id=2925"},"modified":"2015-04-07T10:52:48","modified_gmt":"2015-04-07T08:52:48","slug":"manutencion-sistemas-de-elevacion","status":"publish","type":"page","link":"https:\/\/www.tecnomovint.com\/es\/manutencion-sistemas-de-elevacion\/","title":{"rendered":"MANUTENCI\u00d3N SISTEMAS DE ELEVACI\u00d3N"},"content":{"rendered":"<p><img loading=\"lazy\" decoding=\"async\" class=\"alignleft size-full wp-image-1457\" src=\"https:\/\/www.tecnomovint.com\/wp-content\/uploads\/2014\/12\/MANUTENZIONE-CP-2.jpg\" alt=\"MANUTENZIONE CP (2)\" width=\"187\" height=\"250\" srcset=\"https:\/\/www.tecnomovint.com\/wp-content\/uploads\/2014\/12\/MANUTENZIONE-CP-2.jpg 187w, https:\/\/www.tecnomovint.com\/wp-content\/uploads\/2014\/12\/MANUTENZIONE-CP-2-17x24.jpg 17w, https:\/\/www.tecnomovint.com\/wp-content\/uploads\/2014\/12\/MANUTENZIONE-CP-2-26x36.jpg 26w, https:\/\/www.tecnomovint.com\/wp-content\/uploads\/2014\/12\/MANUTENZIONE-CP-2-35x48.jpg 35w\" sizes=\"(max-width: 187px) 100vw, 187px\" \/><\/p>\n<p>Ofrecemos manutenci\u00f3n preventiva de las plantas, por lo que aseguramos la continuidad de producci\u00f3n, evitando paradas de producci\u00f3n causadas por fallas imprevistas. Tenemos contratos de mantenimiento peri\u00f3dico de acuerdo a sus necesidades. Ofrecemosmantenimientoextraordinario en 24\/48 horas.<\/p>\n","protected":false},"excerpt":{"rendered":"<p>Ofrecemos manutenci\u00f3n preventiva de las plantas, por lo que aseguramos la continuidad de producci\u00f3n, evitando paradas de producci\u00f3n causadas por [&hellip;]<\/p>\n","protected":false},"author":3,"featured_media":0,"parent":0,"menu_order":0,"comment_status":"open","ping_status":"open","template":"","meta":{"footnotes":""},"yoast_head":"<!-- This site is optimized with the Yoast SEO plugin v22.9 - https:\/\/yoast.com\/wordpress\/plugins\/seo\/ -->\n<title>MANUTENCI\u00d3N SISTEMAS DE ELEVACI\u00d3N - Tecnomovint<\/title>\n<meta name=\"robots\" content=\"index, follow, max-snippet:-1, max-image-preview:large, max-video-preview:-1\" \/>\n<link rel=\"canonical\" href=\"https:\/\/www.tecnomovint.com\/es\/manutencion-sistemas-de-elevacion\/\" \/>\n<meta property=\"og:locale\" content=\"es_ES\" \/>\n<meta property=\"og:type\" content=\"article\" \/>\n<meta property=\"og:title\" content=\"MANUTENCI\u00d3N SISTEMAS DE ELEVACI\u00d3N - Tecnomovint\" \/>\n<meta property=\"og:description\" content=\"Ofrecemos manutenci\u00f3n preventiva de las plantas, por lo que aseguramos la continuidad de producci\u00f3n, evitando paradas de producci\u00f3n causadas por [&hellip;]\" \/>\n<meta property=\"og:url\" content=\"https:\/\/www.tecnomovint.com\/es\/manutencion-sistemas-de-elevacion\/\" \/>\n<meta property=\"og:site_name\" content=\"Tecnomovint\" \/>\n<meta property=\"og:image\" content=\"https:\/\/www.tecnomovint.com\/wp-content\/uploads\/2014\/12\/MANUTENZIONE-CP-2.jpg\" \/>\n<meta name=\"twitter:card\" content=\"summary_large_image\" \/>\n<script type=\"application\/ld+json\" class=\"yoast-schema-graph\">{\"@context\":\"https:\/\/schema.org\",\"@graph\":[{\"@type\":\"WebPage\",\"@id\":\"https:\/\/www.tecnomovint.com\/es\/manutencion-sistemas-de-elevacion\/\",\"url\":\"https:\/\/www.tecnomovint.com\/es\/manutencion-sistemas-de-elevacion\/\",\"name\":\"MANUTENCI\u00d3N SISTEMAS DE ELEVACI\u00d3N - Tecnomovint\",\"isPartOf\":{\"@id\":\"https:\/\/www.tecnomovint.com\/#website\"},\"primaryImageOfPage\":{\"@id\":\"https:\/\/www.tecnomovint.com\/es\/manutencion-sistemas-de-elevacion\/#primaryimage\"},\"image\":{\"@id\":\"https:\/\/www.tecnomovint.com\/es\/manutencion-sistemas-de-elevacion\/#primaryimage\"},\"thumbnailUrl\":\"https:\/\/www.tecnomovint.com\/wp-content\/uploads\/2014\/12\/MANUTENZIONE-CP-2.jpg\",\"datePublished\":\"2015-04-07T08:52:48+00:00\",\"dateModified\":\"2015-04-07T08:52:48+00:00\",\"breadcrumb\":{\"@id\":\"https:\/\/www.tecnomovint.com\/es\/manutencion-sistemas-de-elevacion\/#breadcrumb\"},\"inLanguage\":\"es\",\"potentialAction\":[{\"@type\":\"ReadAction\",\"target\":[\"https:\/\/www.tecnomovint.com\/es\/manutencion-sistemas-de-elevacion\/\"]}]},{\"@type\":\"ImageObject\",\"inLanguage\":\"es\",\"@id\":\"https:\/\/www.tecnomovint.com\/es\/manutencion-sistemas-de-elevacion\/#primaryimage\",\"url\":\"https:\/\/www.tecnomovint.com\/wp-content\/uploads\/2014\/12\/MANUTENZIONE-CP-2.jpg\",\"contentUrl\":\"https:\/\/www.tecnomovint.com\/wp-content\/uploads\/2014\/12\/MANUTENZIONE-CP-2.jpg\"},{\"@type\":\"BreadcrumbList\",\"@id\":\"https:\/\/www.tecnomovint.com\/es\/manutencion-sistemas-de-elevacion\/#breadcrumb\",\"itemListElement\":[{\"@type\":\"ListItem\",\"position\":1,\"name\":\"Home\",\"item\":\"https:\/\/www.tecnomovint.com\/\"},{\"@type\":\"ListItem\",\"position\":2,\"name\":\"MANUTENCI\u00d3N SISTEMAS DE ELEVACI\u00d3N\"}]},{\"@type\":\"WebSite\",\"@id\":\"https:\/\/www.tecnomovint.com\/#website\",\"url\":\"https:\/\/www.tecnomovint.com\/\",\"name\":\"Tecnomovint\",\"description\":\"Lifting solutions\",\"potentialAction\":[{\"@type\":\"SearchAction\",\"target\":{\"@type\":\"EntryPoint\",\"urlTemplate\":\"https:\/\/www.tecnomovint.com\/?s={search_term_string}\"},\"query-input\":\"required name=search_term_string\"}],\"inLanguage\":\"es\"}]}<\/script>\n<!-- \/ Yoast SEO plugin. -->","yoast_head_json":{"title":"MANUTENCI\u00d3N SISTEMAS DE ELEVACI\u00d3N - Tecnomovint","robots":{"index":"index","follow":"follow","max-snippet":"max-snippet:-1","max-image-preview":"max-image-preview:large","max-video-preview":"max-video-preview:-1"},"canonical":"https:\/\/www.tecnomovint.com\/es\/manutencion-sistemas-de-elevacion\/","og_locale":"es_ES","og_type":"article","og_title":"MANUTENCI\u00d3N SISTEMAS DE ELEVACI\u00d3N - Tecnomovint","og_description":"Ofrecemos manutenci\u00f3n preventiva de las plantas, por lo que aseguramos la continuidad de producci\u00f3n, evitando paradas de producci\u00f3n causadas por [&hellip;]","og_url":"https:\/\/www.tecnomovint.com\/es\/manutencion-sistemas-de-elevacion\/","og_site_name":"Tecnomovint","og_image":[{"url":"https:\/\/www.tecnomovint.com\/wp-content\/uploads\/2014\/12\/MANUTENZIONE-CP-2.jpg"}],"twitter_card":"summary_large_image","schema":{"@context":"https:\/\/schema.org","@graph":[{"@type":"WebPage","@id":"https:\/\/www.tecnomovint.com\/es\/manutencion-sistemas-de-elevacion\/","url":"https:\/\/www.tecnomovint.com\/es\/manutencion-sistemas-de-elevacion\/","name":"MANUTENCI\u00d3N SISTEMAS DE ELEVACI\u00d3N - Tecnomovint","isPartOf":{"@id":"https:\/\/www.tecnomovint.com\/#website"},"primaryImageOfPage":{"@id":"https:\/\/www.tecnomovint.com\/es\/manutencion-sistemas-de-elevacion\/#primaryimage"},"image":{"@id":"https:\/\/www.tecnomovint.com\/es\/manutencion-sistemas-de-elevacion\/#primaryimage"},"thumbnailUrl":"https:\/\/www.tecnomovint.com\/wp-content\/uploads\/2014\/12\/MANUTENZIONE-CP-2.jpg","datePublished":"2015-04-07T08:52:48+00:00","dateModified":"2015-04-07T08:52:48+00:00","breadcrumb":{"@id":"https:\/\/www.tecnomovint.com\/es\/manutencion-sistemas-de-elevacion\/#breadcrumb"},"inLanguage":"es","potentialAction":[{"@type":"ReadAction","target":["https:\/\/www.tecnomovint.com\/es\/manutencion-sistemas-de-elevacion\/"]}]},{"@type":"ImageObject","inLanguage":"es","@id":"https:\/\/www.tecnomovint.com\/es\/manutencion-sistemas-de-elevacion\/#primaryimage","url":"https:\/\/www.tecnomovint.com\/wp-content\/uploads\/2014\/12\/MANUTENZIONE-CP-2.jpg","contentUrl":"https:\/\/www.tecnomovint.com\/wp-content\/uploads\/2014\/12\/MANUTENZIONE-CP-2.jpg"},{"@type":"BreadcrumbList","@id":"https:\/\/www.tecnomovint.com\/es\/manutencion-sistemas-de-elevacion\/#breadcrumb","itemListElement":[{"@type":"ListItem","position":1,"name":"Home","item":"https:\/\/www.tecnomovint.com\/"},{"@type":"ListItem","position":2,"name":"MANUTENCI\u00d3N SISTEMAS DE ELEVACI\u00d3N"}]},{"@type":"WebSite","@id":"https:\/\/www.tecnomovint.com\/#website","url":"https:\/\/www.tecnomovint.com\/","name":"Tecnomovint","description":"Lifting solutions","potentialAction":[{"@type":"SearchAction","target":{"@type":"EntryPoint","urlTemplate":"https:\/\/www.tecnomovint.com\/?s={search_term_string}"},"query-input":"required name=search_term_string"}],"inLanguage":"es"}]}},"_links":{"self":[{"href":"https:\/\/www.tecnomovint.com\/es\/wp-json\/wp\/v2\/pages\/2925"}],"collection":[{"href":"https:\/\/www.tecnomovint.com\/es\/wp-json\/wp\/v2\/pages"}],"about":[{"href":"https:\/\/www.tecnomovint.com\/es\/wp-json\/wp\/v2\/types\/page"}],"author":[{"embeddable":true,"href":"https:\/\/www.tecnomovint.com\/es\/wp-json\/wp\/v2\/users\/3"}],"replies":[{"embeddable":true,"href":"https:\/\/www.tecnomovint.com\/es\/wp-json\/wp\/v2\/comments?post=2925"}],"version-history":[{"count":1,"href":"https:\/\/www.tecnomovint.com\/es\/wp-json\/wp\/v2\/pages\/2925\/revisions"}],"predecessor-version":[{"id":2927,"href":"https:\/\/www.tecnomovint.com\/es\/wp-json\/wp\/v2\/pages\/2925\/revisions\/2927"}],"wp:attachment":[{"href":"https:\/\/www.tecnomovint.com\/es\/wp-json\/wp\/v2\/media?parent=2925"}],"curies":[{"name":"wp","href":"https:\/\/api.w.org\/{rel}","templated":true}]}}