{"id":2928,"date":"2015-04-07T10:53:33","date_gmt":"2015-04-07T08:53:33","guid":{"rendered":"http:\/\/www.tecnomovint.com\/?page_id=2928"},"modified":"2015-04-07T10:53:33","modified_gmt":"2015-04-07T08:53:33","slug":"reparacion-pruebas","status":"publish","type":"page","link":"https:\/\/www.tecnomovint.com\/es\/reparacion-pruebas\/","title":{"rendered":"REPARACI\u00d3N &#8211; PRUEBAS"},"content":{"rendered":"<p><img loading=\"lazy\" decoding=\"async\" class=\"alignleft size-full wp-image-1459\" src=\"https:\/\/www.tecnomovint.com\/wp-content\/uploads\/2015\/02\/collaudi-riparazioni.jpg\" alt=\"RIPARAZIONI\" width=\"375\" height=\"250\" \/><\/p>\n<p>Ofrecemos un servicio de revisi\u00f3n a fondo y mantenimiento de polipastos, polipastos para espect\u00e1culos, dinam\u00f3metros, ventosas, elevadores magn\u00e8ticos y abrazaderas hicieron en sus instalaciones o en nuestra f\u00e1brica.<\/p>\n","protected":false},"excerpt":{"rendered":"<p>Ofrecemos un servicio de revisi\u00f3n a fondo y mantenimiento de polipastos, polipastos para espect\u00e1culos, dinam\u00f3metros, ventosas, elevadores magn\u00e8ticos y abrazaderas [&hellip;]<\/p>\n","protected":false},"author":3,"featured_media":0,"parent":0,"menu_order":0,"comment_status":"open","ping_status":"open","template":"","meta":{"footnotes":""},"yoast_head":"<!-- This site is optimized with the Yoast SEO plugin v22.9 - https:\/\/yoast.com\/wordpress\/plugins\/seo\/ -->\n<title>REPARACI\u00d3N - PRUEBAS - Tecnomovint<\/title>\n<meta name=\"robots\" content=\"index, follow, max-snippet:-1, max-image-preview:large, max-video-preview:-1\" \/>\n<link rel=\"canonical\" href=\"https:\/\/www.tecnomovint.com\/es\/reparacion-pruebas\/\" \/>\n<meta property=\"og:locale\" content=\"es_ES\" \/>\n<meta property=\"og:type\" content=\"article\" \/>\n<meta property=\"og:title\" content=\"REPARACI\u00d3N - PRUEBAS - Tecnomovint\" \/>\n<meta property=\"og:description\" content=\"Ofrecemos un servicio de revisi\u00f3n a fondo y mantenimiento de polipastos, polipastos para espect\u00e1culos, dinam\u00f3metros, ventosas, elevadores magn\u00e8ticos y abrazaderas [&hellip;]\" \/>\n<meta property=\"og:url\" content=\"https:\/\/www.tecnomovint.com\/es\/reparacion-pruebas\/\" \/>\n<meta property=\"og:site_name\" content=\"Tecnomovint\" \/>\n<meta property=\"og:image\" content=\"https:\/\/www.tecnomovint.com\/wp-content\/uploads\/2015\/02\/collaudi-riparazioni.jpg\" \/>\n<meta name=\"twitter:card\" content=\"summary_large_image\" \/>\n<script type=\"application\/ld+json\" class=\"yoast-schema-graph\">{\"@context\":\"https:\/\/schema.org\",\"@graph\":[{\"@type\":\"WebPage\",\"@id\":\"https:\/\/www.tecnomovint.com\/es\/reparacion-pruebas\/\",\"url\":\"https:\/\/www.tecnomovint.com\/es\/reparacion-pruebas\/\",\"name\":\"REPARACI\u00d3N - PRUEBAS - Tecnomovint\",\"isPartOf\":{\"@id\":\"https:\/\/www.tecnomovint.com\/#website\"},\"primaryImageOfPage\":{\"@id\":\"https:\/\/www.tecnomovint.com\/es\/reparacion-pruebas\/#primaryimage\"},\"image\":{\"@id\":\"https:\/\/www.tecnomovint.com\/es\/reparacion-pruebas\/#primaryimage\"},\"thumbnailUrl\":\"https:\/\/www.tecnomovint.com\/wp-content\/uploads\/2015\/02\/collaudi-riparazioni.jpg\",\"datePublished\":\"2015-04-07T08:53:33+00:00\",\"dateModified\":\"2015-04-07T08:53:33+00:00\",\"breadcrumb\":{\"@id\":\"https:\/\/www.tecnomovint.com\/es\/reparacion-pruebas\/#breadcrumb\"},\"inLanguage\":\"es\",\"potentialAction\":[{\"@type\":\"ReadAction\",\"target\":[\"https:\/\/www.tecnomovint.com\/es\/reparacion-pruebas\/\"]}]},{\"@type\":\"ImageObject\",\"inLanguage\":\"es\",\"@id\":\"https:\/\/www.tecnomovint.com\/es\/reparacion-pruebas\/#primaryimage\",\"url\":\"https:\/\/www.tecnomovint.com\/wp-content\/uploads\/2015\/02\/collaudi-riparazioni.jpg\",\"contentUrl\":\"https:\/\/www.tecnomovint.com\/wp-content\/uploads\/2015\/02\/collaudi-riparazioni.jpg\"},{\"@type\":\"BreadcrumbList\",\"@id\":\"https:\/\/www.tecnomovint.com\/es\/reparacion-pruebas\/#breadcrumb\",\"itemListElement\":[{\"@type\":\"ListItem\",\"position\":1,\"name\":\"Home\",\"item\":\"https:\/\/www.tecnomovint.com\/\"},{\"@type\":\"ListItem\",\"position\":2,\"name\":\"REPARACI\u00d3N &#8211; PRUEBAS\"}]},{\"@type\":\"WebSite\",\"@id\":\"https:\/\/www.tecnomovint.com\/#website\",\"url\":\"https:\/\/www.tecnomovint.com\/\",\"name\":\"Tecnomovint\",\"description\":\"Lifting solutions\",\"potentialAction\":[{\"@type\":\"SearchAction\",\"target\":{\"@type\":\"EntryPoint\",\"urlTemplate\":\"https:\/\/www.tecnomovint.com\/?s={search_term_string}\"},\"query-input\":\"required name=search_term_string\"}],\"inLanguage\":\"es\"}]}<\/script>\n<!-- \/ Yoast SEO plugin. -->","yoast_head_json":{"title":"REPARACI\u00d3N - PRUEBAS - Tecnomovint","robots":{"index":"index","follow":"follow","max-snippet":"max-snippet:-1","max-image-preview":"max-image-preview:large","max-video-preview":"max-video-preview:-1"},"canonical":"https:\/\/www.tecnomovint.com\/es\/reparacion-pruebas\/","og_locale":"es_ES","og_type":"article","og_title":"REPARACI\u00d3N - PRUEBAS - Tecnomovint","og_description":"Ofrecemos un servicio de revisi\u00f3n a fondo y mantenimiento de polipastos, polipastos para espect\u00e1culos, dinam\u00f3metros, ventosas, elevadores magn\u00e8ticos y abrazaderas [&hellip;]","og_url":"https:\/\/www.tecnomovint.com\/es\/reparacion-pruebas\/","og_site_name":"Tecnomovint","og_image":[{"url":"https:\/\/www.tecnomovint.com\/wp-content\/uploads\/2015\/02\/collaudi-riparazioni.jpg"}],"twitter_card":"summary_large_image","schema":{"@context":"https:\/\/schema.org","@graph":[{"@type":"WebPage","@id":"https:\/\/www.tecnomovint.com\/es\/reparacion-pruebas\/","url":"https:\/\/www.tecnomovint.com\/es\/reparacion-pruebas\/","name":"REPARACI\u00d3N - PRUEBAS - Tecnomovint","isPartOf":{"@id":"https:\/\/www.tecnomovint.com\/#website"},"primaryImageOfPage":{"@id":"https:\/\/www.tecnomovint.com\/es\/reparacion-pruebas\/#primaryimage"},"image":{"@id":"https:\/\/www.tecnomovint.com\/es\/reparacion-pruebas\/#primaryimage"},"thumbnailUrl":"https:\/\/www.tecnomovint.com\/wp-content\/uploads\/2015\/02\/collaudi-riparazioni.jpg","datePublished":"2015-04-07T08:53:33+00:00","dateModified":"2015-04-07T08:53:33+00:00","breadcrumb":{"@id":"https:\/\/www.tecnomovint.com\/es\/reparacion-pruebas\/#breadcrumb"},"inLanguage":"es","potentialAction":[{"@type":"ReadAction","target":["https:\/\/www.tecnomovint.com\/es\/reparacion-pruebas\/"]}]},{"@type":"ImageObject","inLanguage":"es","@id":"https:\/\/www.tecnomovint.com\/es\/reparacion-pruebas\/#primaryimage","url":"https:\/\/www.tecnomovint.com\/wp-content\/uploads\/2015\/02\/collaudi-riparazioni.jpg","contentUrl":"https:\/\/www.tecnomovint.com\/wp-content\/uploads\/2015\/02\/collaudi-riparazioni.jpg"},{"@type":"BreadcrumbList","@id":"https:\/\/www.tecnomovint.com\/es\/reparacion-pruebas\/#breadcrumb","itemListElement":[{"@type":"ListItem","position":1,"name":"Home","item":"https:\/\/www.tecnomovint.com\/"},{"@type":"ListItem","position":2,"name":"REPARACI\u00d3N &#8211; PRUEBAS"}]},{"@type":"WebSite","@id":"https:\/\/www.tecnomovint.com\/#website","url":"https:\/\/www.tecnomovint.com\/","name":"Tecnomovint","description":"Lifting solutions","potentialAction":[{"@type":"SearchAction","target":{"@type":"EntryPoint","urlTemplate":"https:\/\/www.tecnomovint.com\/?s={search_term_string}"},"query-input":"required name=search_term_string"}],"inLanguage":"es"}]}},"_links":{"self":[{"href":"https:\/\/www.tecnomovint.com\/es\/wp-json\/wp\/v2\/pages\/2928"}],"collection":[{"href":"https:\/\/www.tecnomovint.com\/es\/wp-json\/wp\/v2\/pages"}],"about":[{"href":"https:\/\/www.tecnomovint.com\/es\/wp-json\/wp\/v2\/types\/page"}],"author":[{"embeddable":true,"href":"https:\/\/www.tecnomovint.com\/es\/wp-json\/wp\/v2\/users\/3"}],"replies":[{"embeddable":true,"href":"https:\/\/www.tecnomovint.com\/es\/wp-json\/wp\/v2\/comments?post=2928"}],"version-history":[{"count":1,"href":"https:\/\/www.tecnomovint.com\/es\/wp-json\/wp\/v2\/pages\/2928\/revisions"}],"predecessor-version":[{"id":2929,"href":"https:\/\/www.tecnomovint.com\/es\/wp-json\/wp\/v2\/pages\/2928\/revisions\/2929"}],"wp:attachment":[{"href":"https:\/\/www.tecnomovint.com\/es\/wp-json\/wp\/v2\/media?parent=2928"}],"curies":[{"name":"wp","href":"https:\/\/api.w.org\/{rel}","templated":true}]}}