{"id":2932,"date":"2015-04-07T10:59:17","date_gmt":"2015-04-07T08:59:17","guid":{"rendered":"http:\/\/www.tecnomovint.com\/?page_id=2932"},"modified":"2015-04-07T11:47:37","modified_gmt":"2015-04-07T09:47:37","slug":"ensayos-no-desctructivosend","status":"publish","type":"page","link":"https:\/\/www.tecnomovint.com\/es\/ensayos-no-desctructivosend\/","title":{"rendered":"PRUEBAS NO DESCTRUCTIVAS"},"content":{"rendered":"<div id=\"wrap\">\n<table style=\"width: 100%; margin-left: 0px;\">\n<tbody>\n<tr>\n<td style=\"text-align: center;\" width=\"50%\">Tecnomovint, sensible a la prevenci\u00f3n accidentes de trabajo, y da\u00f1os materiales, ha decidido centrarse en estas t\u00e9cnicas avanzadas reconocidos por la legislaci\u00f3n<\/p>\n<h4>UNI ISO 4309:2011 y UNI EN 12927-8:2005<\/h4>\n<p>.<\/td>\n<\/tr>\n<\/tbody>\n<\/table>\n<\/div>\n<p>Los ensayos no destructivos son pruebas, inspecciones y encuestas realizadas utilizando m\u00e9todos que no alteran el material y que no requieren la destrucci\u00f3n o eliminaci\u00f3n de ejemplares de la propiedad en cuesti\u00f3n. El objetivo es comprobar la integridad del material sin alterar su estructura para proporcionar una oportuna y las partes que ser reemplazado antes de que el mismo produce da\u00f1o irreparable a la totalidad. Las pruebas no destructivas est\u00e1 disponible en los siguientes m\u00e9todos:<br \/>\n\u2022 Control visual, heco despu\u00e9s de un primer paso de limpieza de los productos.<br \/>\n\u2022 Control por l\u00edquidos penetrantespara aparatos especiales en construcci\u00f3n (ej. balancines, \u00abC\u00bb ganchos y equipos especiales).<br \/>\n\u2022 Control por inducci\u00f3n magn\u00e9ticapara la verificaci\u00f3n objetiva de las cuerdas (ej. Cordas para las gr\u00faas de puente).<br \/>\n\u2022 Control por magnafluxpara aparatos.<br \/>\n\u2022 Control por gauss\u00edmetropara aparatosmagn\u00e9ticos (ej. Levantadoresmagn\u00e9ticos).<\/p>\n<p>Al final de cada cheque, se le proporcionar\u00e1n un informe por escrito la certificaci\u00f3n de las caracter\u00edsticas del producto en el momento de la inspecci\u00f3n, el an\u00e1lisis anterior y los da\u00f1os resultantes con el m\u00e9todo de verificaci\u00f3n elegido.<\/p>\n","protected":false},"excerpt":{"rendered":"<p>Tecnomovint, sensible a la prevenci\u00f3n accidentes de trabajo, y da\u00f1os materiales, ha decidido centrarse en estas t\u00e9cnicas avanzadas reconocidos por [&hellip;]<\/p>\n","protected":false},"author":3,"featured_media":0,"parent":0,"menu_order":0,"comment_status":"open","ping_status":"open","template":"","meta":{"footnotes":""},"yoast_head":"<!-- This site is optimized with the Yoast SEO plugin v22.9 - https:\/\/yoast.com\/wordpress\/plugins\/seo\/ -->\n<title>PRUEBAS NO DESCTRUCTIVAS - Tecnomovint<\/title>\n<meta name=\"robots\" content=\"index, follow, max-snippet:-1, max-image-preview:large, max-video-preview:-1\" \/>\n<link rel=\"canonical\" href=\"https:\/\/www.tecnomovint.com\/es\/ensayos-no-desctructivosend\/\" \/>\n<meta property=\"og:locale\" content=\"es_ES\" \/>\n<meta property=\"og:type\" content=\"article\" \/>\n<meta property=\"og:title\" content=\"PRUEBAS NO DESCTRUCTIVAS - Tecnomovint\" \/>\n<meta property=\"og:description\" content=\"Tecnomovint, sensible a la prevenci\u00f3n accidentes de trabajo, y da\u00f1os materiales, ha decidido centrarse en estas t\u00e9cnicas avanzadas reconocidos por [&hellip;]\" \/>\n<meta property=\"og:url\" content=\"https:\/\/www.tecnomovint.com\/es\/ensayos-no-desctructivosend\/\" \/>\n<meta property=\"og:site_name\" content=\"Tecnomovint\" \/>\n<meta property=\"article:modified_time\" content=\"2015-04-07T09:47:37+00:00\" \/>\n<meta name=\"twitter:card\" content=\"summary_large_image\" \/>\n<meta name=\"twitter:label1\" content=\"Tiempo de lectura\" \/>\n\t<meta name=\"twitter:data1\" content=\"1 minuto\" \/>\n<script type=\"application\/ld+json\" class=\"yoast-schema-graph\">{\"@context\":\"https:\/\/schema.org\",\"@graph\":[{\"@type\":\"WebPage\",\"@id\":\"https:\/\/www.tecnomovint.com\/es\/ensayos-no-desctructivosend\/\",\"url\":\"https:\/\/www.tecnomovint.com\/es\/ensayos-no-desctructivosend\/\",\"name\":\"PRUEBAS NO DESCTRUCTIVAS - Tecnomovint\",\"isPartOf\":{\"@id\":\"https:\/\/www.tecnomovint.com\/#website\"},\"datePublished\":\"2015-04-07T08:59:17+00:00\",\"dateModified\":\"2015-04-07T09:47:37+00:00\",\"breadcrumb\":{\"@id\":\"https:\/\/www.tecnomovint.com\/es\/ensayos-no-desctructivosend\/#breadcrumb\"},\"inLanguage\":\"es\",\"potentialAction\":[{\"@type\":\"ReadAction\",\"target\":[\"https:\/\/www.tecnomovint.com\/es\/ensayos-no-desctructivosend\/\"]}]},{\"@type\":\"BreadcrumbList\",\"@id\":\"https:\/\/www.tecnomovint.com\/es\/ensayos-no-desctructivosend\/#breadcrumb\",\"itemListElement\":[{\"@type\":\"ListItem\",\"position\":1,\"name\":\"Home\",\"item\":\"https:\/\/www.tecnomovint.com\/\"},{\"@type\":\"ListItem\",\"position\":2,\"name\":\"PRUEBAS NO DESCTRUCTIVAS\"}]},{\"@type\":\"WebSite\",\"@id\":\"https:\/\/www.tecnomovint.com\/#website\",\"url\":\"https:\/\/www.tecnomovint.com\/\",\"name\":\"Tecnomovint\",\"description\":\"Lifting solutions\",\"potentialAction\":[{\"@type\":\"SearchAction\",\"target\":{\"@type\":\"EntryPoint\",\"urlTemplate\":\"https:\/\/www.tecnomovint.com\/?s={search_term_string}\"},\"query-input\":\"required name=search_term_string\"}],\"inLanguage\":\"es\"}]}<\/script>\n<!-- \/ Yoast SEO plugin. -->","yoast_head_json":{"title":"PRUEBAS NO DESCTRUCTIVAS - Tecnomovint","robots":{"index":"index","follow":"follow","max-snippet":"max-snippet:-1","max-image-preview":"max-image-preview:large","max-video-preview":"max-video-preview:-1"},"canonical":"https:\/\/www.tecnomovint.com\/es\/ensayos-no-desctructivosend\/","og_locale":"es_ES","og_type":"article","og_title":"PRUEBAS NO DESCTRUCTIVAS - Tecnomovint","og_description":"Tecnomovint, sensible a la prevenci\u00f3n accidentes de trabajo, y da\u00f1os materiales, ha decidido centrarse en estas t\u00e9cnicas avanzadas reconocidos por [&hellip;]","og_url":"https:\/\/www.tecnomovint.com\/es\/ensayos-no-desctructivosend\/","og_site_name":"Tecnomovint","article_modified_time":"2015-04-07T09:47:37+00:00","twitter_card":"summary_large_image","twitter_misc":{"Tiempo de lectura":"1 minuto"},"schema":{"@context":"https:\/\/schema.org","@graph":[{"@type":"WebPage","@id":"https:\/\/www.tecnomovint.com\/es\/ensayos-no-desctructivosend\/","url":"https:\/\/www.tecnomovint.com\/es\/ensayos-no-desctructivosend\/","name":"PRUEBAS NO DESCTRUCTIVAS - Tecnomovint","isPartOf":{"@id":"https:\/\/www.tecnomovint.com\/#website"},"datePublished":"2015-04-07T08:59:17+00:00","dateModified":"2015-04-07T09:47:37+00:00","breadcrumb":{"@id":"https:\/\/www.tecnomovint.com\/es\/ensayos-no-desctructivosend\/#breadcrumb"},"inLanguage":"es","potentialAction":[{"@type":"ReadAction","target":["https:\/\/www.tecnomovint.com\/es\/ensayos-no-desctructivosend\/"]}]},{"@type":"BreadcrumbList","@id":"https:\/\/www.tecnomovint.com\/es\/ensayos-no-desctructivosend\/#breadcrumb","itemListElement":[{"@type":"ListItem","position":1,"name":"Home","item":"https:\/\/www.tecnomovint.com\/"},{"@type":"ListItem","position":2,"name":"PRUEBAS NO DESCTRUCTIVAS"}]},{"@type":"WebSite","@id":"https:\/\/www.tecnomovint.com\/#website","url":"https:\/\/www.tecnomovint.com\/","name":"Tecnomovint","description":"Lifting solutions","potentialAction":[{"@type":"SearchAction","target":{"@type":"EntryPoint","urlTemplate":"https:\/\/www.tecnomovint.com\/?s={search_term_string}"},"query-input":"required name=search_term_string"}],"inLanguage":"es"}]}},"_links":{"self":[{"href":"https:\/\/www.tecnomovint.com\/es\/wp-json\/wp\/v2\/pages\/2932"}],"collection":[{"href":"https:\/\/www.tecnomovint.com\/es\/wp-json\/wp\/v2\/pages"}],"about":[{"href":"https:\/\/www.tecnomovint.com\/es\/wp-json\/wp\/v2\/types\/page"}],"author":[{"embeddable":true,"href":"https:\/\/www.tecnomovint.com\/es\/wp-json\/wp\/v2\/users\/3"}],"replies":[{"embeddable":true,"href":"https:\/\/www.tecnomovint.com\/es\/wp-json\/wp\/v2\/comments?post=2932"}],"version-history":[{"count":2,"href":"https:\/\/www.tecnomovint.com\/es\/wp-json\/wp\/v2\/pages\/2932\/revisions"}],"predecessor-version":[{"id":2986,"href":"https:\/\/www.tecnomovint.com\/es\/wp-json\/wp\/v2\/pages\/2932\/revisions\/2986"}],"wp:attachment":[{"href":"https:\/\/www.tecnomovint.com\/es\/wp-json\/wp\/v2\/media?parent=2932"}],"curies":[{"name":"wp","href":"https:\/\/api.w.org\/{rel}","templated":true}]}}