{"id":2935,"date":"2015-04-07T11:00:17","date_gmt":"2015-04-07T09:00:17","guid":{"rendered":"http:\/\/www.tecnomovint.com\/?page_id=2935"},"modified":"2015-04-07T11:00:44","modified_gmt":"2015-04-07T09:00:44","slug":"pesos-de-alquiler","status":"publish","type":"page","link":"https:\/\/www.tecnomovint.com\/es\/pesos-de-alquiler\/","title":{"rendered":"PESOS DE ALQUILER"},"content":{"rendered":"<p><img loading=\"lazy\" decoding=\"async\" class=\"alignleft size-full wp-image-1472\" src=\"https:\/\/www.tecnomovint.com\/wp-content\/uploads\/2014\/12\/PESI.jpg\" alt=\"PESI\" width=\"188\" height=\"250\" srcset=\"https:\/\/www.tecnomovint.com\/wp-content\/uploads\/2014\/12\/PESI.jpg 188w, https:\/\/www.tecnomovint.com\/wp-content\/uploads\/2014\/12\/PESI-18x24.jpg 18w, https:\/\/www.tecnomovint.com\/wp-content\/uploads\/2014\/12\/PESI-27x36.jpg 27w, https:\/\/www.tecnomovint.com\/wp-content\/uploads\/2014\/12\/PESI-36x48.jpg 36w\" sizes=\"(max-width: 188px) 100vw, 188px\" \/><\/p>\n<p>Alquilamos pesos muestra espec\u00edficamente dise\u00f1ados para realizar pruebas de carga de gr\u00faas y otras instalaciones. Est\u00e1 certificado pesos o calibrados por nosotros.<\/p>\n","protected":false},"excerpt":{"rendered":"<p>Alquilamos pesos muestra espec\u00edficamente dise\u00f1ados para realizar pruebas de carga de gr\u00faas y otras instalaciones. Est\u00e1 certificado pesos o calibrados [&hellip;]<\/p>\n","protected":false},"author":3,"featured_media":0,"parent":0,"menu_order":0,"comment_status":"open","ping_status":"open","template":"","meta":{"footnotes":""},"yoast_head":"<!-- This site is optimized with the Yoast SEO plugin v22.9 - https:\/\/yoast.com\/wordpress\/plugins\/seo\/ -->\n<title>PESOS DE ALQUILER - Tecnomovint<\/title>\n<meta name=\"robots\" content=\"index, follow, max-snippet:-1, max-image-preview:large, max-video-preview:-1\" \/>\n<link rel=\"canonical\" href=\"https:\/\/www.tecnomovint.com\/es\/pesos-de-alquiler\/\" \/>\n<meta property=\"og:locale\" content=\"es_ES\" \/>\n<meta property=\"og:type\" content=\"article\" \/>\n<meta property=\"og:title\" content=\"PESOS DE ALQUILER - Tecnomovint\" \/>\n<meta property=\"og:description\" content=\"Alquilamos pesos muestra espec\u00edficamente dise\u00f1ados para realizar pruebas de carga de gr\u00faas y otras instalaciones. Est\u00e1 certificado pesos o calibrados [&hellip;]\" \/>\n<meta property=\"og:url\" content=\"https:\/\/www.tecnomovint.com\/es\/pesos-de-alquiler\/\" \/>\n<meta property=\"og:site_name\" content=\"Tecnomovint\" \/>\n<meta property=\"article:modified_time\" content=\"2015-04-07T09:00:44+00:00\" \/>\n<meta property=\"og:image\" content=\"https:\/\/www.tecnomovint.com\/wp-content\/uploads\/2014\/12\/PESI.jpg\" \/>\n<meta name=\"twitter:card\" content=\"summary_large_image\" \/>\n<script type=\"application\/ld+json\" class=\"yoast-schema-graph\">{\"@context\":\"https:\/\/schema.org\",\"@graph\":[{\"@type\":\"WebPage\",\"@id\":\"https:\/\/www.tecnomovint.com\/es\/pesos-de-alquiler\/\",\"url\":\"https:\/\/www.tecnomovint.com\/es\/pesos-de-alquiler\/\",\"name\":\"PESOS DE ALQUILER - Tecnomovint\",\"isPartOf\":{\"@id\":\"https:\/\/www.tecnomovint.com\/#website\"},\"primaryImageOfPage\":{\"@id\":\"https:\/\/www.tecnomovint.com\/es\/pesos-de-alquiler\/#primaryimage\"},\"image\":{\"@id\":\"https:\/\/www.tecnomovint.com\/es\/pesos-de-alquiler\/#primaryimage\"},\"thumbnailUrl\":\"https:\/\/www.tecnomovint.com\/wp-content\/uploads\/2014\/12\/PESI.jpg\",\"datePublished\":\"2015-04-07T09:00:17+00:00\",\"dateModified\":\"2015-04-07T09:00:44+00:00\",\"breadcrumb\":{\"@id\":\"https:\/\/www.tecnomovint.com\/es\/pesos-de-alquiler\/#breadcrumb\"},\"inLanguage\":\"es\",\"potentialAction\":[{\"@type\":\"ReadAction\",\"target\":[\"https:\/\/www.tecnomovint.com\/es\/pesos-de-alquiler\/\"]}]},{\"@type\":\"ImageObject\",\"inLanguage\":\"es\",\"@id\":\"https:\/\/www.tecnomovint.com\/es\/pesos-de-alquiler\/#primaryimage\",\"url\":\"https:\/\/www.tecnomovint.com\/wp-content\/uploads\/2014\/12\/PESI.jpg\",\"contentUrl\":\"https:\/\/www.tecnomovint.com\/wp-content\/uploads\/2014\/12\/PESI.jpg\"},{\"@type\":\"BreadcrumbList\",\"@id\":\"https:\/\/www.tecnomovint.com\/es\/pesos-de-alquiler\/#breadcrumb\",\"itemListElement\":[{\"@type\":\"ListItem\",\"position\":1,\"name\":\"Home\",\"item\":\"https:\/\/www.tecnomovint.com\/\"},{\"@type\":\"ListItem\",\"position\":2,\"name\":\"PESOS DE ALQUILER\"}]},{\"@type\":\"WebSite\",\"@id\":\"https:\/\/www.tecnomovint.com\/#website\",\"url\":\"https:\/\/www.tecnomovint.com\/\",\"name\":\"Tecnomovint\",\"description\":\"Lifting solutions\",\"potentialAction\":[{\"@type\":\"SearchAction\",\"target\":{\"@type\":\"EntryPoint\",\"urlTemplate\":\"https:\/\/www.tecnomovint.com\/?s={search_term_string}\"},\"query-input\":\"required name=search_term_string\"}],\"inLanguage\":\"es\"}]}<\/script>\n<!-- \/ Yoast SEO plugin. -->","yoast_head_json":{"title":"PESOS DE ALQUILER - Tecnomovint","robots":{"index":"index","follow":"follow","max-snippet":"max-snippet:-1","max-image-preview":"max-image-preview:large","max-video-preview":"max-video-preview:-1"},"canonical":"https:\/\/www.tecnomovint.com\/es\/pesos-de-alquiler\/","og_locale":"es_ES","og_type":"article","og_title":"PESOS DE ALQUILER - Tecnomovint","og_description":"Alquilamos pesos muestra espec\u00edficamente dise\u00f1ados para realizar pruebas de carga de gr\u00faas y otras instalaciones. Est\u00e1 certificado pesos o calibrados [&hellip;]","og_url":"https:\/\/www.tecnomovint.com\/es\/pesos-de-alquiler\/","og_site_name":"Tecnomovint","article_modified_time":"2015-04-07T09:00:44+00:00","og_image":[{"url":"https:\/\/www.tecnomovint.com\/wp-content\/uploads\/2014\/12\/PESI.jpg"}],"twitter_card":"summary_large_image","schema":{"@context":"https:\/\/schema.org","@graph":[{"@type":"WebPage","@id":"https:\/\/www.tecnomovint.com\/es\/pesos-de-alquiler\/","url":"https:\/\/www.tecnomovint.com\/es\/pesos-de-alquiler\/","name":"PESOS DE ALQUILER - Tecnomovint","isPartOf":{"@id":"https:\/\/www.tecnomovint.com\/#website"},"primaryImageOfPage":{"@id":"https:\/\/www.tecnomovint.com\/es\/pesos-de-alquiler\/#primaryimage"},"image":{"@id":"https:\/\/www.tecnomovint.com\/es\/pesos-de-alquiler\/#primaryimage"},"thumbnailUrl":"https:\/\/www.tecnomovint.com\/wp-content\/uploads\/2014\/12\/PESI.jpg","datePublished":"2015-04-07T09:00:17+00:00","dateModified":"2015-04-07T09:00:44+00:00","breadcrumb":{"@id":"https:\/\/www.tecnomovint.com\/es\/pesos-de-alquiler\/#breadcrumb"},"inLanguage":"es","potentialAction":[{"@type":"ReadAction","target":["https:\/\/www.tecnomovint.com\/es\/pesos-de-alquiler\/"]}]},{"@type":"ImageObject","inLanguage":"es","@id":"https:\/\/www.tecnomovint.com\/es\/pesos-de-alquiler\/#primaryimage","url":"https:\/\/www.tecnomovint.com\/wp-content\/uploads\/2014\/12\/PESI.jpg","contentUrl":"https:\/\/www.tecnomovint.com\/wp-content\/uploads\/2014\/12\/PESI.jpg"},{"@type":"BreadcrumbList","@id":"https:\/\/www.tecnomovint.com\/es\/pesos-de-alquiler\/#breadcrumb","itemListElement":[{"@type":"ListItem","position":1,"name":"Home","item":"https:\/\/www.tecnomovint.com\/"},{"@type":"ListItem","position":2,"name":"PESOS DE ALQUILER"}]},{"@type":"WebSite","@id":"https:\/\/www.tecnomovint.com\/#website","url":"https:\/\/www.tecnomovint.com\/","name":"Tecnomovint","description":"Lifting solutions","potentialAction":[{"@type":"SearchAction","target":{"@type":"EntryPoint","urlTemplate":"https:\/\/www.tecnomovint.com\/?s={search_term_string}"},"query-input":"required name=search_term_string"}],"inLanguage":"es"}]}},"_links":{"self":[{"href":"https:\/\/www.tecnomovint.com\/es\/wp-json\/wp\/v2\/pages\/2935"}],"collection":[{"href":"https:\/\/www.tecnomovint.com\/es\/wp-json\/wp\/v2\/pages"}],"about":[{"href":"https:\/\/www.tecnomovint.com\/es\/wp-json\/wp\/v2\/types\/page"}],"author":[{"embeddable":true,"href":"https:\/\/www.tecnomovint.com\/es\/wp-json\/wp\/v2\/users\/3"}],"replies":[{"embeddable":true,"href":"https:\/\/www.tecnomovint.com\/es\/wp-json\/wp\/v2\/comments?post=2935"}],"version-history":[{"count":1,"href":"https:\/\/www.tecnomovint.com\/es\/wp-json\/wp\/v2\/pages\/2935\/revisions"}],"predecessor-version":[{"id":2936,"href":"https:\/\/www.tecnomovint.com\/es\/wp-json\/wp\/v2\/pages\/2935\/revisions\/2936"}],"wp:attachment":[{"href":"https:\/\/www.tecnomovint.com\/es\/wp-json\/wp\/v2\/media?parent=2935"}],"curies":[{"name":"wp","href":"https:\/\/api.w.org\/{rel}","templated":true}]}}