{"id":2937,"date":"2015-04-07T11:04:12","date_gmt":"2015-04-07T09:04:12","guid":{"rendered":"http:\/\/www.tecnomovint.com\/?page_id=2937"},"modified":"2015-04-07T11:04:12","modified_gmt":"2015-04-07T09:04:12","slug":"vida-util-restante-de-gruas-de-puente","status":"publish","type":"page","link":"https:\/\/www.tecnomovint.com\/es\/vida-util-restante-de-gruas-de-puente\/","title":{"rendered":"VIDA \u00daTIL RESTANTE DE GRU\u00c1S DE PUENTE"},"content":{"rendered":"<p><img loading=\"lazy\" decoding=\"async\" style=\"float: left; margin-right: 10px;\" src=\"https:\/\/www.tecnomovint.com\/wp-content\/uploads\/2014\/07\/vita-residua-gru-ok-281x300.jpg\" alt=\"vita-residua-gru-ok\" width=\"281\" height=\"300\" \/><span style=\"color: #003366;\"><strong>La estructura de una gr\u00faa, dura m\u00e1s que sus partes.<\/strong><\/span><br \/>\nEst\u00e1 sujeto a <span style=\"color: #003366;\"><strong>CICLOS DE CARGA<\/strong><\/span>, es decir, los fen\u00f3menos de fatiga estructural. Cada gr\u00faa, en su fase de dise\u00f1o, est\u00e1 dise\u00f1ada para soportar un n\u00famero m\u00e1ximo de ciclos de elevaci\u00f3n, adem\u00e1s de que ya no se garantiza el sello. De hecho, con los ciclos de elevaci\u00f3n, pueden surgir en los componentes estructurales de la fatiga. Esto significa que con el tiempo generan peque\u00f1as lesiones en el material, pero que no son visibles a simple vista, que cada ciclo de carga se amplifican, llevando eventualmente a la rotura del componente estructural con todos los da\u00f1os y peligros que pueden originar.<\/p>\n<p>En Italia <span style=\"color: #003366;\"><strong>en el d\u00e9cimo a\u00f1o<\/strong><\/span> despu\u00e9s del lanzamiento del sistema, el fabricante ya no es responsable del producto (D.Lgs n. 206\/2005 Art. 106). Por lo tanto, es necesario recurrir a la evaluaci\u00f3n de la idoneidad de la m\u00e1quina y realizar los <span style=\"color: #003366;\"><strong>C\u00c0LCULOS DEVIDA \u00daTIL RESTANTE<\/strong><\/span>, definiendo, en la clase del proyecto y los ciclos reales, el n\u00famero de ciclos que el sistema de llevamiento todav\u00eda puede cumplir en el esquema de seguridad.<\/p>\n<p>Despu\u00e9s de veinte a\u00f1os a partir de su introducci\u00f3n al mercado de la gr\u00faa, sin embargo, no es suficiente realizar los c\u00e1lculos de la vida \u00fatil restante (como el c\u00e1lculo de d\u00e9cadas), pero hay que llevar a cabo una <span style=\"color: #003366;\"><strong>INVESTIGACI\u00d3N ADICIONAL<\/strong><\/span>, o verificaci\u00f3n como operaciones estructurales para identificar cualquier defecto o mal funcionamiento debido principalmente a los fen\u00f3menos de fatiga estructural.<\/p>\n","protected":false},"excerpt":{"rendered":"<p>La estructura de una gr\u00faa, dura m\u00e1s que sus partes. Est\u00e1 sujeto a CICLOS DE CARGA, es decir, los fen\u00f3menos [&hellip;]<\/p>\n","protected":false},"author":3,"featured_media":0,"parent":0,"menu_order":0,"comment_status":"open","ping_status":"open","template":"","meta":{"footnotes":""},"yoast_head":"<!-- This site is optimized with the Yoast SEO plugin v22.9 - https:\/\/yoast.com\/wordpress\/plugins\/seo\/ -->\n<title>VIDA \u00daTIL RESTANTE DE GRU\u00c1S DE PUENTE - Tecnomovint<\/title>\n<meta name=\"robots\" content=\"index, follow, max-snippet:-1, max-image-preview:large, max-video-preview:-1\" \/>\n<link rel=\"canonical\" href=\"https:\/\/www.tecnomovint.com\/es\/vida-util-restante-de-gruas-de-puente\/\" \/>\n<meta property=\"og:locale\" content=\"es_ES\" \/>\n<meta property=\"og:type\" content=\"article\" \/>\n<meta property=\"og:title\" content=\"VIDA \u00daTIL RESTANTE DE GRU\u00c1S DE PUENTE - Tecnomovint\" \/>\n<meta property=\"og:description\" content=\"La estructura de una gr\u00faa, dura m\u00e1s que sus partes. Est\u00e1 sujeto a CICLOS DE CARGA, es decir, los fen\u00f3menos [&hellip;]\" \/>\n<meta property=\"og:url\" content=\"https:\/\/www.tecnomovint.com\/es\/vida-util-restante-de-gruas-de-puente\/\" \/>\n<meta property=\"og:site_name\" content=\"Tecnomovint\" \/>\n<meta property=\"og:image\" content=\"https:\/\/www.tecnomovint.com\/wp-content\/uploads\/2014\/07\/vita-residua-gru-ok-281x300.jpg\" \/>\n<meta name=\"twitter:card\" content=\"summary_large_image\" \/>\n<meta name=\"twitter:label1\" content=\"Tiempo de lectura\" \/>\n\t<meta name=\"twitter:data1\" content=\"1 minuto\" \/>\n<script type=\"application\/ld+json\" class=\"yoast-schema-graph\">{\"@context\":\"https:\/\/schema.org\",\"@graph\":[{\"@type\":\"WebPage\",\"@id\":\"https:\/\/www.tecnomovint.com\/es\/vida-util-restante-de-gruas-de-puente\/\",\"url\":\"https:\/\/www.tecnomovint.com\/es\/vida-util-restante-de-gruas-de-puente\/\",\"name\":\"VIDA \u00daTIL RESTANTE DE GRU\u00c1S DE PUENTE - Tecnomovint\",\"isPartOf\":{\"@id\":\"https:\/\/www.tecnomovint.com\/#website\"},\"primaryImageOfPage\":{\"@id\":\"https:\/\/www.tecnomovint.com\/es\/vida-util-restante-de-gruas-de-puente\/#primaryimage\"},\"image\":{\"@id\":\"https:\/\/www.tecnomovint.com\/es\/vida-util-restante-de-gruas-de-puente\/#primaryimage\"},\"thumbnailUrl\":\"https:\/\/www.tecnomovint.com\/wp-content\/uploads\/2014\/07\/vita-residua-gru-ok-281x300.jpg\",\"datePublished\":\"2015-04-07T09:04:12+00:00\",\"dateModified\":\"2015-04-07T09:04:12+00:00\",\"breadcrumb\":{\"@id\":\"https:\/\/www.tecnomovint.com\/es\/vida-util-restante-de-gruas-de-puente\/#breadcrumb\"},\"inLanguage\":\"es\",\"potentialAction\":[{\"@type\":\"ReadAction\",\"target\":[\"https:\/\/www.tecnomovint.com\/es\/vida-util-restante-de-gruas-de-puente\/\"]}]},{\"@type\":\"ImageObject\",\"inLanguage\":\"es\",\"@id\":\"https:\/\/www.tecnomovint.com\/es\/vida-util-restante-de-gruas-de-puente\/#primaryimage\",\"url\":\"https:\/\/www.tecnomovint.com\/wp-content\/uploads\/2014\/07\/vita-residua-gru-ok-281x300.jpg\",\"contentUrl\":\"https:\/\/www.tecnomovint.com\/wp-content\/uploads\/2014\/07\/vita-residua-gru-ok-281x300.jpg\"},{\"@type\":\"BreadcrumbList\",\"@id\":\"https:\/\/www.tecnomovint.com\/es\/vida-util-restante-de-gruas-de-puente\/#breadcrumb\",\"itemListElement\":[{\"@type\":\"ListItem\",\"position\":1,\"name\":\"Home\",\"item\":\"https:\/\/www.tecnomovint.com\/\"},{\"@type\":\"ListItem\",\"position\":2,\"name\":\"VIDA \u00daTIL RESTANTE DE GRU\u00c1S DE PUENTE\"}]},{\"@type\":\"WebSite\",\"@id\":\"https:\/\/www.tecnomovint.com\/#website\",\"url\":\"https:\/\/www.tecnomovint.com\/\",\"name\":\"Tecnomovint\",\"description\":\"Lifting solutions\",\"potentialAction\":[{\"@type\":\"SearchAction\",\"target\":{\"@type\":\"EntryPoint\",\"urlTemplate\":\"https:\/\/www.tecnomovint.com\/?s={search_term_string}\"},\"query-input\":\"required name=search_term_string\"}],\"inLanguage\":\"es\"}]}<\/script>\n<!-- \/ Yoast SEO plugin. -->","yoast_head_json":{"title":"VIDA \u00daTIL RESTANTE DE GRU\u00c1S DE PUENTE - Tecnomovint","robots":{"index":"index","follow":"follow","max-snippet":"max-snippet:-1","max-image-preview":"max-image-preview:large","max-video-preview":"max-video-preview:-1"},"canonical":"https:\/\/www.tecnomovint.com\/es\/vida-util-restante-de-gruas-de-puente\/","og_locale":"es_ES","og_type":"article","og_title":"VIDA \u00daTIL RESTANTE DE GRU\u00c1S DE PUENTE - Tecnomovint","og_description":"La estructura de una gr\u00faa, dura m\u00e1s que sus partes. Est\u00e1 sujeto a CICLOS DE CARGA, es decir, los fen\u00f3menos [&hellip;]","og_url":"https:\/\/www.tecnomovint.com\/es\/vida-util-restante-de-gruas-de-puente\/","og_site_name":"Tecnomovint","og_image":[{"url":"https:\/\/www.tecnomovint.com\/wp-content\/uploads\/2014\/07\/vita-residua-gru-ok-281x300.jpg"}],"twitter_card":"summary_large_image","twitter_misc":{"Tiempo de lectura":"1 minuto"},"schema":{"@context":"https:\/\/schema.org","@graph":[{"@type":"WebPage","@id":"https:\/\/www.tecnomovint.com\/es\/vida-util-restante-de-gruas-de-puente\/","url":"https:\/\/www.tecnomovint.com\/es\/vida-util-restante-de-gruas-de-puente\/","name":"VIDA \u00daTIL RESTANTE DE GRU\u00c1S DE PUENTE - Tecnomovint","isPartOf":{"@id":"https:\/\/www.tecnomovint.com\/#website"},"primaryImageOfPage":{"@id":"https:\/\/www.tecnomovint.com\/es\/vida-util-restante-de-gruas-de-puente\/#primaryimage"},"image":{"@id":"https:\/\/www.tecnomovint.com\/es\/vida-util-restante-de-gruas-de-puente\/#primaryimage"},"thumbnailUrl":"https:\/\/www.tecnomovint.com\/wp-content\/uploads\/2014\/07\/vita-residua-gru-ok-281x300.jpg","datePublished":"2015-04-07T09:04:12+00:00","dateModified":"2015-04-07T09:04:12+00:00","breadcrumb":{"@id":"https:\/\/www.tecnomovint.com\/es\/vida-util-restante-de-gruas-de-puente\/#breadcrumb"},"inLanguage":"es","potentialAction":[{"@type":"ReadAction","target":["https:\/\/www.tecnomovint.com\/es\/vida-util-restante-de-gruas-de-puente\/"]}]},{"@type":"ImageObject","inLanguage":"es","@id":"https:\/\/www.tecnomovint.com\/es\/vida-util-restante-de-gruas-de-puente\/#primaryimage","url":"https:\/\/www.tecnomovint.com\/wp-content\/uploads\/2014\/07\/vita-residua-gru-ok-281x300.jpg","contentUrl":"https:\/\/www.tecnomovint.com\/wp-content\/uploads\/2014\/07\/vita-residua-gru-ok-281x300.jpg"},{"@type":"BreadcrumbList","@id":"https:\/\/www.tecnomovint.com\/es\/vida-util-restante-de-gruas-de-puente\/#breadcrumb","itemListElement":[{"@type":"ListItem","position":1,"name":"Home","item":"https:\/\/www.tecnomovint.com\/"},{"@type":"ListItem","position":2,"name":"VIDA \u00daTIL RESTANTE DE GRU\u00c1S DE PUENTE"}]},{"@type":"WebSite","@id":"https:\/\/www.tecnomovint.com\/#website","url":"https:\/\/www.tecnomovint.com\/","name":"Tecnomovint","description":"Lifting solutions","potentialAction":[{"@type":"SearchAction","target":{"@type":"EntryPoint","urlTemplate":"https:\/\/www.tecnomovint.com\/?s={search_term_string}"},"query-input":"required name=search_term_string"}],"inLanguage":"es"}]}},"_links":{"self":[{"href":"https:\/\/www.tecnomovint.com\/es\/wp-json\/wp\/v2\/pages\/2937"}],"collection":[{"href":"https:\/\/www.tecnomovint.com\/es\/wp-json\/wp\/v2\/pages"}],"about":[{"href":"https:\/\/www.tecnomovint.com\/es\/wp-json\/wp\/v2\/types\/page"}],"author":[{"embeddable":true,"href":"https:\/\/www.tecnomovint.com\/es\/wp-json\/wp\/v2\/users\/3"}],"replies":[{"embeddable":true,"href":"https:\/\/www.tecnomovint.com\/es\/wp-json\/wp\/v2\/comments?post=2937"}],"version-history":[{"count":1,"href":"https:\/\/www.tecnomovint.com\/es\/wp-json\/wp\/v2\/pages\/2937\/revisions"}],"predecessor-version":[{"id":2938,"href":"https:\/\/www.tecnomovint.com\/es\/wp-json\/wp\/v2\/pages\/2937\/revisions\/2938"}],"wp:attachment":[{"href":"https:\/\/www.tecnomovint.com\/es\/wp-json\/wp\/v2\/media?parent=2937"}],"curies":[{"name":"wp","href":"https:\/\/api.w.org\/{rel}","templated":true}]}}