{"id":2939,"date":"2015-04-07T11:07:04","date_gmt":"2015-04-07T09:07:04","guid":{"rendered":"http:\/\/www.tecnomovint.com\/?page_id=2939"},"modified":"2015-04-07T11:07:04","modified_gmt":"2015-04-07T09:07:04","slug":"regulaciones","status":"publish","type":"page","link":"https:\/\/www.tecnomovint.com\/es\/regulaciones\/","title":{"rendered":"REGULACIONES"},"content":{"rendered":"<table border=\"0\" width=\"100%\">\n<tbody>\n<tr valign=\"top\">\n<td width=\"25%\"><img loading=\"lazy\" decoding=\"async\" style=\"float: left; margin-right: 10px;\" src=\"https:\/\/www.tecnomovint.com\/wp-content\/uploads\/2014\/07\/direttiva-macchine.jpg\" alt=\"direttiva-macchine\" width=\"149\" height=\"218\" \/><\/td>\n<td width=\"75%\">\n<h4><span style=\"color: #003366;\">DIRECTIVA DE M\u00c0QUINA 2006\/42 \/EC:<\/span><\/h4>\n<p>Tecnomovint se rige por la Directiva M\u00c0QUINA 2006\/42\/EC, base reguladoras para la armonizaci\u00f3n de la salud y esencial de seguridad de las m\u00e1quinas y el respeto por la cual es una garant\u00eda de un alto nivel de protecci\u00f3n de los trabajadores y de los ciudadanos.<\/p>\n<p>Preguntalo por correo:<br \/>\n<a style=\"color: #003366;\" href=\"mailto:nice@tecnomovint.com.\">nice@tecnomovint.com.<\/a><\/td>\n<\/tr>\n<tr valign=\"top\">\n<td height=\"20\"><\/td>\n<td height=\"20\"><\/td>\n<\/tr>\n<tr valign=\"top\">\n<td width=\"25%\"><img loading=\"lazy\" decoding=\"async\" class=\"alignnone size-full wp-image-1751\" src=\"https:\/\/www.tecnomovint.com\/wp-content\/uploads\/2014\/07\/verifiche-impianti-sollevamento1.jpg\" alt=\"verifiche-impianti-sollevamento\" width=\"149\" height=\"188\" srcset=\"https:\/\/www.tecnomovint.com\/wp-content\/uploads\/2014\/07\/verifiche-impianti-sollevamento1.jpg 149w, https:\/\/www.tecnomovint.com\/wp-content\/uploads\/2014\/07\/verifiche-impianti-sollevamento1-19x24.jpg 19w, https:\/\/www.tecnomovint.com\/wp-content\/uploads\/2014\/07\/verifiche-impianti-sollevamento1-28x36.jpg 28w, https:\/\/www.tecnomovint.com\/wp-content\/uploads\/2014\/07\/verifiche-impianti-sollevamento1-38x48.jpg 38w\" sizes=\"(max-width: 149px) 100vw, 149px\" \/><\/td>\n<td width=\"75%\">\n<h4><span style=\"color: #003366;\">CONTROL DE ELEVACI\u00d3N\/TEXTO:<\/span><\/h4>\n<p>P\u00f3ngase en contacto con nosotros para saber c\u00f3mo llevar a cabo las inspecciones, la forma de solicitar la verificaci\u00f3n, el calendario, los procedimientos de operaci\u00f3n, los procedimientos de aplicaci\u00f3n del c\u00e1lculo del vencimiento residual y reconocimiento adicional y los criterios para la certificaci\u00f3n de las entidades p\u00fablicas y privadas autorizadas en el cumplimiento de la DM 11 de abril 2011.<\/p>\n<p>Preguntalo por correo:<br \/>\n<a style=\"color: #003366;\" href=\"mailto:nice@tecnomovint.com.\">nice@tecnomovint.com.<\/a><\/td>\n<\/tr>\n<\/tbody>\n<\/table>\n","protected":false},"excerpt":{"rendered":"<p>DIRECTIVA DE M\u00c0QUINA 2006\/42 \/EC: Tecnomovint se rige por la Directiva M\u00c0QUINA 2006\/42\/EC, base reguladoras para la armonizaci\u00f3n de la [&hellip;]<\/p>\n","protected":false},"author":3,"featured_media":0,"parent":0,"menu_order":0,"comment_status":"open","ping_status":"open","template":"","meta":{"footnotes":""},"yoast_head":"<!-- This site is optimized with the Yoast SEO plugin v22.9 - https:\/\/yoast.com\/wordpress\/plugins\/seo\/ -->\n<title>REGULACIONES - Tecnomovint<\/title>\n<meta name=\"robots\" content=\"index, follow, max-snippet:-1, max-image-preview:large, max-video-preview:-1\" \/>\n<link rel=\"canonical\" href=\"https:\/\/www.tecnomovint.com\/es\/regulaciones\/\" \/>\n<meta property=\"og:locale\" content=\"es_ES\" \/>\n<meta property=\"og:type\" content=\"article\" \/>\n<meta property=\"og:title\" content=\"REGULACIONES - Tecnomovint\" \/>\n<meta property=\"og:description\" content=\"DIRECTIVA DE M\u00c0QUINA 2006\/42 \/EC: Tecnomovint se rige por la Directiva M\u00c0QUINA 2006\/42\/EC, base reguladoras para la armonizaci\u00f3n de la [&hellip;]\" \/>\n<meta property=\"og:url\" content=\"https:\/\/www.tecnomovint.com\/es\/regulaciones\/\" \/>\n<meta property=\"og:site_name\" content=\"Tecnomovint\" \/>\n<meta property=\"og:image\" content=\"https:\/\/www.tecnomovint.com\/wp-content\/uploads\/2014\/07\/direttiva-macchine.jpg\" \/>\n<meta name=\"twitter:card\" content=\"summary_large_image\" \/>\n<meta name=\"twitter:label1\" content=\"Tiempo de lectura\" \/>\n\t<meta name=\"twitter:data1\" content=\"1 minuto\" \/>\n<script type=\"application\/ld+json\" class=\"yoast-schema-graph\">{\"@context\":\"https:\/\/schema.org\",\"@graph\":[{\"@type\":\"WebPage\",\"@id\":\"https:\/\/www.tecnomovint.com\/es\/regulaciones\/\",\"url\":\"https:\/\/www.tecnomovint.com\/es\/regulaciones\/\",\"name\":\"REGULACIONES - Tecnomovint\",\"isPartOf\":{\"@id\":\"https:\/\/www.tecnomovint.com\/#website\"},\"primaryImageOfPage\":{\"@id\":\"https:\/\/www.tecnomovint.com\/es\/regulaciones\/#primaryimage\"},\"image\":{\"@id\":\"https:\/\/www.tecnomovint.com\/es\/regulaciones\/#primaryimage\"},\"thumbnailUrl\":\"https:\/\/www.tecnomovint.com\/wp-content\/uploads\/2014\/07\/direttiva-macchine.jpg\",\"datePublished\":\"2015-04-07T09:07:04+00:00\",\"dateModified\":\"2015-04-07T09:07:04+00:00\",\"breadcrumb\":{\"@id\":\"https:\/\/www.tecnomovint.com\/es\/regulaciones\/#breadcrumb\"},\"inLanguage\":\"es\",\"potentialAction\":[{\"@type\":\"ReadAction\",\"target\":[\"https:\/\/www.tecnomovint.com\/es\/regulaciones\/\"]}]},{\"@type\":\"ImageObject\",\"inLanguage\":\"es\",\"@id\":\"https:\/\/www.tecnomovint.com\/es\/regulaciones\/#primaryimage\",\"url\":\"https:\/\/www.tecnomovint.com\/wp-content\/uploads\/2014\/07\/direttiva-macchine.jpg\",\"contentUrl\":\"https:\/\/www.tecnomovint.com\/wp-content\/uploads\/2014\/07\/direttiva-macchine.jpg\"},{\"@type\":\"BreadcrumbList\",\"@id\":\"https:\/\/www.tecnomovint.com\/es\/regulaciones\/#breadcrumb\",\"itemListElement\":[{\"@type\":\"ListItem\",\"position\":1,\"name\":\"Home\",\"item\":\"https:\/\/www.tecnomovint.com\/\"},{\"@type\":\"ListItem\",\"position\":2,\"name\":\"REGULACIONES\"}]},{\"@type\":\"WebSite\",\"@id\":\"https:\/\/www.tecnomovint.com\/#website\",\"url\":\"https:\/\/www.tecnomovint.com\/\",\"name\":\"Tecnomovint\",\"description\":\"Lifting solutions\",\"potentialAction\":[{\"@type\":\"SearchAction\",\"target\":{\"@type\":\"EntryPoint\",\"urlTemplate\":\"https:\/\/www.tecnomovint.com\/?s={search_term_string}\"},\"query-input\":\"required name=search_term_string\"}],\"inLanguage\":\"es\"}]}<\/script>\n<!-- \/ Yoast SEO plugin. -->","yoast_head_json":{"title":"REGULACIONES - Tecnomovint","robots":{"index":"index","follow":"follow","max-snippet":"max-snippet:-1","max-image-preview":"max-image-preview:large","max-video-preview":"max-video-preview:-1"},"canonical":"https:\/\/www.tecnomovint.com\/es\/regulaciones\/","og_locale":"es_ES","og_type":"article","og_title":"REGULACIONES - Tecnomovint","og_description":"DIRECTIVA DE M\u00c0QUINA 2006\/42 \/EC: Tecnomovint se rige por la Directiva M\u00c0QUINA 2006\/42\/EC, base reguladoras para la armonizaci\u00f3n de la [&hellip;]","og_url":"https:\/\/www.tecnomovint.com\/es\/regulaciones\/","og_site_name":"Tecnomovint","og_image":[{"url":"https:\/\/www.tecnomovint.com\/wp-content\/uploads\/2014\/07\/direttiva-macchine.jpg"}],"twitter_card":"summary_large_image","twitter_misc":{"Tiempo de lectura":"1 minuto"},"schema":{"@context":"https:\/\/schema.org","@graph":[{"@type":"WebPage","@id":"https:\/\/www.tecnomovint.com\/es\/regulaciones\/","url":"https:\/\/www.tecnomovint.com\/es\/regulaciones\/","name":"REGULACIONES - Tecnomovint","isPartOf":{"@id":"https:\/\/www.tecnomovint.com\/#website"},"primaryImageOfPage":{"@id":"https:\/\/www.tecnomovint.com\/es\/regulaciones\/#primaryimage"},"image":{"@id":"https:\/\/www.tecnomovint.com\/es\/regulaciones\/#primaryimage"},"thumbnailUrl":"https:\/\/www.tecnomovint.com\/wp-content\/uploads\/2014\/07\/direttiva-macchine.jpg","datePublished":"2015-04-07T09:07:04+00:00","dateModified":"2015-04-07T09:07:04+00:00","breadcrumb":{"@id":"https:\/\/www.tecnomovint.com\/es\/regulaciones\/#breadcrumb"},"inLanguage":"es","potentialAction":[{"@type":"ReadAction","target":["https:\/\/www.tecnomovint.com\/es\/regulaciones\/"]}]},{"@type":"ImageObject","inLanguage":"es","@id":"https:\/\/www.tecnomovint.com\/es\/regulaciones\/#primaryimage","url":"https:\/\/www.tecnomovint.com\/wp-content\/uploads\/2014\/07\/direttiva-macchine.jpg","contentUrl":"https:\/\/www.tecnomovint.com\/wp-content\/uploads\/2014\/07\/direttiva-macchine.jpg"},{"@type":"BreadcrumbList","@id":"https:\/\/www.tecnomovint.com\/es\/regulaciones\/#breadcrumb","itemListElement":[{"@type":"ListItem","position":1,"name":"Home","item":"https:\/\/www.tecnomovint.com\/"},{"@type":"ListItem","position":2,"name":"REGULACIONES"}]},{"@type":"WebSite","@id":"https:\/\/www.tecnomovint.com\/#website","url":"https:\/\/www.tecnomovint.com\/","name":"Tecnomovint","description":"Lifting solutions","potentialAction":[{"@type":"SearchAction","target":{"@type":"EntryPoint","urlTemplate":"https:\/\/www.tecnomovint.com\/?s={search_term_string}"},"query-input":"required name=search_term_string"}],"inLanguage":"es"}]}},"_links":{"self":[{"href":"https:\/\/www.tecnomovint.com\/es\/wp-json\/wp\/v2\/pages\/2939"}],"collection":[{"href":"https:\/\/www.tecnomovint.com\/es\/wp-json\/wp\/v2\/pages"}],"about":[{"href":"https:\/\/www.tecnomovint.com\/es\/wp-json\/wp\/v2\/types\/page"}],"author":[{"embeddable":true,"href":"https:\/\/www.tecnomovint.com\/es\/wp-json\/wp\/v2\/users\/3"}],"replies":[{"embeddable":true,"href":"https:\/\/www.tecnomovint.com\/es\/wp-json\/wp\/v2\/comments?post=2939"}],"version-history":[{"count":1,"href":"https:\/\/www.tecnomovint.com\/es\/wp-json\/wp\/v2\/pages\/2939\/revisions"}],"predecessor-version":[{"id":2940,"href":"https:\/\/www.tecnomovint.com\/es\/wp-json\/wp\/v2\/pages\/2939\/revisions\/2940"}],"wp:attachment":[{"href":"https:\/\/www.tecnomovint.com\/es\/wp-json\/wp\/v2\/media?parent=2939"}],"curies":[{"name":"wp","href":"https:\/\/api.w.org\/{rel}","templated":true}]}}