{"id":2965,"date":"2015-04-07T11:34:48","date_gmt":"2015-04-07T09:34:48","guid":{"rendered":"http:\/\/www.tecnomovint.com\/?page_id=2965"},"modified":"2016-06-13T11:35:10","modified_gmt":"2016-06-13T09:35:10","slug":"calidad","status":"publish","type":"page","link":"https:\/\/www.tecnomovint.com\/es\/calidad\/","title":{"rendered":"Calidad"},"content":{"rendered":"<p><img loading=\"lazy\" decoding=\"async\" style=\"float: left; margin-right: 10px;\" src=\"https:\/\/www.tecnomovint.com\/wp-content\/uploads\/2014\/07\/Certificato-iqnet-211x300.jpg\" alt=\"Certificato-iqnet\" width=\"211\" height=\"300\" \/><\/p>\n<h4><span style=\"color: #003366;\">CERTIFICAZIONE UNI EN ISO 9001:2008<\/span><\/h4>\n<p>El 24 de julio 2012 el \u00f3rgano RINA certific\u00f3 que el Sistema de Gesti\u00f3n de la Calidad aplicado por TECNOMOVINT S.r.l. cumple con la norma UNI EN ISO 9001: 2008 en el \u00e1mbito de la <span style=\"color: #003366;\"><strong>comercializaci\u00f3n, fabricaci\u00f3n y mantenimiento<\/strong><\/span> de accesorios y aparatos para la elevaci\u00f3n.<\/p>\n","protected":false},"excerpt":{"rendered":"<p>CERTIFICAZIONE UNI EN ISO 9001:2008 El 24 de julio 2012 el \u00f3rgano RINA certific\u00f3 que el Sistema de Gesti\u00f3n de [&hellip;]<\/p>\n","protected":false},"author":3,"featured_media":0,"parent":0,"menu_order":0,"comment_status":"open","ping_status":"open","template":"","meta":{"footnotes":""},"yoast_head":"<!-- This site is optimized with the Yoast SEO plugin v22.9 - https:\/\/yoast.com\/wordpress\/plugins\/seo\/ -->\n<title>Calidad - Tecnomovint<\/title>\n<meta name=\"robots\" content=\"index, follow, max-snippet:-1, max-image-preview:large, max-video-preview:-1\" \/>\n<link rel=\"canonical\" href=\"https:\/\/www.tecnomovint.com\/es\/calidad\/\" \/>\n<meta property=\"og:locale\" content=\"es_ES\" \/>\n<meta property=\"og:type\" content=\"article\" \/>\n<meta property=\"og:title\" content=\"Calidad - Tecnomovint\" \/>\n<meta property=\"og:description\" content=\"CERTIFICAZIONE UNI EN ISO 9001:2008 El 24 de julio 2012 el \u00f3rgano RINA certific\u00f3 que el Sistema de Gesti\u00f3n de [&hellip;]\" \/>\n<meta property=\"og:url\" content=\"https:\/\/www.tecnomovint.com\/es\/calidad\/\" \/>\n<meta property=\"og:site_name\" content=\"Tecnomovint\" \/>\n<meta property=\"article:modified_time\" content=\"2016-06-13T09:35:10+00:00\" \/>\n<meta property=\"og:image\" content=\"https:\/\/www.tecnomovint.com\/wp-content\/uploads\/2014\/07\/Certificato-iqnet-211x300.jpg\" \/>\n<meta name=\"twitter:card\" content=\"summary_large_image\" \/>\n<script type=\"application\/ld+json\" class=\"yoast-schema-graph\">{\"@context\":\"https:\/\/schema.org\",\"@graph\":[{\"@type\":\"WebPage\",\"@id\":\"https:\/\/www.tecnomovint.com\/es\/calidad\/\",\"url\":\"https:\/\/www.tecnomovint.com\/es\/calidad\/\",\"name\":\"Calidad - Tecnomovint\",\"isPartOf\":{\"@id\":\"https:\/\/www.tecnomovint.com\/#website\"},\"primaryImageOfPage\":{\"@id\":\"https:\/\/www.tecnomovint.com\/es\/calidad\/#primaryimage\"},\"image\":{\"@id\":\"https:\/\/www.tecnomovint.com\/es\/calidad\/#primaryimage\"},\"thumbnailUrl\":\"https:\/\/www.tecnomovint.com\/wp-content\/uploads\/2014\/07\/Certificato-iqnet-211x300.jpg\",\"datePublished\":\"2015-04-07T09:34:48+00:00\",\"dateModified\":\"2016-06-13T09:35:10+00:00\",\"breadcrumb\":{\"@id\":\"https:\/\/www.tecnomovint.com\/es\/calidad\/#breadcrumb\"},\"inLanguage\":\"es\",\"potentialAction\":[{\"@type\":\"ReadAction\",\"target\":[\"https:\/\/www.tecnomovint.com\/es\/calidad\/\"]}]},{\"@type\":\"ImageObject\",\"inLanguage\":\"es\",\"@id\":\"https:\/\/www.tecnomovint.com\/es\/calidad\/#primaryimage\",\"url\":\"https:\/\/www.tecnomovint.com\/wp-content\/uploads\/2014\/07\/Certificato-iqnet-211x300.jpg\",\"contentUrl\":\"https:\/\/www.tecnomovint.com\/wp-content\/uploads\/2014\/07\/Certificato-iqnet-211x300.jpg\"},{\"@type\":\"BreadcrumbList\",\"@id\":\"https:\/\/www.tecnomovint.com\/es\/calidad\/#breadcrumb\",\"itemListElement\":[{\"@type\":\"ListItem\",\"position\":1,\"name\":\"Home\",\"item\":\"https:\/\/www.tecnomovint.com\/\"},{\"@type\":\"ListItem\",\"position\":2,\"name\":\"Calidad\"}]},{\"@type\":\"WebSite\",\"@id\":\"https:\/\/www.tecnomovint.com\/#website\",\"url\":\"https:\/\/www.tecnomovint.com\/\",\"name\":\"Tecnomovint\",\"description\":\"Lifting solutions\",\"potentialAction\":[{\"@type\":\"SearchAction\",\"target\":{\"@type\":\"EntryPoint\",\"urlTemplate\":\"https:\/\/www.tecnomovint.com\/?s={search_term_string}\"},\"query-input\":\"required name=search_term_string\"}],\"inLanguage\":\"es\"}]}<\/script>\n<!-- \/ Yoast SEO plugin. -->","yoast_head_json":{"title":"Calidad - Tecnomovint","robots":{"index":"index","follow":"follow","max-snippet":"max-snippet:-1","max-image-preview":"max-image-preview:large","max-video-preview":"max-video-preview:-1"},"canonical":"https:\/\/www.tecnomovint.com\/es\/calidad\/","og_locale":"es_ES","og_type":"article","og_title":"Calidad - Tecnomovint","og_description":"CERTIFICAZIONE UNI EN ISO 9001:2008 El 24 de julio 2012 el \u00f3rgano RINA certific\u00f3 que el Sistema de Gesti\u00f3n de [&hellip;]","og_url":"https:\/\/www.tecnomovint.com\/es\/calidad\/","og_site_name":"Tecnomovint","article_modified_time":"2016-06-13T09:35:10+00:00","og_image":[{"url":"https:\/\/www.tecnomovint.com\/wp-content\/uploads\/2014\/07\/Certificato-iqnet-211x300.jpg"}],"twitter_card":"summary_large_image","schema":{"@context":"https:\/\/schema.org","@graph":[{"@type":"WebPage","@id":"https:\/\/www.tecnomovint.com\/es\/calidad\/","url":"https:\/\/www.tecnomovint.com\/es\/calidad\/","name":"Calidad - Tecnomovint","isPartOf":{"@id":"https:\/\/www.tecnomovint.com\/#website"},"primaryImageOfPage":{"@id":"https:\/\/www.tecnomovint.com\/es\/calidad\/#primaryimage"},"image":{"@id":"https:\/\/www.tecnomovint.com\/es\/calidad\/#primaryimage"},"thumbnailUrl":"https:\/\/www.tecnomovint.com\/wp-content\/uploads\/2014\/07\/Certificato-iqnet-211x300.jpg","datePublished":"2015-04-07T09:34:48+00:00","dateModified":"2016-06-13T09:35:10+00:00","breadcrumb":{"@id":"https:\/\/www.tecnomovint.com\/es\/calidad\/#breadcrumb"},"inLanguage":"es","potentialAction":[{"@type":"ReadAction","target":["https:\/\/www.tecnomovint.com\/es\/calidad\/"]}]},{"@type":"ImageObject","inLanguage":"es","@id":"https:\/\/www.tecnomovint.com\/es\/calidad\/#primaryimage","url":"https:\/\/www.tecnomovint.com\/wp-content\/uploads\/2014\/07\/Certificato-iqnet-211x300.jpg","contentUrl":"https:\/\/www.tecnomovint.com\/wp-content\/uploads\/2014\/07\/Certificato-iqnet-211x300.jpg"},{"@type":"BreadcrumbList","@id":"https:\/\/www.tecnomovint.com\/es\/calidad\/#breadcrumb","itemListElement":[{"@type":"ListItem","position":1,"name":"Home","item":"https:\/\/www.tecnomovint.com\/"},{"@type":"ListItem","position":2,"name":"Calidad"}]},{"@type":"WebSite","@id":"https:\/\/www.tecnomovint.com\/#website","url":"https:\/\/www.tecnomovint.com\/","name":"Tecnomovint","description":"Lifting solutions","potentialAction":[{"@type":"SearchAction","target":{"@type":"EntryPoint","urlTemplate":"https:\/\/www.tecnomovint.com\/?s={search_term_string}"},"query-input":"required name=search_term_string"}],"inLanguage":"es"}]}},"_links":{"self":[{"href":"https:\/\/www.tecnomovint.com\/es\/wp-json\/wp\/v2\/pages\/2965"}],"collection":[{"href":"https:\/\/www.tecnomovint.com\/es\/wp-json\/wp\/v2\/pages"}],"about":[{"href":"https:\/\/www.tecnomovint.com\/es\/wp-json\/wp\/v2\/types\/page"}],"author":[{"embeddable":true,"href":"https:\/\/www.tecnomovint.com\/es\/wp-json\/wp\/v2\/users\/3"}],"replies":[{"embeddable":true,"href":"https:\/\/www.tecnomovint.com\/es\/wp-json\/wp\/v2\/comments?post=2965"}],"version-history":[{"count":3,"href":"https:\/\/www.tecnomovint.com\/es\/wp-json\/wp\/v2\/pages\/2965\/revisions"}],"predecessor-version":[{"id":3134,"href":"https:\/\/www.tecnomovint.com\/es\/wp-json\/wp\/v2\/pages\/2965\/revisions\/3134"}],"wp:attachment":[{"href":"https:\/\/www.tecnomovint.com\/es\/wp-json\/wp\/v2\/media?parent=2965"}],"curies":[{"name":"wp","href":"https:\/\/api.w.org\/{rel}","templated":true}]}}